{"id":1228,"date":"2021-07-19T22:12:46","date_gmt":"2021-07-19T22:12:46","guid":{"rendered":"https:\/\/www.aufildescordes-shibari.fr\/?page_id=1228"},"modified":"2026-03-12T13:03:41","modified_gmt":"2026-03-12T13:03:41","slug":"galerie-des-soirees-a-theme","status":"publish","type":"page","link":"https:\/\/www.aufildescordes-shibari.fr\/?page_id=1228","title":{"rendered":"Galeries des performances"},"content":{"rendered":"<div id='full_slider_1'  class='avia-fullwidth-slider main_color avia-shadow   avia-builder-el-0  el_before_av_section  avia-builder-el-first   container_wrap fullsize'  ><div  class='avia-slideshow av-ky4fuoni-4785d37db6b40349bdb691e060b63c63 avia-slideshow-entry_without_sidebar av_slideshow_full avia-fade-slider av-slideshow-ui av-control-default av-slideshow-autoplay av-loop-endless av-loop-manual-endless av-default-height-applied   avia-slideshow-1' data-slideshow-options=\"{&quot;animation&quot;:&quot;fade&quot;,&quot;autoplay&quot;:true,&quot;loop_autoplay&quot;:&quot;endless&quot;,&quot;interval&quot;:3,&quot;loop_manual&quot;:&quot;manual-endless&quot;,&quot;autoplay_stopper&quot;:false,&quot;noNavigation&quot;:false,&quot;bg_slider&quot;:false,&quot;keep_padding&quot;:false,&quot;hoverpause&quot;:false,&quot;show_slide_delay&quot;:0}\"  itemprop=\"image\" itemscope=\"itemscope\" itemtype=\"https:\/\/schema.org\/ImageObject\" ><ul class='avia-slideshow-inner ' style='padding-bottom: 34.95867768595%;'><li  class='avia-slideshow-slide av-ky4fuoni-4785d37db6b40349bdb691e060b63c63__0  slide-1 slide-odd'><div data-rel='slideshow-1' class='avia-slide-wrap '   ><div class='av-slideshow-caption av-ky4fuoni-4785d37db6b40349bdb691e060b63c63__0 caption_fullwidth caption_bottom caption_bottom_framed caption_framed'><div class=\"container caption_container\"><div class=\"slideshow_caption\"><div class=\"slideshow_inner_caption\"><div class=\"slideshow_align_caption\"><h2 class='avia-caption-title '  itemprop=\"name\" >performance \"la corde et le renard\"<\/h2><\/div><\/div><\/div><\/div><\/div><img decoding=\"async\" fetchpriority=\"high\" class=\"wp-image-3650 avia-img-lazy-loading-not-3650\"  src=\"https:\/\/www.aufildescordes-shibari.fr\/wp-content\/uploads\/2022\/01\/DSC06433eclaircirognesignenbaspect5-1210x423.jpg\" width=\"1210\" height=\"423\" title='DSC06433\u00e9clairci+rogn\u00e9+sign\u00e9+n&amp;baspect5' alt=''  itemprop=\"thumbnailUrl\"   \/><\/div><\/li><li  class='avia-slideshow-slide av-ky4fuoni-4785d37db6b40349bdb691e060b63c63__1  slide-2 slide-even'><div data-rel='slideshow-1' class='avia-slide-wrap '   ><div class='av-slideshow-caption av-ky4fuoni-4785d37db6b40349bdb691e060b63c63__1 caption_fullwidth caption_bottom caption_bottom_framed caption_framed'><div class=\"container caption_container\"><div class=\"slideshow_caption\"><div class=\"slideshow_inner_caption\"><div class=\"slideshow_align_caption\"><h2 class='avia-caption-title '  itemprop=\"name\" >par Eli et Nicolas<\/h2><\/div><\/div><\/div><\/div><\/div><img decoding=\"async\" fetchpriority=\"high\" class=\"wp-image-3655 avia-img-lazy-loading-not-3655\"  src=\"https:\/\/www.aufildescordes-shibari.fr\/wp-content\/uploads\/2022\/01\/DSC06450eclairci.signenbaspect5-1210x423.jpg\" width=\"1210\" height=\"423\" title='DSC06450\u00e9clairci+.sign\u00e9n&amp;baspect5' alt=''  itemprop=\"thumbnailUrl\"   \/><\/div><\/li><li  class='avia-slideshow-slide av-ky4fuoni-4785d37db6b40349bdb691e060b63c63__2  slide-3 slide-odd'><div data-rel='slideshow-1' class='avia-slide-wrap '   ><div class='av-slideshow-caption av-ky4fuoni-4785d37db6b40349bdb691e060b63c63__2 caption_fullwidth caption_bottom caption_bottom_framed caption_framed'><div class=\"container caption_container\"><div class=\"slideshow_caption\"><div class=\"slideshow_inner_caption\"><div class=\"slideshow_align_caption\"><h2 class='avia-caption-title '  itemprop=\"name\" >le 7 octobre 2017<\/h2><\/div><\/div><\/div><\/div><\/div><img decoding=\"async\" fetchpriority=\"high\" class=\"wp-image-3659 avia-img-lazy-loading-not-3659\"  src=\"https:\/\/www.aufildescordes-shibari.fr\/wp-content\/uploads\/2022\/01\/DSC06460eclairci2signenbaspect5-1210x423.jpg\" width=\"1210\" height=\"423\" title='DSC06460\u00e9clairci2+sign\u00e9n&amp;baspect5' alt=''  itemprop=\"thumbnailUrl\"   \/><\/div><\/li><li  class='avia-slideshow-slide av-ky4fuoni-4785d37db6b40349bdb691e060b63c63__3  slide-4 slide-even'><div data-rel='slideshow-1' class='avia-slide-wrap '   ><div class='av-slideshow-caption av-ky4fuoni-4785d37db6b40349bdb691e060b63c63__3 caption_fullwidth caption_bottom caption_bottom_framed caption_framed'><div class=\"container caption_container\"><div class=\"slideshow_caption\"><div class=\"slideshow_inner_caption\"><div class=\"slideshow_align_caption\"><h2 class='avia-caption-title '  itemprop=\"name\" >\u00e0 Cherbourg<\/h2><\/div><\/div><\/div><\/div><\/div><img decoding=\"async\" fetchpriority=\"high\" class=\"wp-image-3670 avia-img-lazy-loading-not-3670\"  src=\"https:\/\/www.aufildescordes-shibari.fr\/wp-content\/uploads\/2022\/01\/DSC06465eclairci2signenbaspect5-1210x423.jpg\" width=\"1210\" height=\"423\" title='DSC06465\u00e9clairci2+sign\u00e9n&amp;baspect5' alt=''  itemprop=\"thumbnailUrl\"   \/><\/div><\/li><li  class='avia-slideshow-slide av-ky4fuoni-4785d37db6b40349bdb691e060b63c63__4  slide-5 slide-odd'><div data-rel='slideshow-1' class='avia-slide-wrap '   ><div class='av-slideshow-caption av-ky4fuoni-4785d37db6b40349bdb691e060b63c63__4 caption_fullwidth caption_bottom caption_bottom_framed caption_framed'><div class=\"container caption_container\"><div class=\"slideshow_caption\"><div class=\"slideshow_inner_caption\"><div class=\"slideshow_align_caption\"><h2 class='avia-caption-title '  itemprop=\"name\" >lors de l\u2019inauguration Au Fil des Cordes Cherbourg<\/h2><\/div><\/div><\/div><\/div><\/div><img decoding=\"async\" fetchpriority=\"high\" class=\"wp-image-3667 avia-img-lazy-loading-not-3667\"  src=\"https:\/\/www.aufildescordes-shibari.fr\/wp-content\/uploads\/2022\/01\/DSC06468eclaircirognesignenbaspect5-1210x423.jpg\" width=\"1210\" height=\"423\" title='DSC06468\u00e9clairci+rogn\u00e9+sign\u00e9n&amp;baspect5' alt=''  itemprop=\"thumbnailUrl\"   \/><\/div><\/li><li  class='avia-slideshow-slide av-ky4fuoni-4785d37db6b40349bdb691e060b63c63__5  slide-6 slide-even'><div data-rel='slideshow-1' class='avia-slide-wrap '   ><div class='av-slideshow-caption av-ky4fuoni-4785d37db6b40349bdb691e060b63c63__5 caption_fullwidth caption_bottom caption_bottom_framed caption_framed'><div class=\"container caption_container\"><div class=\"slideshow_caption\"><div class=\"slideshow_inner_caption\"><div class=\"slideshow_align_caption\"><h2 class='avia-caption-title '  itemprop=\"name\" >performance \"bonne chance !\"<\/h2><\/div><\/div><\/div><\/div><\/div><img decoding=\"async\" fetchpriority=\"high\" class=\"wp-image-3608 avia-img-lazy-loading-not-3608\"  src=\"https:\/\/www.aufildescordes-shibari.fr\/wp-content\/uploads\/2022\/01\/2020-09-12-SNK-8750-1210x423.jpg\" width=\"1210\" height=\"423\" title='2020-09-12-SNK-8750' alt=''  itemprop=\"thumbnailUrl\"   \/><\/div><\/li><li  class='avia-slideshow-slide av-ky4fuoni-4785d37db6b40349bdb691e060b63c63__6  slide-7 slide-odd'><div data-rel='slideshow-1' class='avia-slide-wrap '   ><div class='av-slideshow-caption av-ky4fuoni-4785d37db6b40349bdb691e060b63c63__6 caption_fullwidth caption_bottom caption_bottom_framed caption_framed'><div class=\"container caption_container\"><div class=\"slideshow_caption\"><div class=\"slideshow_inner_caption\"><div class=\"slideshow_align_caption\"><h2 class='avia-caption-title '  itemprop=\"name\" >par Nicolas Arnoys et Z\u00e9ryl<\/h2><\/div><\/div><\/div><\/div><\/div><img decoding=\"async\" fetchpriority=\"high\" class=\"wp-image-3614 avia-img-lazy-loading-not-3614\"  src=\"https:\/\/www.aufildescordes-shibari.fr\/wp-content\/uploads\/2022\/01\/2020-09-12-SNK-8807-1210x423.jpg\" width=\"1210\" height=\"423\" title='2020-09-12-SNK-8807' alt=''  itemprop=\"thumbnailUrl\"   \/><\/div><\/li><li  class='avia-slideshow-slide av-ky4fuoni-4785d37db6b40349bdb691e060b63c63__7  slide-8 slide-even'><div data-rel='slideshow-1' class='avia-slide-wrap '   ><div class='av-slideshow-caption av-ky4fuoni-4785d37db6b40349bdb691e060b63c63__7 caption_fullwidth caption_bottom caption_bottom_framed caption_framed'><div class=\"container caption_container\"><div class=\"slideshow_caption\"><div class=\"slideshow_inner_caption\"><div class=\"slideshow_align_caption\"><h2 class='avia-caption-title '  itemprop=\"name\" >de Belgique<\/h2><\/div><\/div><\/div><\/div><\/div><img decoding=\"async\" fetchpriority=\"high\" class=\"wp-image-3617 avia-img-lazy-loading-not-3617\"  src=\"https:\/\/www.aufildescordes-shibari.fr\/wp-content\/uploads\/2022\/01\/2020-09-12-SNK-9344-1210x423.jpg\" width=\"1210\" height=\"423\" title='2020-09-12-SNK-9344' alt=''  itemprop=\"thumbnailUrl\"   \/><\/div><\/li><li  class='avia-slideshow-slide av-ky4fuoni-4785d37db6b40349bdb691e060b63c63__8  slide-9 slide-odd'><div data-rel='slideshow-1' class='avia-slide-wrap '   ><div class='av-slideshow-caption av-ky4fuoni-4785d37db6b40349bdb691e060b63c63__8 caption_fullwidth caption_bottom caption_bottom_framed caption_framed'><div class=\"container caption_container\"><div class=\"slideshow_caption\"><div class=\"slideshow_inner_caption\"><div class=\"slideshow_align_caption\"><h2 class='avia-caption-title '  itemprop=\"name\" >le 12 septembre 2020<\/h2><\/div><\/div><\/div><\/div><\/div><img decoding=\"async\" fetchpriority=\"high\" class=\"wp-image-3618 avia-img-lazy-loading-not-3618\"  src=\"https:\/\/www.aufildescordes-shibari.fr\/wp-content\/uploads\/2022\/01\/2020-09-12-SNK-9395-1200x423.jpg\" width=\"1200\" height=\"423\" title='2020-09-12-SNK-9395' alt=''  itemprop=\"thumbnailUrl\"   \/><\/div><\/li><li  class='avia-slideshow-slide av-ky4fuoni-4785d37db6b40349bdb691e060b63c63__9  slide-10 slide-even'><div data-rel='slideshow-1' class='avia-slide-wrap '   ><div class='av-slideshow-caption av-ky4fuoni-4785d37db6b40349bdb691e060b63c63__9 caption_fullwidth caption_bottom caption_bottom_framed caption_framed'><div class=\"container caption_container\"><div class=\"slideshow_caption\"><div class=\"slideshow_inner_caption\"><div class=\"slideshow_align_caption\"><h2 class='avia-caption-title '  itemprop=\"name\" >lors du premier anniversaire Au Fil des Cordes Rouen<\/h2><\/div><\/div><\/div><\/div><\/div><img decoding=\"async\" fetchpriority=\"high\" class=\"wp-image-3623 avia-img-lazy-loading-not-3623\"  src=\"https:\/\/www.aufildescordes-shibari.fr\/wp-content\/uploads\/2022\/01\/2020-09-12-SNK-9641-1210x423.jpg\" width=\"1210\" height=\"423\" title='2020-09-12-SNK-9641' alt=''  itemprop=\"thumbnailUrl\"   \/><\/div><\/li><\/ul><div class='avia-slideshow-arrows avia-slideshow-controls' ><a href='#prev' class='prev-slide ' aria-hidden='true' data-av_icon='\ue87c' data-av_iconfont='entypo-fontello'  tabindex='-1'>Pr\u00e9c\u00e9dent<\/a><a href='#next' class='next-slide ' aria-hidden='true' data-av_icon='\ue87d' data-av_iconfont='entypo-fontello'  tabindex='-1'>Suivant<\/a><\/div><div class='avia-slideshow-dots avia-slideshow-controls'><a href='#1' class='goto-slide active' >1<\/a><a href='#2' class='goto-slide ' >2<\/a><a href='#3' class='goto-slide ' >3<\/a><a href='#4' class='goto-slide ' >4<\/a><a href='#5' class='goto-slide ' >5<\/a><a href='#6' class='goto-slide ' >6<\/a><a href='#7' class='goto-slide ' >7<\/a><a href='#8' class='goto-slide ' >8<\/a><a href='#9' class='goto-slide ' >9<\/a><a href='#10' class='goto-slide ' >10<\/a><\/div><\/div><\/div>\n\n<style type=\"text\/css\" data-created_by=\"avia_inline_auto\" id=\"style-css-av-kv96mgtu-f3e9eef254bfba90953e7739559b097b\">\n.avia-section.av-kv96mgtu-f3e9eef254bfba90953e7739559b097b{\nbackground-color:#000000;\nbackground-image:unset;\n}\n<\/style>\n<div id='av_section_1'  class='avia-section av-kv96mgtu-f3e9eef254bfba90953e7739559b097b main_color avia-section-default avia-no-border-styling  avia-builder-el-1  el_after_av_slideshow_full  avia-builder-el-last  avia-bg-style-scroll container_wrap fullsize'  ><div class='container av-section-cont-open' ><div class='template-page content  av-content-full alpha units'><div class='post-entry post-entry-type-page post-entry-1228'><div class='entry-content-wrapper clearfix'>\n\n<style type=\"text\/css\" data-created_by=\"avia_inline_auto\" id=\"style-css-av-ljdftf5j-b0f503b1bd15987eb1d17206b685c8fc\">\n#top .av-special-heading.av-ljdftf5j-b0f503b1bd15987eb1d17206b685c8fc{\npadding-bottom:10px;\ncolor:#ffffff;\n}\nbody .av-special-heading.av-ljdftf5j-b0f503b1bd15987eb1d17206b685c8fc .av-special-heading-tag .heading-char{\nfont-size:25px;\n}\n.av-special-heading.av-ljdftf5j-b0f503b1bd15987eb1d17206b685c8fc .special-heading-inner-border{\nborder-color:#ffffff;\n}\n.av-special-heading.av-ljdftf5j-b0f503b1bd15987eb1d17206b685c8fc .av-subheading{\nfont-size:15px;\n}\n<\/style>\n<div  class='av-special-heading av-ljdftf5j-b0f503b1bd15987eb1d17206b685c8fc av-special-heading-h1 custom-color-heading blockquote elegant-quote elegant-centered  avia-builder-el-2  el_before_av_one_half  avia-builder-el-first '><h1 class='av-special-heading-tag '  itemprop=\"headline\"  ><span class=\"heading-wrap\">Galeries des performances<\/span><\/h1><div class='av_custom_color av-subheading av-subheading_below'><p>Les performances sont des d\u00e9monstrations de cordes men\u00e9es par son \u00e9quipe encadrante ou des personnes intervenantes ext\u00e9rieures.<\/p>\n<\/div><div class=\"special-heading-border\"><div class=\"special-heading-inner-border\"><\/div><\/div><\/div>\n<div class='flex_column_table av-av_one_half-4dc1aa63fa392d8b3c805584ab9072e1 sc-av_one_half av-equal-height-column-flextable'>\n<style type=\"text\/css\" data-created_by=\"avia_inline_auto\" id=\"style-css-av-av_one_half-4dc1aa63fa392d8b3c805584ab9072e1\">\n.flex_column.av-av_one_half-4dc1aa63fa392d8b3c805584ab9072e1{\nborder-radius:0px 0px 0px 0px;\npadding:0px 0px 0px 0px;\n}\n<\/style>\n<div  class='flex_column av-av_one_half-4dc1aa63fa392d8b3c805584ab9072e1 av_one_half  avia-builder-el-3  el_after_av_heading  el_before_av_one_half  first flex_column_table_cell av-equal-height-column av-align-top av-animated-generic pop-up av-zero-column-padding  '     ><style type=\"text\/css\" data-created_by=\"avia_inline_auto\" id=\"style-css-av-mmnh5n4f-e40b793d6b8ea1c5e208872a5df292aa\">\n.iconbox.av-mmnh5n4f-e40b793d6b8ea1c5e208872a5df292aa .iconbox_icon{\nbackground-color:#000000;\nborder:1px solid #ffffff;\ncolor:#ffffff;\n}\n#top #wrap_all .iconbox.av-mmnh5n4f-e40b793d6b8ea1c5e208872a5df292aa .iconbox_content_title{\nfont-size:20px;\ncolor:#000000;\n}\n.iconbox.av-mmnh5n4f-e40b793d6b8ea1c5e208872a5df292aa .iconbox_content_container{\ncolor:#ffffff;\n}\n<\/style>\n<article  class='iconbox iconbox_top av-mmnh5n4f-e40b793d6b8ea1c5e208872a5df292aa  avia-builder-el-4  avia-builder-el-no-sibling  main_color'  itemscope=\"itemscope\" itemtype=\"https:\/\/schema.org\/CreativeWork\" ><div class=\"iconbox_content\"><header class=\"entry-content-header\" aria-label=\"Icon: PERFORMANCE ELI &amp; NICOLAS &quot;LA CORDE ET LE RENARD&quot;\"><div class=\"iconbox_icon heading-color\" aria-hidden='true' data-av_icon='\ue80f' data-av_iconfont='entypo-fontello'><\/div><h3 class='iconbox_content_title '  itemprop=\"headline\" ><a href='https:\/\/www.aufildescordes-shibari.fr\/?page_id=3641' title='PERFORMANCE ELI &amp; NICOLAS &quot;LA CORDE ET LE RENARD&quot;'  >PERFORMANCE ELI & NICOLAS \"LA CORDE ET LE RENARD\"<\/a><\/h3><\/header><div class='iconbox_content_container av_inherit_color'  itemprop=\"text\" ><p><a href=\"https:\/\/www.aufildescordes-shibari.fr\/?page_id=3641\"><img loading=\"lazy\" decoding=\"async\" class=\"alignnone size-medium wp-image-500\" src=\"https:\/\/www.aufildescordes-shibari.fr\/wp-content\/uploads\/2021\/05\/KDSC06446eclaircirogneosignenbaspect5-227x300.jpg\" alt=\"\" width=\"227\" height=\"300\" srcset=\"https:\/\/www.aufildescordes-shibari.fr\/wp-content\/uploads\/2021\/05\/KDSC06446eclaircirogneosignenbaspect5-227x300.jpg 227w, https:\/\/www.aufildescordes-shibari.fr\/wp-content\/uploads\/2021\/05\/KDSC06446eclaircirogneosignenbaspect5-779x1030.jpg 779w, https:\/\/www.aufildescordes-shibari.fr\/wp-content\/uploads\/2021\/05\/KDSC06446eclaircirogneosignenbaspect5-768x1015.jpg 768w, https:\/\/www.aufildescordes-shibari.fr\/wp-content\/uploads\/2021\/05\/KDSC06446eclaircirogneosignenbaspect5-1162x1536.jpg 1162w, https:\/\/www.aufildescordes-shibari.fr\/wp-content\/uploads\/2021\/05\/KDSC06446eclaircirogneosignenbaspect5-1549x2048.jpg 1549w, https:\/\/www.aufildescordes-shibari.fr\/wp-content\/uploads\/2021\/05\/KDSC06446eclaircirogneosignenbaspect5-1135x1500.jpg 1135w, https:\/\/www.aufildescordes-shibari.fr\/wp-content\/uploads\/2021\/05\/KDSC06446eclaircirogneosignenbaspect5-533x705.jpg 533w, https:\/\/www.aufildescordes-shibari.fr\/wp-content\/uploads\/2021\/05\/KDSC06446eclaircirogneosignenbaspect5-scaled.jpg 1937w\" sizes=\"auto, (max-width: 227px) 100vw, 227px\" \/><\/a><\/p>\n<\/div><\/div><footer class=\"entry-footer\"><\/footer><\/article><\/div><div class='av-flex-placeholder'><\/div>\n<style type=\"text\/css\" data-created_by=\"avia_inline_auto\" id=\"style-css-av-av_one_half-0b931d5ba1980fb04865211039aa436b\">\n.flex_column.av-av_one_half-0b931d5ba1980fb04865211039aa436b{\nborder-radius:0px 0px 0px 0px;\npadding:0px 0px 0px 0px;\n}\n<\/style>\n<div  class='flex_column av-av_one_half-0b931d5ba1980fb04865211039aa436b av_one_half  avia-builder-el-5  el_after_av_one_half  el_before_av_font_icon  flex_column_table_cell av-equal-height-column av-align-top av-animated-generic pop-up av-zero-column-padding  '     ><style type=\"text\/css\" data-created_by=\"avia_inline_auto\" id=\"style-css-av-mmnh9w7p-492f2a4f883bec70c6c27fa7f2f69ea9\">\n.iconbox.av-mmnh9w7p-492f2a4f883bec70c6c27fa7f2f69ea9 .iconbox_icon{\nbackground-color:#000000;\nborder:1px solid #ffffff;\ncolor:#ffffff;\n}\n#top #wrap_all .iconbox.av-mmnh9w7p-492f2a4f883bec70c6c27fa7f2f69ea9 .iconbox_content_title{\nfont-size:20px;\ncolor:#000000;\n}\n.iconbox.av-mmnh9w7p-492f2a4f883bec70c6c27fa7f2f69ea9 .iconbox_content_container{\ncolor:#ffffff;\n}\n<\/style>\n<article  class='iconbox iconbox_top av-mmnh9w7p-492f2a4f883bec70c6c27fa7f2f69ea9  avia-builder-el-6  avia-builder-el-no-sibling  main_color'  itemscope=\"itemscope\" itemtype=\"https:\/\/schema.org\/CreativeWork\" ><div class=\"iconbox_content\"><header class=\"entry-content-header\" aria-label=\"Icon: PERFORMANCE NICOLAS ARNOYS &amp; ZERYL\"><div class=\"iconbox_icon heading-color\" aria-hidden='true' data-av_icon='\ue80f' data-av_iconfont='entypo-fontello'><\/div><h3 class='iconbox_content_title '  itemprop=\"headline\" ><a href='https:\/\/www.aufildescordes-shibari.fr\/?page_id=3605' title='PERFORMANCE NICOLAS ARNOYS &amp; ZERYL'  >PERFORMANCE NICOLAS ARNOYS & ZERYL<\/a><\/h3><\/header><div class='iconbox_content_container av_inherit_color'  itemprop=\"text\" ><p><a href=\"https:\/\/www.aufildescordes-shibari.fr\/?page_id=3605\"><img loading=\"lazy\" decoding=\"async\" class=\"size-medium wp-image-3609\" src=\"https:\/\/www.aufildescordes-shibari.fr\/wp-content\/uploads\/2022\/01\/2020-09-12-SNK-8755-200x300.jpg\" alt=\"\" width=\"200\" height=\"300\" srcset=\"https:\/\/www.aufildescordes-shibari.fr\/wp-content\/uploads\/2022\/01\/2020-09-12-SNK-8755-200x300.jpg 200w, https:\/\/www.aufildescordes-shibari.fr\/wp-content\/uploads\/2022\/01\/2020-09-12-SNK-8755-687x1030.jpg 687w, https:\/\/www.aufildescordes-shibari.fr\/wp-content\/uploads\/2022\/01\/2020-09-12-SNK-8755-768x1152.jpg 768w, https:\/\/www.aufildescordes-shibari.fr\/wp-content\/uploads\/2022\/01\/2020-09-12-SNK-8755-470x705.jpg 470w, https:\/\/www.aufildescordes-shibari.fr\/wp-content\/uploads\/2022\/01\/2020-09-12-SNK-8755.jpg 800w\" sizes=\"auto, (max-width: 200px) 100vw, 200px\" \/><\/a><\/p>\n<\/div><\/div><footer class=\"entry-footer\"><\/footer><\/article><\/div><\/div><!--close column table wrapper. Autoclose: 1 -->\n<style type=\"text\/css\" data-created_by=\"avia_inline_auto\" id=\"style-css-av-kv97z7t9-c2a257485ea8a39886bc22402897e2b2\">\n.av_font_icon.av-kv97z7t9-c2a257485ea8a39886bc22402897e2b2{\ncolor:#ffffff;\nborder-color:#ffffff;\n}\n.av_font_icon.av-kv97z7t9-c2a257485ea8a39886bc22402897e2b2 .av-icon-char{\nfont-size:40px;\nline-height:40px;\nwidth:40px;\n}\n<\/style>\n<span  class='av_font_icon av-kv97z7t9-c2a257485ea8a39886bc22402897e2b2 avia_animate_when_visible av-icon-style-border avia-icon-pos-center'><a href='https:\/\/www.aufildescordes-shibari.fr\/?page_id=25'   class='av-icon-char' aria-hidden='false' data-av_icon='\ue831' data-av_iconfont='entypo-fontello' ><\/a><span class='av_icon_caption av-special-font'>Retour aux galeries<\/span><\/span>\n\n","protected":false},"excerpt":{"rendered":"","protected":false},"author":3,"featured_media":0,"parent":0,"menu_order":0,"comment_status":"closed","ping_status":"closed","template":"","meta":{"_price":"","_stock":"","_tribe_ticket_header":"","_tribe_default_ticket_provider":"","_ticket_start_date":"","_ticket_end_date":"","_tribe_ticket_show_description":"","_tribe_ticket_show_not_going":false,"_tribe_ticket_use_global_stock":"","_tribe_ticket_global_stock_level":"","_global_stock_mode":"","_global_stock_cap":"","_tribe_rsvp_for_event":"","_tribe_ticket_going_count":"","_tribe_ticket_not_going_count":"","_tribe_tickets_list":"[]","_tribe_ticket_has_attendee_info_fields":false,"footnotes":"","_tec_slr_enabled":"","_tec_slr_layout":""},"class_list":["post-1228","page","type-page","status-publish","hentry"],"ticketed":false,"_links":{"self":[{"href":"https:\/\/www.aufildescordes-shibari.fr\/index.php?rest_route=\/wp\/v2\/pages\/1228","targetHints":{"allow":["GET"]}}],"collection":[{"href":"https:\/\/www.aufildescordes-shibari.fr\/index.php?rest_route=\/wp\/v2\/pages"}],"about":[{"href":"https:\/\/www.aufildescordes-shibari.fr\/index.php?rest_route=\/wp\/v2\/types\/page"}],"author":[{"embeddable":true,"href":"https:\/\/www.aufildescordes-shibari.fr\/index.php?rest_route=\/wp\/v2\/users\/3"}],"replies":[{"embeddable":true,"href":"https:\/\/www.aufildescordes-shibari.fr\/index.php?rest_route=%2Fwp%2Fv2%2Fcomments&post=1228"}],"version-history":[{"count":74,"href":"https:\/\/www.aufildescordes-shibari.fr\/index.php?rest_route=\/wp\/v2\/pages\/1228\/revisions"}],"predecessor-version":[{"id":8818,"href":"https:\/\/www.aufildescordes-shibari.fr\/index.php?rest_route=\/wp\/v2\/pages\/1228\/revisions\/8818"}],"wp:attachment":[{"href":"https:\/\/www.aufildescordes-shibari.fr\/index.php?rest_route=%2Fwp%2Fv2%2Fmedia&parent=1228"}],"curies":[{"name":"wp","href":"https:\/\/api.w.org\/{rel}","templated":true}]}}