{"id":1575,"date":"2021-10-18T20:24:53","date_gmt":"2021-10-18T20:24:53","guid":{"rendered":"https:\/\/www.aufildescordes-shibari.fr\/?page_id=1575"},"modified":"2025-04-24T23:41:43","modified_gmt":"2025-04-24T23:41:43","slug":"ou-prend-source-au-fil-des-cordes","status":"publish","type":"page","link":"https:\/\/www.aufildescordes-shibari.fr\/?page_id=1575","title":{"rendered":"Quels lieux associatifs ?"},"content":{"rendered":"\n<style type=\"text\/css\" data-created_by=\"avia_inline_auto\" id=\"style-css-av-kv97z7t9-5572a2c0c496ec9f49d9cecb20e431cf\">\n.av_font_icon.av-kv97z7t9-5572a2c0c496ec9f49d9cecb20e431cf{\ncolor:#878787;\nborder-color:#878787;\n}\n.av_font_icon.av-kv97z7t9-5572a2c0c496ec9f49d9cecb20e431cf .av-icon-char{\nfont-size:40px;\nline-height:40px;\n}\n<\/style>\n<span  class='av_font_icon av-kv97z7t9-5572a2c0c496ec9f49d9cecb20e431cf avia_animate_when_visible av-icon-style- avia-icon-pos-center avia-icon-animate'><a href='https:\/\/www.aufildescordes-shibari.fr\/?page_id=1264'   class='av-icon-char' aria-hidden='false' data-av_icon='\ue830' data-av_iconfont='entypo-fontello' data-avia-icon-tooltip=\"&lt;br \/&gt;\nRetour \u00e0 l&amp;rsquo;onglet association&lt;br \/&gt;\n\"><\/a><\/span>\n\n<style type=\"text\/css\" data-created_by=\"avia_inline_auto\" id=\"style-css-av-3w3raf-a2c780c4565661b18568199448e2d48b\">\n#top .av-special-heading.av-3w3raf-a2c780c4565661b18568199448e2d48b{\npadding-bottom:10px;\ncolor:#000000;\n}\nbody .av-special-heading.av-3w3raf-a2c780c4565661b18568199448e2d48b .av-special-heading-tag .heading-char{\nfont-size:25px;\n}\n.av-special-heading.av-3w3raf-a2c780c4565661b18568199448e2d48b .special-heading-inner-border{\nborder-color:#000000;\n}\n.av-special-heading.av-3w3raf-a2c780c4565661b18568199448e2d48b .av-subheading{\nfont-size:15px;\n}\n<\/style>\n<div  class='av-special-heading av-3w3raf-a2c780c4565661b18568199448e2d48b av-special-heading-h1 custom-color-heading blockquote elegant-quote elegant-centered  avia-builder-el-1  el_after_av_font_icon  el_before_av_two_fifth '><h1 class='av-special-heading-tag '  itemprop=\"headline\"  ><span class=\"heading-wrap\">QUELS LIEUX ASSOCIATIFS ?<\/span><\/h1><div class=\"special-heading-border\"><div class=\"special-heading-inner-border\"><\/div><\/div><\/div>\n<div class='flex_column_table av-22cuyf-f3d87b6fdef2609710ce6182190a703b sc-av_two_fifth av-equal-height-column-flextable'>\n<style type=\"text\/css\" data-created_by=\"avia_inline_auto\" id=\"style-css-av-22cuyf-f3d87b6fdef2609710ce6182190a703b\">\n.flex_column.av-22cuyf-f3d87b6fdef2609710ce6182190a703b{\nborder-radius:0px 0px 0px 0px;\npadding:0px 0px 0px 0px;\n}\n<\/style>\n<div  class='flex_column av-22cuyf-f3d87b6fdef2609710ce6182190a703b av_two_fifth  avia-builder-el-2  el_after_av_heading  el_before_av_three_fifth  first no_margin flex_column_table_cell av-equal-height-column av-align-middle av-animated-generic pop-up av-zero-column-padding  '     ><section  class='av_textblock_section av-lmi4k71t-9066079a0f88dc4b2d564d0864f817e5 '   itemscope=\"itemscope\" itemtype=\"https:\/\/schema.org\/CreativeWork\" ><div class='avia_textblock'  itemprop=\"text\" ><p><img loading=\"lazy\" decoding=\"async\" class=\"alignnone size-medium wp-image-6271\" src=\"https:\/\/www.aufildescordes-shibari.fr\/wp-content\/uploads\/2023\/09\/essai1sans-texte-1-300x213.png\" alt=\"\" width=\"300\" height=\"213\" srcset=\"https:\/\/www.aufildescordes-shibari.fr\/wp-content\/uploads\/2023\/09\/essai1sans-texte-1-300x213.png 300w, https:\/\/www.aufildescordes-shibari.fr\/wp-content\/uploads\/2023\/09\/essai1sans-texte-1-1030x731.png 1030w, https:\/\/www.aufildescordes-shibari.fr\/wp-content\/uploads\/2023\/09\/essai1sans-texte-1-768x545.png 768w, https:\/\/www.aufildescordes-shibari.fr\/wp-content\/uploads\/2023\/09\/essai1sans-texte-1-1536x1090.png 1536w, https:\/\/www.aufildescordes-shibari.fr\/wp-content\/uploads\/2023\/09\/essai1sans-texte-1-1500x1065.png 1500w, https:\/\/www.aufildescordes-shibari.fr\/wp-content\/uploads\/2023\/09\/essai1sans-texte-1-260x185.png 260w, https:\/\/www.aufildescordes-shibari.fr\/wp-content\/uploads\/2023\/09\/essai1sans-texte-1-705x500.png 705w, https:\/\/www.aufildescordes-shibari.fr\/wp-content\/uploads\/2023\/09\/essai1sans-texte-1.png 1920w\" sizes=\"auto, (max-width: 300px) 100vw, 300px\" \/><\/p>\n<\/div><\/section><\/div>\n\n<style type=\"text\/css\" data-created_by=\"avia_inline_auto\" id=\"style-css-av-3onmif-d7c772e289293351a69facb3e5cbfddb\">\n.flex_column.av-3onmif-d7c772e289293351a69facb3e5cbfddb{\nborder-radius:0px 0px 0px 0px;\npadding:0px 0px 0px 0px;\n}\n<\/style>\n<div  class='flex_column av-3onmif-d7c772e289293351a69facb3e5cbfddb av_three_fifth  avia-builder-el-4  el_after_av_two_fifth  el_before_av_two_fifth  no_margin flex_column_table_cell av-equal-height-column av-align-middle av-zero-column-padding  '     ><section  class='av_textblock_section av-lmi4ju7u-96a56b4461e1ee1ac2202821b7ff2a76 '   itemscope=\"itemscope\" itemtype=\"https:\/\/schema.org\/CreativeWork\" ><div class='avia_textblock'  itemprop=\"text\" ><blockquote>\n<h2>CHERBOURG<\/h2>\n<p>Depuis septembre 2017, dans le Cotentin en Normandie, \u00e0 2 kms de la gare de Cherbourg, sur le site d\u2019une ancienne source d\u2019eau centenaire, le premier lieu de cordes s\u2019est construit au fil de l\u2019eau&#8230;<\/p>\n<p>Le loft de Cherbourg se compose d\u2019un espace privil\u00e9gi\u00e9 de 75m2 d\u00e9di\u00e9 aux cordes et \u00e9quip\u00e9 pour cet art, auquel s\u2019ajoute un vestiaire, une cuisine \u00e9quip\u00e9e, des sanitaires et une cour ext\u00e9rieure en lisi\u00e8re de for\u00eat.<\/p>\n<\/blockquote>\n<\/div><\/section><\/div><\/div><!--close column table wrapper. Autoclose: 1 -->\n<div class='flex_column_table av-22cuyf-f3d87b6fdef2609710ce6182190a703b sc-av_two_fifth av-equal-height-column-flextable'>\n<style type=\"text\/css\" data-created_by=\"avia_inline_auto\" id=\"style-css-av-22cuyf-f3d87b6fdef2609710ce6182190a703b\">\n.flex_column.av-22cuyf-f3d87b6fdef2609710ce6182190a703b{\nborder-radius:0px 0px 0px 0px;\npadding:0px 0px 0px 0px;\n}\n<\/style>\n<div  class='flex_column av-22cuyf-f3d87b6fdef2609710ce6182190a703b av_two_fifth  avia-builder-el-6  el_after_av_three_fifth  el_before_av_three_fifth  first no_margin flex_column_table_cell av-equal-height-column av-align-middle av-animated-generic pop-up av-zero-column-padding  '     ><section  class='av_textblock_section av-lmi4k71t-9066079a0f88dc4b2d564d0864f817e5 '   itemscope=\"itemscope\" itemtype=\"https:\/\/schema.org\/CreativeWork\" ><div class='avia_textblock'  itemprop=\"text\" ><p><img loading=\"lazy\" decoding=\"async\" class=\"alignnone wp-image-6460 size-portfolio\" src=\"https:\/\/www.aufildescordes-shibari.fr\/wp-content\/uploads\/2023\/10\/384528928_296471963142584_8580138316084024690saturfluonegatif-495x400.jpg\" alt=\"\" width=\"495\" height=\"400\" srcset=\"https:\/\/www.aufildescordes-shibari.fr\/wp-content\/uploads\/2023\/10\/384528928_296471963142584_8580138316084024690saturfluonegatif-495x400.jpg 495w, https:\/\/www.aufildescordes-shibari.fr\/wp-content\/uploads\/2023\/10\/384528928_296471963142584_8580138316084024690saturfluonegatif-845x684.jpg 845w\" sizes=\"auto, (max-width: 495px) 100vw, 495px\" \/><\/p>\n<\/div><\/section><\/div>\n\n<style type=\"text\/css\" data-created_by=\"avia_inline_auto\" id=\"style-css-av-3onmif-0d9b738c150b759bf167d5daf7fbea5d\">\n.flex_column.av-3onmif-0d9b738c150b759bf167d5daf7fbea5d{\nborder-radius:0px 0px 0px 0px;\npadding:0px 0px 0px 0px;\n}\n<\/style>\n<div  class='flex_column av-3onmif-0d9b738c150b759bf167d5daf7fbea5d av_three_fifth  avia-builder-el-8  el_after_av_two_fifth  el_before_av_two_fifth  no_margin flex_column_table_cell av-equal-height-column av-align-middle av-zero-column-padding  '     ><section  class='av_textblock_section av-lmi4ju7u-96a56b4461e1ee1ac2202821b7ff2a76 '   itemscope=\"itemscope\" itemtype=\"https:\/\/schema.org\/CreativeWork\" ><div class='avia_textblock'  itemprop=\"text\" ><blockquote>\n<h2>CAEN<\/h2>\n<p>Depuis septembre 2023, dans le Calvados en Normandie, \u00e0 2,5 kms de la gare de Caen, dans une r\u00e9sidence d\u2019un quartier moderne, une antenne associative se construit au fil de l\u2019Orne&#8230;<\/p>\n<p>L\u2019antenne-appartement se compose d\u2019un espace de pratique de cordes et de convivialit\u00e9 \u00e9quip\u00e9 pour cet art, d\u2019une cuisine \u00e9quip\u00e9e si besoin, de sanitaires et d&rsquo;un balcon avec vue d\u00e9gag\u00e9e.<\/p>\n<\/blockquote>\n<\/div><\/section><\/div><\/div><!--close column table wrapper. Autoclose: 1 -->\n<div class='flex_column_table av-22cuyf-f3d87b6fdef2609710ce6182190a703b sc-av_two_fifth av-equal-height-column-flextable'>\n<style type=\"text\/css\" data-created_by=\"avia_inline_auto\" id=\"style-css-av-22cuyf-f3d87b6fdef2609710ce6182190a703b\">\n.flex_column.av-22cuyf-f3d87b6fdef2609710ce6182190a703b{\nborder-radius:0px 0px 0px 0px;\npadding:0px 0px 0px 0px;\n}\n<\/style>\n<div  class='flex_column av-22cuyf-f3d87b6fdef2609710ce6182190a703b av_two_fifth  avia-builder-el-10  el_after_av_three_fifth  el_before_av_three_fifth  first no_margin flex_column_table_cell av-equal-height-column av-align-middle av-animated-generic pop-up av-zero-column-padding  '     ><section  class='av_textblock_section av-lmi4k71t-9066079a0f88dc4b2d564d0864f817e5 '   itemscope=\"itemscope\" itemtype=\"https:\/\/schema.org\/CreativeWork\" ><div class='avia_textblock'  itemprop=\"text\" ><p><img loading=\"lazy\" decoding=\"async\" class=\"alignnone size-medium wp-image-6278\" src=\"https:\/\/www.aufildescordes-shibari.fr\/wp-content\/uploads\/2023\/09\/IMG_5137aessai-structure0-300x225.jpg\" alt=\"\" width=\"300\" height=\"225\" srcset=\"https:\/\/www.aufildescordes-shibari.fr\/wp-content\/uploads\/2023\/09\/IMG_5137aessai-structure0-300x225.jpg 300w, https:\/\/www.aufildescordes-shibari.fr\/wp-content\/uploads\/2023\/09\/IMG_5137aessai-structure0-1030x773.jpg 1030w, https:\/\/www.aufildescordes-shibari.fr\/wp-content\/uploads\/2023\/09\/IMG_5137aessai-structure0-768x576.jpg 768w, https:\/\/www.aufildescordes-shibari.fr\/wp-content\/uploads\/2023\/09\/IMG_5137aessai-structure0-1536x1152.jpg 1536w, https:\/\/www.aufildescordes-shibari.fr\/wp-content\/uploads\/2023\/09\/IMG_5137aessai-structure0-2048x1536.jpg 2048w, https:\/\/www.aufildescordes-shibari.fr\/wp-content\/uploads\/2023\/09\/IMG_5137aessai-structure0-1500x1125.jpg 1500w, https:\/\/www.aufildescordes-shibari.fr\/wp-content\/uploads\/2023\/09\/IMG_5137aessai-structure0-705x529.jpg 705w\" sizes=\"auto, (max-width: 300px) 100vw, 300px\" \/><\/p>\n<\/div><\/section><\/div>\n\n<style type=\"text\/css\" data-created_by=\"avia_inline_auto\" id=\"style-css-av-3onmif-0d9b738c150b759bf167d5daf7fbea5d\">\n.flex_column.av-3onmif-0d9b738c150b759bf167d5daf7fbea5d{\nborder-radius:0px 0px 0px 0px;\npadding:0px 0px 0px 0px;\n}\n<\/style>\n<div  class='flex_column av-3onmif-0d9b738c150b759bf167d5daf7fbea5d av_three_fifth  avia-builder-el-12  el_after_av_two_fifth  el_before_av_slideshow_full  avia-builder-el-last  no_margin flex_column_table_cell av-equal-height-column av-align-middle av-zero-column-padding  '     ><section  class='av_textblock_section av-lmi4ju7u-96a56b4461e1ee1ac2202821b7ff2a76 '   itemscope=\"itemscope\" itemtype=\"https:\/\/schema.org\/CreativeWork\" ><div class='avia_textblock'  itemprop=\"text\" ><blockquote>\n<h2>ROUEN<\/h2>\n<p>Depuis septembre 2019, en Seine-Maritime en Normandie, \u00e0 moins de 3 kms de la Place Saint-Marc de Rouen, dans une maison sur pilotis sur le plateau Est, un second lieu de cordes de l\u2019association se construit au fil de la Seine&#8230;<\/p>\n<p>La maison-loft de Rouen se compose d\u2019un espace avec vue de 45m2 d\u00e9di\u00e9 aux cordes et \u00e9quip\u00e9 pour cet art, auquel s\u2019ajoute un vestiaire, une cuisine \u00e9quip\u00e9e, des sanitaires et une terrasse de 40m2 avec vue plongeante.<\/p>\n<\/blockquote>\n<\/div><\/section><\/div><\/div><!--close column table wrapper. Autoclose: 1 -->\n<\/div><\/div><\/div><!-- close content main div --><\/div><\/div><div id='full_slider_1'  class='avia-fullwidth-slider main_color avia-shadow   avia-builder-el-14  el_after_av_three_fifth  el_before_av_section   slider-not-first container_wrap fullsize'  ><div  class='avia-slideshow av-ljesx59p-fec7232c86b8ab8c87979fb723d53761 avia-slideshow-no scaling av_slideshow_full avia-slide-slider av-slideshow-ui av-control-default av-slideshow-manual av-loop-once av-loop-manual-endless av-default-height-applied  image_no_stretch avia-slideshow-1' data-slideshow-options=\"{&quot;animation&quot;:&quot;slide&quot;,&quot;autoplay&quot;:false,&quot;loop_autoplay&quot;:&quot;once&quot;,&quot;interval&quot;:5,&quot;loop_manual&quot;:&quot;manual-endless&quot;,&quot;autoplay_stopper&quot;:false,&quot;noNavigation&quot;:false,&quot;bg_slider&quot;:false,&quot;keep_padding&quot;:false,&quot;hoverpause&quot;:false,&quot;show_slide_delay&quot;:0}\"  itemprop=\"image\" itemscope=\"itemscope\" itemtype=\"https:\/\/schema.org\/ImageObject\" ><ul class='avia-slideshow-inner ' style='padding-bottom: 133.24937027708%;'><li  class='avia-slideshow-slide av-ljesx59p-fec7232c86b8ab8c87979fb723d53761__0  av-single-slide slide-1 slide-odd'><div data-rel='slideshow-1' class='avia-slide-wrap '   ><img decoding=\"async\" fetchpriority=\"high\" class=\"wp-image-6963 avia-img-lazy-loading-not-6963\"  src=\"https:\/\/www.aufildescordes-shibari.fr\/wp-content\/uploads\/2024\/01\/7-le-tour-des-equipements-31.01.24-contour-format-JPEG.jpg\" width=\"794\" height=\"1058\" title='7- le tour des \u00e9quipements 31.01.24 (contour) (format JPEG)' alt=''  itemprop=\"thumbnailUrl\" srcset=\"https:\/\/www.aufildescordes-shibari.fr\/wp-content\/uploads\/2024\/01\/7-le-tour-des-equipements-31.01.24-contour-format-JPEG.jpg 794w, https:\/\/www.aufildescordes-shibari.fr\/wp-content\/uploads\/2024\/01\/7-le-tour-des-equipements-31.01.24-contour-format-JPEG-225x300.jpg 225w, https:\/\/www.aufildescordes-shibari.fr\/wp-content\/uploads\/2024\/01\/7-le-tour-des-equipements-31.01.24-contour-format-JPEG-773x1030.jpg 773w, https:\/\/www.aufildescordes-shibari.fr\/wp-content\/uploads\/2024\/01\/7-le-tour-des-equipements-31.01.24-contour-format-JPEG-768x1023.jpg 768w, https:\/\/www.aufildescordes-shibari.fr\/wp-content\/uploads\/2024\/01\/7-le-tour-des-equipements-31.01.24-contour-format-JPEG-529x705.jpg 529w\" sizes=\"(max-width: 794px) 100vw, 794px\" \/><\/div><\/li><\/ul><\/div><\/div>\n\n<style type=\"text\/css\" data-created_by=\"avia_inline_auto\" id=\"style-css-av-lnk1qj2v-c0740cf9d174295d59bdfb7c43c27552\">\n.avia-section.av-lnk1qj2v-c0740cf9d174295d59bdfb7c43c27552{\nbackground-color:#000000;\nbackground-image:unset;\n}\n<\/style>\n<div id='av_section_1'  class='avia-section av-lnk1qj2v-c0740cf9d174295d59bdfb7c43c27552 main_color avia-section-default avia-no-border-styling  avia-builder-el-15  el_after_av_slideshow_full  el_before_av_slideshow_full  avia-bg-style-scroll container_wrap fullsize'  ><div class='container av-section-cont-open' ><div class='template-page content  av-content-full alpha units'><div class='post-entry post-entry-type-page post-entry-1575'><div class='entry-content-wrapper clearfix'>\n<div class='flex_column_table av-lnk1oosi-bb9f39995ab7b582d589afa7c0e7fb9f sc-av_one_half av-equal-height-column-flextable'>\n<style type=\"text\/css\" data-created_by=\"avia_inline_auto\" id=\"style-css-av-lnk1oosi-bb9f39995ab7b582d589afa7c0e7fb9f\">\n.flex_column.av-lnk1oosi-bb9f39995ab7b582d589afa7c0e7fb9f{\nborder-radius:0px 0px 0px 0px;\npadding:0px 0px 0px 0px;\n}\n<\/style>\n<div  class='flex_column av-lnk1oosi-bb9f39995ab7b582d589afa7c0e7fb9f av_one_half  avia-builder-el-16  el_before_av_one_half  avia-builder-el-first  first flex_column_table_cell av-equal-height-column av-align-middle av-zero-column-padding  '     ><section  class='av_textblock_section av-lnk1nqr4-2ce30462e44b19c98f23b0a2b5dc2f55 '   itemscope=\"itemscope\" itemtype=\"https:\/\/schema.org\/CreativeWork\" ><div class='avia_textblock'  itemprop=\"text\" ><p style=\"text-align: center;\"><img loading=\"lazy\" decoding=\"async\" class=\"alignnone size-medium wp-image-6901 alignright\" src=\"https:\/\/www.aufildescordes-shibari.fr\/wp-content\/uploads\/2023\/10\/Galerie-signe-300x214.jpg\" alt=\"\" width=\"300\" height=\"214\" srcset=\"https:\/\/www.aufildescordes-shibari.fr\/wp-content\/uploads\/2023\/10\/Galerie-signe-300x214.jpg 300w, https:\/\/www.aufildescordes-shibari.fr\/wp-content\/uploads\/2023\/10\/Galerie-signe-1030x733.jpg 1030w, https:\/\/www.aufildescordes-shibari.fr\/wp-content\/uploads\/2023\/10\/Galerie-signe-768x547.jpg 768w, https:\/\/www.aufildescordes-shibari.fr\/wp-content\/uploads\/2023\/10\/Galerie-signe-1536x1093.jpg 1536w, https:\/\/www.aufildescordes-shibari.fr\/wp-content\/uploads\/2023\/10\/Galerie-signe-2048x1458.jpg 2048w, https:\/\/www.aufildescordes-shibari.fr\/wp-content\/uploads\/2023\/10\/Galerie-signe-1500x1068.jpg 1500w, https:\/\/www.aufildescordes-shibari.fr\/wp-content\/uploads\/2023\/10\/Galerie-signe-260x185.jpg 260w, https:\/\/www.aufildescordes-shibari.fr\/wp-content\/uploads\/2023\/10\/Galerie-signe-705x502.jpg 705w\" sizes=\"auto, (max-width: 300px) 100vw, 300px\" \/><\/p>\n<\/div><\/section><\/div><div class='av-flex-placeholder'><\/div>\n<style type=\"text\/css\" data-created_by=\"avia_inline_auto\" id=\"style-css-av-3luo93-e494a9f90adf75c4f4dbc12393b40b1c\">\n.flex_column.av-3luo93-e494a9f90adf75c4f4dbc12393b40b1c{\nborder-radius:0px 0px 0px 0px;\npadding:0px 0px 0px 0px;\n}\n<\/style>\n<div  class='flex_column av-3luo93-e494a9f90adf75c4f4dbc12393b40b1c av_one_half  avia-builder-el-18  el_after_av_one_half  avia-builder-el-last  flex_column_table_cell av-equal-height-column av-align-middle av-zero-column-padding  '     ><style type=\"text\/css\" data-created_by=\"avia_inline_auto\" id=\"style-css-av-kv95600f-2c46c93dad34a25ef7e1e3cb92fadef7\">\n.av_font_icon.av-kv95600f-2c46c93dad34a25ef7e1e3cb92fadef7{\ncolor:#ffffff;\nborder-color:#ffffff;\n}\n.av_font_icon.av-kv95600f-2c46c93dad34a25ef7e1e3cb92fadef7 .av-icon-char{\nfont-size:40px;\nline-height:40px;\nwidth:40px;\n}\n<\/style>\n<span  class='av_font_icon av-kv95600f-2c46c93dad34a25ef7e1e3cb92fadef7 avia_animate_when_visible av-icon-style-border avia-icon-pos-left avia-icon-animate'><a href='https:\/\/www.aufildescordes-shibari.fr\/?page_id=1269'   class='av-icon-char' aria-hidden='false' data-av_icon='\ue80f' data-av_iconfont='entypo-fontello' ><\/a><span class='av_icon_caption av-special-font'>Galeries des lieux<\/span><\/span><\/div><\/div><!--close column table wrapper. Autoclose: 1 -->\n\n<\/div><\/div><\/div><!-- close content main div --><\/div><\/div><div id='full_slider_2'  class='avia-fullwidth-slider main_color avia-shadow   avia-builder-el-20  el_after_av_section  el_before_av_font_icon   slider-not-first container_wrap fullsize'  ><div  class='avia-slideshow av-l116yvki-2ab7f3ede41f37c0cc5563b1b2483e56 avia-slideshow-no scaling av_slideshow_full avia-slide-slider av-slideshow-ui av-control-default av-slideshow-manual av-loop-once av-loop-manual-endless av-default-height-applied  image_no_stretch avia-slideshow-2' data-slideshow-options=\"{&quot;animation&quot;:&quot;slide&quot;,&quot;autoplay&quot;:false,&quot;loop_autoplay&quot;:&quot;once&quot;,&quot;interval&quot;:5,&quot;loop_manual&quot;:&quot;manual-endless&quot;,&quot;autoplay_stopper&quot;:false,&quot;noNavigation&quot;:false,&quot;bg_slider&quot;:false,&quot;keep_padding&quot;:false,&quot;hoverpause&quot;:false,&quot;show_slide_delay&quot;:0}\"  itemprop=\"image\" itemscope=\"itemscope\" itemtype=\"https:\/\/schema.org\/ImageObject\" ><ul class='avia-slideshow-inner ' style='padding-bottom: 133.24937027708%;'><li  class='avia-slideshow-slide av-l116yvki-2ab7f3ede41f37c0cc5563b1b2483e56__0  av-single-slide slide-1 slide-odd'><div data-rel='slideshow-2' class='avia-slide-wrap '   ><img decoding=\"async\" fetchpriority=\"high\" class=\"wp-image-8421 avia-img-lazy-loading-not-8421\"  src=\"https:\/\/www.aufildescordes-shibari.fr\/wp-content\/uploads\/2025\/04\/8-le-tour-des-accessibilites-24.04.25-avec-contour-pour-site-internet-format-JPEG.jpg\" width=\"794\" height=\"1058\" title='8- le tour des accessibilit\u00e9s 24.04.25 (avec contour pour site internet) (format JPEG)' alt=''  itemprop=\"thumbnailUrl\" srcset=\"https:\/\/www.aufildescordes-shibari.fr\/wp-content\/uploads\/2025\/04\/8-le-tour-des-accessibilites-24.04.25-avec-contour-pour-site-internet-format-JPEG.jpg 794w, https:\/\/www.aufildescordes-shibari.fr\/wp-content\/uploads\/2025\/04\/8-le-tour-des-accessibilites-24.04.25-avec-contour-pour-site-internet-format-JPEG-225x300.jpg 225w, https:\/\/www.aufildescordes-shibari.fr\/wp-content\/uploads\/2025\/04\/8-le-tour-des-accessibilites-24.04.25-avec-contour-pour-site-internet-format-JPEG-773x1030.jpg 773w, https:\/\/www.aufildescordes-shibari.fr\/wp-content\/uploads\/2025\/04\/8-le-tour-des-accessibilites-24.04.25-avec-contour-pour-site-internet-format-JPEG-768x1023.jpg 768w, https:\/\/www.aufildescordes-shibari.fr\/wp-content\/uploads\/2025\/04\/8-le-tour-des-accessibilites-24.04.25-avec-contour-pour-site-internet-format-JPEG-529x705.jpg 529w\" sizes=\"(max-width: 794px) 100vw, 794px\" \/><\/div><\/li><\/ul><\/div><\/div><div id='after_full_slider_2'  class='main_color av_default_container_wrap container_wrap fullsize'  ><div class='container av-section-cont-open' ><div class='template-page content  av-content-full alpha units'><div class='post-entry post-entry-type-page post-entry-1575'><div class='entry-content-wrapper clearfix'>\n\n<style type=\"text\/css\" data-created_by=\"avia_inline_auto\" id=\"style-css-av-kv97z7t9-5572a2c0c496ec9f49d9cecb20e431cf\">\n.av_font_icon.av-kv97z7t9-5572a2c0c496ec9f49d9cecb20e431cf{\ncolor:#878787;\nborder-color:#878787;\n}\n.av_font_icon.av-kv97z7t9-5572a2c0c496ec9f49d9cecb20e431cf .av-icon-char{\nfont-size:40px;\nline-height:40px;\n}\n<\/style>\n<span  class='av_font_icon av-kv97z7t9-5572a2c0c496ec9f49d9cecb20e431cf avia_animate_when_visible av-icon-style- avia-icon-pos-center avia-icon-animate'><a href='https:\/\/www.aufildescordes-shibari.fr\/?page_id=1264'   class='av-icon-char' aria-hidden='false' data-av_icon='\ue830' data-av_iconfont='entypo-fontello' data-avia-icon-tooltip=\"&lt;br \/&gt;\nRetour \u00e0 l&amp;rsquo;onglet association&lt;br \/&gt;\n\"><\/a><\/span>\n","protected":false},"excerpt":{"rendered":"","protected":false},"author":3,"featured_media":0,"parent":0,"menu_order":0,"comment_status":"closed","ping_status":"closed","template":"","meta":{"_price":"","_stock":"","_tribe_ticket_header":"","_tribe_default_ticket_provider":"","_ticket_start_date":"","_ticket_end_date":"","_tribe_ticket_show_description":"","_tribe_ticket_show_not_going":false,"_tribe_ticket_use_global_stock":"","_tribe_ticket_global_stock_level":"","_global_stock_mode":"","_global_stock_cap":"","_tribe_rsvp_for_event":"","_tribe_ticket_going_count":"","_tribe_ticket_not_going_count":"","_tribe_tickets_list":"[]","_tribe_ticket_has_attendee_info_fields":false,"footnotes":"","_tec_slr_enabled":"","_tec_slr_layout":""},"class_list":["post-1575","page","type-page","status-publish","hentry"],"ticketed":false,"_links":{"self":[{"href":"https:\/\/www.aufildescordes-shibari.fr\/index.php?rest_route=\/wp\/v2\/pages\/1575","targetHints":{"allow":["GET"]}}],"collection":[{"href":"https:\/\/www.aufildescordes-shibari.fr\/index.php?rest_route=\/wp\/v2\/pages"}],"about":[{"href":"https:\/\/www.aufildescordes-shibari.fr\/index.php?rest_route=\/wp\/v2\/types\/page"}],"author":[{"embeddable":true,"href":"https:\/\/www.aufildescordes-shibari.fr\/index.php?rest_route=\/wp\/v2\/users\/3"}],"replies":[{"embeddable":true,"href":"https:\/\/www.aufildescordes-shibari.fr\/index.php?rest_route=%2Fwp%2Fv2%2Fcomments&post=1575"}],"version-history":[{"count":126,"href":"https:\/\/www.aufildescordes-shibari.fr\/index.php?rest_route=\/wp\/v2\/pages\/1575\/revisions"}],"predecessor-version":[{"id":8422,"href":"https:\/\/www.aufildescordes-shibari.fr\/index.php?rest_route=\/wp\/v2\/pages\/1575\/revisions\/8422"}],"wp:attachment":[{"href":"https:\/\/www.aufildescordes-shibari.fr\/index.php?rest_route=%2Fwp%2Fv2%2Fmedia&parent=1575"}],"curies":[{"name":"wp","href":"https:\/\/api.w.org\/{rel}","templated":true}]}}