{"id":1606,"date":"2021-10-18T22:27:25","date_gmt":"2021-10-18T22:27:25","guid":{"rendered":"https:\/\/www.aufildescordes-shibari.fr\/?page_id=1606"},"modified":"2024-05-06T12:51:08","modified_gmt":"2024-05-06T12:51:08","slug":"documents","status":"publish","type":"page","link":"https:\/\/www.aufildescordes-shibari.fr\/?page_id=1606","title":{"rendered":"DOCUMENTS"},"content":{"rendered":"\n<style type=\"text\/css\" data-created_by=\"avia_inline_auto\" id=\"style-css-av-ljerhefj-821f434f1e4cf5c1c8123970392d0a99\">\n.avia-section.av-ljerhefj-821f434f1e4cf5c1c8123970392d0a99{\nbackground-color:#7a7a7a;\nbackground-image:unset;\n}\n<\/style>\n<div id='av_section_1'  class='avia-section av-ljerhefj-821f434f1e4cf5c1c8123970392d0a99 main_color avia-section-default avia-no-border-styling  avia-builder-el-0  avia-builder-el-no-sibling  avia-bg-style-scroll container_wrap fullsize'  ><div class='container av-section-cont-open' ><main  role=\"main\" itemprop=\"mainContentOfPage\"  class='template-page content  av-content-full alpha units'><div class='post-entry post-entry-type-page post-entry-1606'><div class='entry-content-wrapper clearfix'>\n\n<style type=\"text\/css\" data-created_by=\"avia_inline_auto\" id=\"style-css-av-2w08wm-2dd36f49576e8eef9d11a02d79b75e45\">\n#top .av-special-heading.av-2w08wm-2dd36f49576e8eef9d11a02d79b75e45{\npadding-bottom:10px;\ncolor:#000000;\n}\nbody .av-special-heading.av-2w08wm-2dd36f49576e8eef9d11a02d79b75e45 .av-special-heading-tag .heading-char{\nfont-size:25px;\n}\n.av-special-heading.av-2w08wm-2dd36f49576e8eef9d11a02d79b75e45 .special-heading-inner-border{\nborder-color:#000000;\n}\n.av-special-heading.av-2w08wm-2dd36f49576e8eef9d11a02d79b75e45 .av-subheading{\nfont-size:15px;\n}\n<\/style>\n<div  class='av-special-heading av-2w08wm-2dd36f49576e8eef9d11a02d79b75e45 av-special-heading-h1 custom-color-heading blockquote elegant-quote elegant-centered  avia-builder-el-1  el_before_av_one_half  avia-builder-el-first '><h1 class='av-special-heading-tag '  itemprop=\"headline\"  ><span class=\"heading-wrap\">DOCUMENTS<\/span><\/h1><div class=\"special-heading-border\"><div class=\"special-heading-inner-border\"><\/div><\/div><\/div>\n<div class='flex_column_table av-kv9az545-56c2e915f618cdcb4dc67369022e3c71 sc-av_one_half av-equal-height-column-flextable'>\n<style type=\"text\/css\" data-created_by=\"avia_inline_auto\" id=\"style-css-av-kv9az545-56c2e915f618cdcb4dc67369022e3c71\">\n#top .flex_column_table.av-equal-height-column-flextable.av-kv9az545-56c2e915f618cdcb4dc67369022e3c71{\nmargin-top:0px;\nmargin-bottom:0px;\n}\n.flex_column.av-kv9az545-56c2e915f618cdcb4dc67369022e3c71{\nborder-radius:0px 0px 0px 0px;\npadding:0px 0px 0px 0px;\n}\n<\/style>\n<div  class='flex_column av-kv9az545-56c2e915f618cdcb4dc67369022e3c71 av_one_half  avia-builder-el-2  el_after_av_heading  el_before_av_one_half  first no_margin flex_column_table_cell av-equal-height-column av-align-middle av-zero-column-padding  '     ><div  class='avia-logo-element-container av-kv9ahhsl-089a5e95f2af289aceb4d467476e5301 av-border-deactivate avia-logo-grid avia-content-slider avia-smallarrow-slider avia-content-grid-active noHover avia-content-slider-odd  avia-builder-el-3  avia-builder-el-no-sibling  avia-content-slider1' ><div class='avia-smallarrow-slider-heading  no-logo-slider-heading '><div class='new-special-heading'>&nbsp;<\/div><\/div><div class=\"avia-content-slider-inner\"><div class=\"slide-entry-wrap\"><div  class='slide-entry av-2kwxwm-f868e7b8c387a34351f400836d16c6a6 flex_column no_margin av_fullwidth real-thumbnail post-entry slide-entry-overview slide-loop-1 slide-parity-odd post-entry-last first'><img decoding=\"async\" fetchpriority=\"high\" width=\"2232\" height=\"2560\" src=\"https:\/\/www.aufildescordes-shibari.fr\/wp-content\/uploads\/2023\/08\/Documents-signe-scaled.jpg\" class=\"wp-image-6042 avia-img-lazy-loading-not-6042 attachment-no scaling size-no scaling\" alt=\"\" srcset=\"https:\/\/www.aufildescordes-shibari.fr\/wp-content\/uploads\/2023\/08\/Documents-signe-scaled.jpg 2232w, https:\/\/www.aufildescordes-shibari.fr\/wp-content\/uploads\/2023\/08\/Documents-signe-262x300.jpg 262w, https:\/\/www.aufildescordes-shibari.fr\/wp-content\/uploads\/2023\/08\/Documents-signe-898x1030.jpg 898w, https:\/\/www.aufildescordes-shibari.fr\/wp-content\/uploads\/2023\/08\/Documents-signe-768x881.jpg 768w, https:\/\/www.aufildescordes-shibari.fr\/wp-content\/uploads\/2023\/08\/Documents-signe-1339x1536.jpg 1339w, https:\/\/www.aufildescordes-shibari.fr\/wp-content\/uploads\/2023\/08\/Documents-signe-1786x2048.jpg 1786w, https:\/\/www.aufildescordes-shibari.fr\/wp-content\/uploads\/2023\/08\/Documents-signe-1308x1500.jpg 1308w, https:\/\/www.aufildescordes-shibari.fr\/wp-content\/uploads\/2023\/08\/Documents-signe-615x705.jpg 615w\" sizes=\"(max-width: 2232px) 100vw, 2232px\" \/><\/div><\/div><\/div><\/div><\/div>\n<style type=\"text\/css\" data-created_by=\"avia_inline_auto\" id=\"style-css-av-68q3iu-5dd672b80974c7d5a26c7573518484b6\">\n#top .flex_column_table.av-equal-height-column-flextable.av-68q3iu-5dd672b80974c7d5a26c7573518484b6{\nmargin-top:0px;\nmargin-bottom:0px;\n}\n.flex_column.av-68q3iu-5dd672b80974c7d5a26c7573518484b6{\nborder-radius:0px 0px 0px 0px;\npadding:0px 0px 0px 0px;\n}\n<\/style>\n<div  class='flex_column av-68q3iu-5dd672b80974c7d5a26c7573518484b6 av_one_half  avia-builder-el-4  el_after_av_one_half  el_before_av_one_half  no_margin flex_column_table_cell av-equal-height-column av-align-middle av-zero-column-padding  '     ><section  class='av_textblock_section av-ljert1iu-6bf090306ec64bbd2ecc2fe32c9cb4f1 '   itemscope=\"itemscope\" itemtype=\"https:\/\/schema.org\/CreativeWork\" ><div class='avia_textblock'  itemprop=\"text\" ><h2>DOCUMENTS ASSOCIATIFS :<\/h2>\n<\/div><\/section><br \/>\n\n<style type=\"text\/css\" data-created_by=\"avia_inline_auto\" id=\"style-css-av-kv9b56rb-9f97af1d20b8583901cba0842a9f4742\">\n#top .avia-icon-list-container.av-kv9b56rb-9f97af1d20b8583901cba0842a9f4742 .iconlist_icon{\ncolor:#ffffff;\nbackground-color:#7f7f7f;\nborder:1px solid #ffffff;\n}\n#top #wrap_all .avia-icon-list-container.av-kv9b56rb-9f97af1d20b8583901cba0842a9f4742 .av_iconlist_title{\ncolor:#ffffff;\n}\n<\/style>\n<div  class='avia-icon-list-container av-kv9b56rb-9f97af1d20b8583901cba0842a9f4742  avia-builder-el-6  el_after_av_textblock  avia-builder-el-last '><ul class='avia-icon-list avia_animate_when_almost_visible avia-icon-list-left av-iconlist-big av-kv9b56rb-9f97af1d20b8583901cba0842a9f4742 avia-iconlist-animate'>\n<li><a href='https:\/\/www.aufildescordes-shibari.fr\/?page_id=468' title='La parution au Journal Officiel'  class='iconlist_icon av-74vpwm-d81efe7930cba9fbea4a256d56db411e avia-font-entypo-fontello'><span class='iconlist-char' aria-hidden='true' data-av_icon='\ue84f' data-av_iconfont='entypo-fontello'><\/span><\/a><article class=\"article-icon-entry av-iconlist-empty\"  itemscope=\"itemscope\" itemtype=\"https:\/\/schema.org\/CreativeWork\" ><div class=\"iconlist_content_wrap\"><header class=\"entry-content-header\" aria-label=\"Icon: &lt;a href=&#039;https:\/\/www.aufildescordes-shibari.fr\/?page_id=468&#039; title=&#039;La parution au Journal Officiel&#039;&gt;La parution au Journal Officiel&lt;\/a&gt;\"><h4 class='av_iconlist_title iconlist_title  av_inherit_color'  itemprop=\"headline\" ><a href='https:\/\/www.aufildescordes-shibari.fr\/?page_id=468' title='La parution au Journal Officiel'>La parution au Journal Officiel<\/a><\/h4><\/header><div class='iconlist_content '  itemprop=\"text\" ><\/div><\/div><footer class=\"entry-footer\"><\/footer><\/article><div class=\"iconlist-timeline\"><\/div><\/li>\n<li><a href='https:\/\/www.aufildescordes-shibari.fr\/?page_id=4932' title='Le r\u00e8glement int\u00e9rieur'  class='iconlist_icon av-4ek72e-2682518d7db3a6318cb68f245ceb34ea avia-font-entypo-fontello'><span class='iconlist-char' aria-hidden='true' data-av_icon='\ue84f' data-av_iconfont='entypo-fontello'><\/span><\/a><article class=\"article-icon-entry av-iconlist-empty\"  itemscope=\"itemscope\" itemtype=\"https:\/\/schema.org\/CreativeWork\" ><div class=\"iconlist_content_wrap\"><header class=\"entry-content-header\" aria-label=\"Icon: &lt;a href=&#039;https:\/\/www.aufildescordes-shibari.fr\/?page_id=4932&#039; title=&#039;Le r\u00e8glement int\u00e9rieur&#039;&gt;Le r\u00e8glement int\u00e9rieur&lt;\/a&gt;\"><h4 class='av_iconlist_title iconlist_title  av_inherit_color'  itemprop=\"headline\" ><a href='https:\/\/www.aufildescordes-shibari.fr\/?page_id=4932' title='Le r\u00e8glement int\u00e9rieur'>Le r\u00e8glement int\u00e9rieur<\/a><\/h4><\/header><div class='iconlist_content '  itemprop=\"text\" ><\/div><\/div><footer class=\"entry-footer\"><\/footer><\/article><div class=\"iconlist-timeline\"><\/div><\/li>\n<li><div class='iconlist_icon av-1w70va-32a07ff058df3efab39f28433df1a952 avia-font-entypo-fontello'><span class='iconlist-char' aria-hidden='true' data-av_icon='\ue84f' data-av_iconfont='entypo-fontello'><\/span><\/div><article class=\"article-icon-entry av-iconlist-empty\"  itemscope=\"itemscope\" itemtype=\"https:\/\/schema.org\/CreativeWork\" ><div class=\"iconlist_content_wrap\"><header class=\"entry-content-header\" aria-label=\"Icon: &lt;a href=&#039;https:\/\/www.aufildescordes-shibari.fr\/?page_id=5149&#039; title=&#039;Les mesures d\u2019hygi\u00e8ne&#039;&gt;Les mesures d\u2019hygi\u00e8ne&lt;\/a&gt;\"><h4 class='av_iconlist_title iconlist_title  av_inherit_color'  itemprop=\"headline\" ><a href='https:\/\/www.aufildescordes-shibari.fr\/?page_id=5149' title='Les mesures d\u2019hygi\u00e8ne'>Les mesures d\u2019hygi\u00e8ne<\/a><\/h4><\/header><div class='iconlist_content '  itemprop=\"text\" ><\/div><\/div><footer class=\"entry-footer\"><\/footer><\/article><div class=\"iconlist-timeline\"><\/div><\/li>\n<li><a href='https:\/\/www.aufildescordes-shibari.fr\/?page_id=4941' title='Les mesures de pr\u00e9vention contre le COVID-19'  class='iconlist_icon av-1xv92u-c078a0a6e1727820d6fa9105b8f3a486 avia-font-entypo-fontello'><span class='iconlist-char' aria-hidden='true' data-av_icon='\ue84f' data-av_iconfont='entypo-fontello'><\/span><\/a><article class=\"article-icon-entry av-iconlist-empty\"  itemscope=\"itemscope\" itemtype=\"https:\/\/schema.org\/CreativeWork\" ><div class=\"iconlist_content_wrap\"><header class=\"entry-content-header\" aria-label=\"Icon: &lt;a href=&#039;https:\/\/www.aufildescordes-shibari.fr\/?page_id=4941&#039; title=&#039;Les mesures de pr\u00e9vention contre le COVID-19&#039;&gt;Les mesures de pr\u00e9vention contre le COVID-19&lt;\/a&gt;\"><h4 class='av_iconlist_title iconlist_title  av_inherit_color'  itemprop=\"headline\" ><a href='https:\/\/www.aufildescordes-shibari.fr\/?page_id=4941' title='Les mesures de pr\u00e9vention contre le COVID-19'>Les mesures de pr\u00e9vention contre le COVID-19<\/a><\/h4><\/header><div class='iconlist_content '  itemprop=\"text\" ><\/div><\/div><footer class=\"entry-footer\"><\/footer><\/article><div class=\"iconlist-timeline\"><\/div><\/li>\n<\/ul><\/div><\/p><\/div><\/div><!--close column table wrapper. Autoclose: 1 -->\n<style type=\"text\/css\" data-created_by=\"avia_inline_auto\" id=\"style-css-av-68q3iu-10e0429c5470e5a56df05bd5c3257474\">\n.flex_column.av-68q3iu-10e0429c5470e5a56df05bd5c3257474{\nborder-radius:0px 0px 0px 0px;\npadding:0px 0px 0px 0px;\n}\n<\/style>\n<div  class='flex_column av-68q3iu-10e0429c5470e5a56df05bd5c3257474 av_one_half  avia-builder-el-7  el_after_av_one_half  el_before_av_one_half  first flex_column_div av-zero-column-padding  column-top-margin'     ><section  class='av_textblock_section av-ljert1iu-6bf090306ec64bbd2ecc2fe32c9cb4f1 '   itemscope=\"itemscope\" itemtype=\"https:\/\/schema.org\/CreativeWork\" ><div class='avia_textblock'  itemprop=\"text\" ><h2>Documents de pr\u00e9vention :<\/h2>\n<\/div><\/section><br \/>\n\n<style type=\"text\/css\" data-created_by=\"avia_inline_auto\" id=\"style-css-av-kv9b56rb-9f97af1d20b8583901cba0842a9f4742\">\n#top .avia-icon-list-container.av-kv9b56rb-9f97af1d20b8583901cba0842a9f4742 .iconlist_icon{\ncolor:#ffffff;\nbackground-color:#7f7f7f;\nborder:1px solid #ffffff;\n}\n#top #wrap_all .avia-icon-list-container.av-kv9b56rb-9f97af1d20b8583901cba0842a9f4742 .av_iconlist_title{\ncolor:#ffffff;\n}\n<\/style>\n<div  class='avia-icon-list-container av-kv9b56rb-9f97af1d20b8583901cba0842a9f4742  avia-builder-el-9  el_after_av_textblock  avia-builder-el-last '><ul class='avia-icon-list avia_animate_when_almost_visible avia-icon-list-left av-iconlist-big av-kv9b56rb-9f97af1d20b8583901cba0842a9f4742 avia-iconlist-animate'>\n<li><a href='https:\/\/www.aufildescordes-shibari.fr\/?page_id=5098' title='Les 4 &quot;C&quot; des cordes, la pr\u00e9vention psychologique'  class='iconlist_icon av-2e88s6-6dfe0cf6f9aa5b264bff836c7be2551c avia-font-entypo-fontello'><span class='iconlist-char' aria-hidden='true' data-av_icon='\ue84f' data-av_iconfont='entypo-fontello'><\/span><\/a><article class=\"article-icon-entry av-iconlist-empty\"  itemscope=\"itemscope\" itemtype=\"https:\/\/schema.org\/CreativeWork\" ><div class=\"iconlist_content_wrap\"><header class=\"entry-content-header\" aria-label=\"Icon: &lt;a href=&#039;https:\/\/www.aufildescordes-shibari.fr\/?page_id=5098&#039; title=&#039;Les 4 &quot;C&quot; des cordes, la pr\u00e9vention psychologique&#039;&gt;Les 4 &quot;C&quot; des cordes, la pr\u00e9vention psychologique&lt;\/a&gt;\"><h4 class='av_iconlist_title iconlist_title  av_inherit_color'  itemprop=\"headline\" ><a href='https:\/\/www.aufildescordes-shibari.fr\/?page_id=5098' title='Les 4 &quot;C&quot; des cordes, la pr\u00e9vention psychologique'>Les 4 \"C\" des cordes, la pr\u00e9vention psychologique<\/a><\/h4><\/header><div class='iconlist_content '  itemprop=\"text\" ><\/div><\/div><footer class=\"entry-footer\"><\/footer><\/article><div class=\"iconlist-timeline\"><\/div><\/li>\n<\/ul><\/div><\/p><\/div>\n<style type=\"text\/css\" data-created_by=\"avia_inline_auto\" id=\"style-css-av-68q3iu-5dd672b80974c7d5a26c7573518484b6\">\n.flex_column.av-68q3iu-5dd672b80974c7d5a26c7573518484b6{\nborder-radius:0px 0px 0px 0px;\npadding:0px 0px 0px 0px;\n}\n<\/style>\n<div  class='flex_column av-68q3iu-5dd672b80974c7d5a26c7573518484b6 av_one_half  avia-builder-el-10  el_after_av_one_half  avia-builder-el-last  flex_column_div av-zero-column-padding  column-top-margin'     ><section  class='av_textblock_section av-ljert1iu-6bf090306ec64bbd2ecc2fe32c9cb4f1 '   itemscope=\"itemscope\" itemtype=\"https:\/\/schema.org\/CreativeWork\" ><div class='avia_textblock'  itemprop=\"text\" ><h2>Documents ANDRAGOGIQUES :<\/h2>\n<\/div><\/section><br \/>\n\n<style type=\"text\/css\" data-created_by=\"avia_inline_auto\" id=\"style-css-av-kv9b56rb-9f97af1d20b8583901cba0842a9f4742\">\n#top .avia-icon-list-container.av-kv9b56rb-9f97af1d20b8583901cba0842a9f4742 .iconlist_icon{\ncolor:#ffffff;\nbackground-color:#7f7f7f;\nborder:1px solid #ffffff;\n}\n#top #wrap_all .avia-icon-list-container.av-kv9b56rb-9f97af1d20b8583901cba0842a9f4742 .av_iconlist_title{\ncolor:#ffffff;\n}\n<\/style>\n<div  class='avia-icon-list-container av-kv9b56rb-9f97af1d20b8583901cba0842a9f4742  avia-builder-el-12  el_after_av_textblock  avia-builder-el-last '><ul class='avia-icon-list avia_animate_when_almost_visible avia-icon-list-left av-iconlist-big av-kv9b56rb-9f97af1d20b8583901cba0842a9f4742 avia-iconlist-animate'>\n<li><div class='iconlist_icon av-22ufp2-50345b6d64ac96d8cfe30a2df4b5a740 avia-font-entypo-fontello'><span class='iconlist-char' aria-hidden='true' data-av_icon='\ue84f' data-av_iconfont='entypo-fontello'><\/span><\/div><article class=\"article-icon-entry av-iconlist-empty\"  itemscope=\"itemscope\" itemtype=\"https:\/\/schema.org\/CreativeWork\" ><div class=\"iconlist_content_wrap\"><header class=\"entry-content-header\" aria-label=\"Icon: &lt;a href=&#039;https:\/\/www.aufildescordes-shibari.fr\/?page_id=5176&#039; title=&#039;Les cycles de cours&#039;&gt;Les cycles de cours&lt;\/a&gt;\"><h4 class='av_iconlist_title iconlist_title  av_inherit_color'  itemprop=\"headline\" ><a href='https:\/\/www.aufildescordes-shibari.fr\/?page_id=5176' title='Les cycles de cours'>Les cycles de cours<\/a><\/h4><\/header><div class='iconlist_content '  itemprop=\"text\" ><\/div><\/div><footer class=\"entry-footer\"><\/footer><\/article><div class=\"iconlist-timeline\"><\/div><\/li>\n<li><div class='iconlist_icon av-2k107q-6bfa775f062a181f963c5ba5270dfe30 avia-font-entypo-fontello'><span class='iconlist-char' aria-hidden='true' data-av_icon='\ue84f' data-av_iconfont='entypo-fontello'><\/span><\/div><article class=\"article-icon-entry av-iconlist-empty\"  itemscope=\"itemscope\" itemtype=\"https:\/\/schema.org\/CreativeWork\" ><div class=\"iconlist_content_wrap\"><header class=\"entry-content-header\" aria-label=\"Icon: &lt;a href=&#039;https:\/\/www.aufildescordes-shibari.fr\/?page_id=5232&#039; title=&#039;Les pr\u00e9requis des cycles de cours&#039;&gt;Les pr\u00e9requis des cycles de cours&lt;\/a&gt;\"><h4 class='av_iconlist_title iconlist_title  av_inherit_color'  itemprop=\"headline\" ><a href='https:\/\/www.aufildescordes-shibari.fr\/?page_id=5232' title='Les pr\u00e9requis des cycles de cours'>Les pr\u00e9requis des cycles de cours<\/a><\/h4><\/header><div class='iconlist_content '  itemprop=\"text\" ><\/div><\/div><footer class=\"entry-footer\"><\/footer><\/article><div class=\"iconlist-timeline\"><\/div><\/li>\n<\/ul><\/div><\/p><\/div>\n","protected":false},"excerpt":{"rendered":"","protected":false},"author":3,"featured_media":0,"parent":0,"menu_order":0,"comment_status":"closed","ping_status":"closed","template":"","meta":{"_price":"","_stock":"","_tribe_ticket_header":"","_tribe_default_ticket_provider":"","_ticket_start_date":"","_ticket_end_date":"","_tribe_ticket_show_description":"","_tribe_ticket_show_not_going":false,"_tribe_ticket_use_global_stock":"","_tribe_ticket_global_stock_level":"","_global_stock_mode":"","_global_stock_cap":"","_tribe_rsvp_for_event":"","_tribe_ticket_going_count":"","_tribe_ticket_not_going_count":"","_tribe_tickets_list":"[]","_tribe_ticket_has_attendee_info_fields":false,"footnotes":"","_tec_slr_enabled":"","_tec_slr_layout":""},"class_list":["post-1606","page","type-page","status-publish","hentry"],"ticketed":false,"_links":{"self":[{"href":"https:\/\/www.aufildescordes-shibari.fr\/index.php?rest_route=\/wp\/v2\/pages\/1606","targetHints":{"allow":["GET"]}}],"collection":[{"href":"https:\/\/www.aufildescordes-shibari.fr\/index.php?rest_route=\/wp\/v2\/pages"}],"about":[{"href":"https:\/\/www.aufildescordes-shibari.fr\/index.php?rest_route=\/wp\/v2\/types\/page"}],"author":[{"embeddable":true,"href":"https:\/\/www.aufildescordes-shibari.fr\/index.php?rest_route=\/wp\/v2\/users\/3"}],"replies":[{"embeddable":true,"href":"https:\/\/www.aufildescordes-shibari.fr\/index.php?rest_route=%2Fwp%2Fv2%2Fcomments&post=1606"}],"version-history":[{"count":45,"href":"https:\/\/www.aufildescordes-shibari.fr\/index.php?rest_route=\/wp\/v2\/pages\/1606\/revisions"}],"predecessor-version":[{"id":8025,"href":"https:\/\/www.aufildescordes-shibari.fr\/index.php?rest_route=\/wp\/v2\/pages\/1606\/revisions\/8025"}],"wp:attachment":[{"href":"https:\/\/www.aufildescordes-shibari.fr\/index.php?rest_route=%2Fwp%2Fv2%2Fmedia&parent=1606"}],"curies":[{"name":"wp","href":"https:\/\/api.w.org\/{rel}","templated":true}]}}