{"id":1735,"date":"2021-10-19T11:15:59","date_gmt":"2021-10-19T11:15:59","guid":{"rendered":"https:\/\/www.aufildescordes-shibari.fr\/?page_id=1735"},"modified":"2025-05-15T09:04:16","modified_gmt":"2025-05-15T09:04:16","slug":"qui-est-a-la-source-de-au-fil-des-cordes","status":"publish","type":"page","link":"https:\/\/www.aufildescordes-shibari.fr\/?page_id=1735","title":{"rendered":"Quel encadrement associatif ?"},"content":{"rendered":"\n<style type=\"text\/css\" data-created_by=\"avia_inline_auto\" id=\"style-css-av-kv97z7t9-5572a2c0c496ec9f49d9cecb20e431cf\">\n.av_font_icon.av-kv97z7t9-5572a2c0c496ec9f49d9cecb20e431cf{\ncolor:#878787;\nborder-color:#878787;\n}\n.av_font_icon.av-kv97z7t9-5572a2c0c496ec9f49d9cecb20e431cf .av-icon-char{\nfont-size:40px;\nline-height:40px;\n}\n<\/style>\n<span  class='av_font_icon av-kv97z7t9-5572a2c0c496ec9f49d9cecb20e431cf avia_animate_when_visible av-icon-style- avia-icon-pos-center avia-icon-animate'><a href='https:\/\/www.aufildescordes-shibari.fr\/?page_id=1264'   class='av-icon-char' aria-hidden='false' data-av_icon='\ue830' data-av_iconfont='entypo-fontello' data-avia-icon-tooltip=\"&lt;br \/&gt;\nRetour \u00e0 l&amp;rsquo;onglet association&lt;br \/&gt;\n\"><\/a><\/span>\n\n<style type=\"text\/css\" data-created_by=\"avia_inline_auto\" id=\"style-css-av-259vxz-afc9c4cc01323811d6a3119408db00e7\">\n#top .av-special-heading.av-259vxz-afc9c4cc01323811d6a3119408db00e7{\npadding-bottom:50px;\ncolor:#000000;\n}\nbody .av-special-heading.av-259vxz-afc9c4cc01323811d6a3119408db00e7 .av-special-heading-tag .heading-char{\nfont-size:25px;\n}\n.av-special-heading.av-259vxz-afc9c4cc01323811d6a3119408db00e7 .special-heading-inner-border{\nborder-color:#000000;\n}\n.av-special-heading.av-259vxz-afc9c4cc01323811d6a3119408db00e7 .av-subheading{\nfont-size:15px;\n}\n<\/style>\n<div  class='av-special-heading av-259vxz-afc9c4cc01323811d6a3119408db00e7 av-special-heading-h1 custom-color-heading blockquote elegant-quote elegant-centered  avia-builder-el-1  el_after_av_font_icon  el_before_av_two_fifth '><h1 class='av-special-heading-tag '  itemprop=\"headline\"  ><span class=\"heading-wrap\">QUEL ENCADREMENT ASSOCIATIF ?<\/span><\/h1><div class=\"special-heading-border\"><div class=\"special-heading-inner-border\"><\/div><\/div><\/div>\n<div class='flex_column_table av-kv9wvtrk-a4f7b3f335e049e6823c9541bed8b789 sc-av_two_fifth av-equal-height-column-flextable'>\n<style type=\"text\/css\" data-created_by=\"avia_inline_auto\" id=\"style-css-av-kv9wvtrk-a4f7b3f335e049e6823c9541bed8b789\">\n#top .flex_column_table.av-equal-height-column-flextable.av-kv9wvtrk-a4f7b3f335e049e6823c9541bed8b789{\nmargin-top:50px;\nmargin-bottom:50px;\n}\n.flex_column.av-kv9wvtrk-a4f7b3f335e049e6823c9541bed8b789{\nborder-radius:0px 0px 0px 0px;\npadding:0px 0px 0px 0px;\n}\n<\/style>\n<div  class='flex_column av-kv9wvtrk-a4f7b3f335e049e6823c9541bed8b789 av_two_fifth  avia-builder-el-2  el_after_av_heading  el_before_av_three_fifth  first no_margin flex_column_table_cell av-equal-height-column av-align-middle av-zero-column-padding  '     ><style type=\"text\/css\" data-created_by=\"avia_inline_auto\" id=\"style-css-av-kv9woz3s-c8cf1c6f8d6604fc0b2f44179e0db90e\">\n.avia-image-container.av-kv9woz3s-c8cf1c6f8d6604fc0b2f44179e0db90e img.avia_image{\nbox-shadow:none;\n}\n.avia-image-container.av-kv9woz3s-c8cf1c6f8d6604fc0b2f44179e0db90e .av-image-caption-overlay-center{\ncolor:#ffffff;\n}\n<\/style>\n<div  class='avia-image-container av-kv9woz3s-c8cf1c6f8d6604fc0b2f44179e0db90e av-styling- avia_animated_image av-animated-when-visible-95 pop-up avia-align-center  avia-builder-el-3  avia-builder-el-no-sibling '   itemprop=\"image\" itemscope=\"itemscope\" itemtype=\"https:\/\/schema.org\/ImageObject\" ><div class=\"avia-image-container-inner\"><div class=\"avia-image-overlay-wrap\"><img decoding=\"async\" fetchpriority=\"high\" class='wp-image-6118 avia-img-lazy-loading-not-6118 avia_image ' src=\"https:\/\/www.aufildescordes-shibari.fr\/wp-content\/uploads\/2023\/09\/ror3ror-2-format-JPEGretourneredresse-1-300x284.jpg\" alt='' title='ror3ror (2) (format JPEG)retourn\u00e9redress\u00e9'  height=\"284\" width=\"300\"  itemprop=\"thumbnailUrl\" srcset=\"https:\/\/www.aufildescordes-shibari.fr\/wp-content\/uploads\/2023\/09\/ror3ror-2-format-JPEGretourneredresse-1-300x284.jpg 300w, https:\/\/www.aufildescordes-shibari.fr\/wp-content\/uploads\/2023\/09\/ror3ror-2-format-JPEGretourneredresse-1-705x667.jpg 705w, https:\/\/www.aufildescordes-shibari.fr\/wp-content\/uploads\/2023\/09\/ror3ror-2-format-JPEGretourneredresse-1.jpg 715w\" sizes=\"(max-width: 300px) 100vw, 300px\" \/><\/div><\/div><\/div><\/div>\n\n<style type=\"text\/css\" data-created_by=\"avia_inline_auto\" id=\"style-css-av-3uww7b-ee4b2c74b46fe89df4a63d45c600513f\">\n#top .flex_column_table.av-equal-height-column-flextable.av-3uww7b-ee4b2c74b46fe89df4a63d45c600513f{\nmargin-top:50px;\nmargin-bottom:50px;\n}\n.flex_column.av-3uww7b-ee4b2c74b46fe89df4a63d45c600513f{\nborder-radius:0px 0px 0px 0px;\npadding:0px 0px 0px 0px;\n}\n<\/style>\n<div  class='flex_column av-3uww7b-ee4b2c74b46fe89df4a63d45c600513f av_three_fifth  avia-builder-el-4  el_after_av_two_fifth  el_before_av_two_fifth  no_margin flex_column_table_cell av-equal-height-column av-align-middle av-zero-column-padding  '     ><section  class='av_textblock_section av-kv9wpb0s-810e23c68160730e732eb207b9ab4f0d '   itemscope=\"itemscope\" itemtype=\"https:\/\/schema.org\/CreativeWork\" ><div class='avia_textblock'  itemprop=\"text\" ><h2 style=\"text-align: center;\">NICOLAS<\/h2>\n<blockquote>\n<p>Passionn\u00e9 du Japon et ayant pu y vivre pendant 6 mois, il s\u2019\u00e9panouit quand il d\u00e9couvrit que son attirance pour les cordes rejoignait celle du pays du soleil levant.<br \/>\nSi c\u2019est en 2009 qu\u2019il laissa ses croquis d\u2019enfance de mod\u00e8les ligot\u00e9es pour manier des cordes, c\u2019est de sa complicit\u00e9 avec Eli que naquit son style de cordes.<br \/>\nDirigeant et enseignant b\u00e9n\u00e9vole de l\u2019association Au Fil des Cordes depuis 2017.<\/p>\n<\/blockquote>\n<\/div><\/section><\/div><\/div><!--close column table wrapper. Autoclose: 1 -->\n\n<style type=\"text\/css\" data-created_by=\"avia_inline_auto\" id=\"style-css-av-2hvf3r-9c41ef6722646656a22dccf0e28859ef\">\n.flex_column.av-2hvf3r-9c41ef6722646656a22dccf0e28859ef{\nborder-radius:0px 0px 0px 0px;\npadding:0px 0px 0px 0px;\n}\n<\/style>\n<div  class='flex_column av-2hvf3r-9c41ef6722646656a22dccf0e28859ef av_two_fifth  avia-builder-el-6  el_after_av_three_fifth  el_before_av_three_fifth  first flex_column_div av-zero-column-padding  '     ><style type=\"text\/css\" data-created_by=\"avia_inline_auto\" id=\"style-css-av-kv9wtph2-41563629c9b19b542efa629f25c7d1e9\">\n.avia-image-container.av-kv9wtph2-41563629c9b19b542efa629f25c7d1e9 img.avia_image{\nbox-shadow:none;\n}\n.avia-image-container.av-kv9wtph2-41563629c9b19b542efa629f25c7d1e9 .av-image-caption-overlay-center{\ncolor:#ffffff;\n}\n<\/style>\n<div  class='avia-image-container av-kv9wtph2-41563629c9b19b542efa629f25c7d1e9 av-styling- avia_animated_image av-animated-when-visible-95 pop-up avia-align-center  avia-builder-el-7  avia-builder-el-no-sibling '   itemprop=\"image\" itemscope=\"itemscope\" itemtype=\"https:\/\/schema.org\/ImageObject\" ><div class=\"avia-image-container-inner\"><div class=\"avia-image-overlay-wrap\"><img decoding=\"async\" fetchpriority=\"high\" class='wp-image-1745 avia-img-lazy-loading-not-1745 avia_image ' src=\"https:\/\/www.aufildescordes-shibari.fr\/wp-content\/uploads\/2021\/10\/re2-2-300x275.png\" alt='' title='re2-2'  height=\"275\" width=\"300\"  itemprop=\"thumbnailUrl\" srcset=\"https:\/\/www.aufildescordes-shibari.fr\/wp-content\/uploads\/2021\/10\/re2-2-300x275.png 300w, https:\/\/www.aufildescordes-shibari.fr\/wp-content\/uploads\/2021\/10\/re2-2-705x645.png 705w, https:\/\/www.aufildescordes-shibari.fr\/wp-content\/uploads\/2021\/10\/re2-2.png 758w\" sizes=\"(max-width: 300px) 100vw, 300px\" \/><\/div><\/div><\/div><\/div>\n\n<style type=\"text\/css\" data-created_by=\"avia_inline_auto\" id=\"style-css-av-kv9wz126-3192dd35fe786b56790523f1ae0e3e84\">\n.flex_column.av-kv9wz126-3192dd35fe786b56790523f1ae0e3e84{\nborder-radius:0px 0px 0px 0px;\npadding:0px 0px 0px 0px;\n}\n<\/style>\n<div  class='flex_column av-kv9wz126-3192dd35fe786b56790523f1ae0e3e84 av_three_fifth  avia-builder-el-8  el_after_av_two_fifth  el_before_av_one_full  flex_column_div av-zero-column-padding  '     ><section  class='av_textblock_section av-kv9wuk4x-6844f51688085843227e42a8b8e6af45 '   itemscope=\"itemscope\" itemtype=\"https:\/\/schema.org\/CreativeWork\" ><div class='avia_textblock'  itemprop=\"text\" ><h2 style=\"text-align: center;\">ELI<\/h2>\n<blockquote>\n<p>F\u00e9rue d\u2019esth\u00e9tique gothique et nippone, d\u2019aquarelles et de photographies,<br \/>\ncr\u00e9er l\u2019association avec Nicolas lui a permis de partager ses passions.<br \/>\nApr\u00e8s avoir attach\u00e9 ses poup\u00e9es durant toute son enfance,<br \/>\nsa rencontre avec Nicolas lui fit franchir le pas d\u2019\u00eatre<br \/>\nmod\u00e8le de cordes depuis 2010 et encordeuse depuis 2017.<br \/>\nDirigeante et enseignante b\u00e9n\u00e9vole de l\u2019association Au Fil des Cordes depuis 2017.<\/p>\n<\/blockquote>\n<\/div><\/section><\/div>\n\n<style type=\"text\/css\" data-created_by=\"avia_inline_auto\" id=\"style-css-av-2w13vb-b72ab5ed5f4ebed47dcb1c3ea3f1f0ea\">\n.flex_column.av-2w13vb-b72ab5ed5f4ebed47dcb1c3ea3f1f0ea{\nborder-radius:0px 0px 0px 0px;\npadding:0px 0px 0px 0px;\n}\n<\/style>\n<div  class='flex_column av-2w13vb-b72ab5ed5f4ebed47dcb1c3ea3f1f0ea av_one_full  avia-builder-el-10  el_after_av_three_fifth  el_before_av_two_fifth  first flex_column_div av-zero-column-padding  '     ><p>\n<style type=\"text\/css\" data-created_by=\"avia_inline_auto\" id=\"style-css-av-kv9wtph2-60cab87c344b00f77982676979172fbe\">\n.avia-image-container.av-kv9wtph2-60cab87c344b00f77982676979172fbe img.avia_image{\nbox-shadow:none;\n}\n.avia-image-container.av-kv9wtph2-60cab87c344b00f77982676979172fbe .av-image-caption-overlay-center{\ncolor:#ffffff;\n}\n<\/style>\n<div  class='avia-image-container av-kv9wtph2-60cab87c344b00f77982676979172fbe av-styling- avia_animated_image av-animated-when-visible-95 pop-up avia-align-center  avia-builder-el-11  el_before_av_textblock  avia-builder-el-first '   itemprop=\"image\" itemscope=\"itemscope\" itemtype=\"https:\/\/schema.org\/ImageObject\" ><div class=\"avia-image-container-inner\"><div class=\"avia-image-overlay-wrap\"><img decoding=\"async\" fetchpriority=\"high\" class='wp-image-6936 avia-img-lazy-loading-not-6936 avia_image ' src=\"https:\/\/www.aufildescordes-shibari.fr\/wp-content\/uploads\/2023\/12\/jeu-de-role4-signecorrige-300x246.jpg\" alt='' title='jeu de r\u00f4le4 sign\u00e9+corrig\u00e9'  height=\"246\" width=\"300\"  itemprop=\"thumbnailUrl\" srcset=\"https:\/\/www.aufildescordes-shibari.fr\/wp-content\/uploads\/2023\/12\/jeu-de-role4-signecorrige-300x246.jpg 300w, https:\/\/www.aufildescordes-shibari.fr\/wp-content\/uploads\/2023\/12\/jeu-de-role4-signecorrige-1030x843.jpg 1030w, https:\/\/www.aufildescordes-shibari.fr\/wp-content\/uploads\/2023\/12\/jeu-de-role4-signecorrige-768x629.jpg 768w, https:\/\/www.aufildescordes-shibari.fr\/wp-content\/uploads\/2023\/12\/jeu-de-role4-signecorrige-1536x1258.jpg 1536w, https:\/\/www.aufildescordes-shibari.fr\/wp-content\/uploads\/2023\/12\/jeu-de-role4-signecorrige-2048x1677.jpg 2048w, https:\/\/www.aufildescordes-shibari.fr\/wp-content\/uploads\/2023\/12\/jeu-de-role4-signecorrige-1500x1228.jpg 1500w, https:\/\/www.aufildescordes-shibari.fr\/wp-content\/uploads\/2023\/12\/jeu-de-role4-signecorrige-705x577.jpg 705w\" sizes=\"(max-width: 300px) 100vw, 300px\" \/><\/div><\/div><\/div><br \/>\n<section  class='av_textblock_section av-kv9x398w-2e40f4014e44c8ae1db7078fe2cf906b '   itemscope=\"itemscope\" itemtype=\"https:\/\/schema.org\/CreativeWork\" ><div class='avia_textblock'  itemprop=\"text\" ><h2 style=\"text-align: center;\">ELI ET NICOLAS<\/h2>\n<blockquote>\n<p>Passionn\u00e9s de cordes pour l\u2019esth\u00e9tique et la contrainte depuis leur enfance, Eli et Nicolas pratiquent ensemble depuis 2010 et ont particip\u00e9 aux cours de Shibari (appel\u00e9 aussi \u00ab\u00a0art de la corde\u00a0\u00bb) de nombreux enseignants fran\u00e7ais et internationaux (cours de niveaux avanc\u00e9s et masterclass) qu\u2019ils veillent \u00e0 continuer d\u2019enrichir au fil du temps :<\/p>\n<p><strong>\u00e0 l\u2019\u00c9cole des Cordes (Paris) :<\/strong><\/p>\n<ul>\n<li>Docvale (France) (2013)<\/li>\n<li>PhilipAnn de Beaumond (France) (2013 et 2014)<\/li>\n<li>Riccardo Wildties (Italie) (2013 et 2014)<\/li>\n<li>WykD Dave (Royaume-Uni) (2013)<\/li>\n<li>Satomi Zpira (France) (2014)<\/li>\n<\/ul>\n<p><strong>\u00e0 CARP\u00e9 (Paris) :<\/strong><\/p>\n<ul>\n<li>\u00a0Kazami Ranki (Japon) (2014)<\/li>\n<li>Tougo San (Japon) (2014)<\/li>\n<li>Nicolas Arnoys (Belgique) (de 2014 \u00e0 2017)<\/li>\n<li><em>\u00ab Danse avec les cordes \/ avec une chaise \u00bb<\/em> par Nicolas Arnoys (Belgique) (2018 et 2019)<\/li>\n<\/ul>\n<p><strong>\u00e0 la Place des Cordes (Paris) :<\/strong><\/p>\n<ul>\n<li>Nawashi Akechi Kanna (Japon) (2014)<\/li>\n<li><em>\u00ab Aikinawa Hojojutsu \u00bb<\/em> par Etsukushi (France) (2015)<\/li>\n<li>Kinoko Hajime (Japon) (2015)<\/li>\n<li>Andrea Ropes (Italie) (2015)<\/li>\n<li>Aku Aku (Japon) (2015)<\/li>\n<li><em>\u00ab Cours de photographies de Shibari \u00bb<\/em> par Amaury Grisel (France) (2015)<\/li>\n<li>Gorgone (Royaume-Uni) (2015 et 2016)<\/li>\n<li>Pedro (Portugal) (2016)<\/li>\n<li>Mosafir (Russie) (2017)<\/li>\n<\/ul>\n<p><strong>\u00e0 Lyon Shibari (Lyon) :<\/strong><\/p>\n<ul>\n<li>\u00a0Andrea Ropes (Italie) (2018)<\/li>\n<li>Nicolas Arnoys (Belgique) (2018)<\/li>\n<\/ul>\n<p><strong>\u00e0 l\u2019Atelier Simonet (Paris) :<\/strong><\/p>\n<ul>\n<li>\u00a0Nicolas Arnoys (Belgique) (2019)<\/li>\n<li><em>\u00ab Naka style : H\u00e9ritage I, II, III \u00bb<\/em> par Docvale (France) (2023 et 2024)<\/li>\n<li><em>\u00ab Hashira : partial-suspension I, II \u00bb<\/em> par Docvale (France) (2024)<\/li>\n<li><em>\u00ab Hashira : suspension I \u00bb<\/em> par Docvale (France) (2025)<\/li>\n<\/ul>\n<p><strong>au Dojo du Stadium (Paris) :<\/strong><\/p>\n<ul>\n<li><em>\u00ab Approche martiale du Shibari \u00bb<\/em> par Etsukushi (France) (2022)<\/li>\n<\/ul>\n<p><strong> au Studio Tiey (Anvers) :<\/strong><\/p>\n<ul>\n<li><em>\u00ab Yagami convention \u00bb<\/em> par Ren Yagami (Japon) et ses disciples Ludvig (Bulgarie) et Se\u00f1or Interior (Espagne) (2023)<\/li>\n<\/ul>\n<p><strong> au Batjulwon (Rh\u00f4ne-Alpes) :<\/strong><\/p>\n<ul>\n<li><em>\u00ab Escale corde : Shibari capture \u00bb<\/em> par Hwajae Yong (France) (2024)<\/li>\n<\/ul>\n<p><strong>au Yoro\u00ef Dojo (Bruxelles) :<\/strong><\/p>\n<ul>\n<li>Nicolas Arnoys (Belgique) (depuis 2016 jusque actuellement)<\/li>\n<li><em>\u00ab Danse en suspension \u00bb<\/em> par Nicolas Arnoys (Belgique) (2021).<\/li>\n<\/ul>\n<p>Nicolas Arnoys &amp; Deborah Sarura ont marqu\u00e9 leurs parcours, Eli &amp; Nicolas associant leur rencontre et amiti\u00e9 avec eux \u00e0 un \u00e9panouissement de leur pratique.<\/p>\n<p>Le \u00ab Kawaii-nawa \u00bb est leur signature : un style de corde acrobatique empli de sourires, de complicit\u00e9 et de peluches.<\/p>\n<p>Depuis septembre 2017, ils sont les dirigeants, performeurs et enseignants b\u00e9n\u00e9voles de l\u2019association \u00ab Au Fil des Cordes \u2013 association de Shibari en Normandie \u00bb. Ils ont \u00e9galement donn\u00e9 un workshop et une performance \u00e0 l\u2019association EDO \u00e0 Nantes.<\/p>\n<p>Ils partagent au sein de l\u2019association leurs passions : les cordes, le Japon, la d\u00e9coration, l\u2019aquarelle et la photographie.<\/p>\n<\/blockquote>\n<blockquote>\n<ul>\n<li style=\"list-style-type: none;\"><\/li>\n<\/ul>\n<\/blockquote>\n<\/div><\/section><\/p><\/div>\n<style type=\"text\/css\" data-created_by=\"avia_inline_auto\" id=\"style-css-av-2hvf3r-9c41ef6722646656a22dccf0e28859ef\">\n.flex_column.av-2hvf3r-9c41ef6722646656a22dccf0e28859ef{\nborder-radius:0px 0px 0px 0px;\npadding:0px 0px 0px 0px;\n}\n<\/style>\n<div  class='flex_column av-2hvf3r-9c41ef6722646656a22dccf0e28859ef av_two_fifth  avia-builder-el-13  el_after_av_one_full  el_before_av_three_fifth  first flex_column_div av-zero-column-padding  column-top-margin'     ><style type=\"text\/css\" data-created_by=\"avia_inline_auto\" id=\"style-css-av-kv9wtph2-4af822b222603c3a586fed443b50e860\">\n.avia-image-container.av-kv9wtph2-4af822b222603c3a586fed443b50e860 img.avia_image{\nbox-shadow:none;\n}\n.avia-image-container.av-kv9wtph2-4af822b222603c3a586fed443b50e860 .av-image-caption-overlay-center{\ncolor:#ffffff;\n}\n<\/style>\n<div  class='avia-image-container av-kv9wtph2-4af822b222603c3a586fed443b50e860 av-styling- avia_animated_image av-animated-when-visible-95 pop-up avia-align-center  avia-builder-el-14  avia-builder-el-no-sibling '   itemprop=\"image\" itemscope=\"itemscope\" itemtype=\"https:\/\/schema.org\/ImageObject\" ><div class=\"avia-image-container-inner\"><div class=\"avia-image-overlay-wrap\"><img decoding=\"async\" fetchpriority=\"high\" class='wp-image-6435 avia-img-lazy-loading-not-6435 avia_image ' src=\"https:\/\/www.aufildescordes-shibari.fr\/wp-content\/uploads\/2023\/09\/AFDC-Loe-300x300.jpg\" alt='' title='AFDC - Lo\u00e9'  height=\"300\" width=\"300\"  itemprop=\"thumbnailUrl\" srcset=\"https:\/\/www.aufildescordes-shibari.fr\/wp-content\/uploads\/2023\/09\/AFDC-Loe-300x300.jpg 300w, https:\/\/www.aufildescordes-shibari.fr\/wp-content\/uploads\/2023\/09\/AFDC-Loe-80x80.jpg 80w, https:\/\/www.aufildescordes-shibari.fr\/wp-content\/uploads\/2023\/09\/AFDC-Loe-768x768.jpg 768w, https:\/\/www.aufildescordes-shibari.fr\/wp-content\/uploads\/2023\/09\/AFDC-Loe-36x36.jpg 36w, https:\/\/www.aufildescordes-shibari.fr\/wp-content\/uploads\/2023\/09\/AFDC-Loe-180x180.jpg 180w, https:\/\/www.aufildescordes-shibari.fr\/wp-content\/uploads\/2023\/09\/AFDC-Loe-705x705.jpg 705w, https:\/\/www.aufildescordes-shibari.fr\/wp-content\/uploads\/2023\/09\/AFDC-Loe.jpg 1024w\" sizes=\"(max-width: 300px) 100vw, 300px\" \/><\/div><\/div><\/div><\/div><\/p>\n\n<style type=\"text\/css\" data-created_by=\"avia_inline_auto\" id=\"style-css-av-kv9wz126-3192dd35fe786b56790523f1ae0e3e84\">\n.flex_column.av-kv9wz126-3192dd35fe786b56790523f1ae0e3e84{\nborder-radius:0px 0px 0px 0px;\npadding:0px 0px 0px 0px;\n}\n<\/style>\n<div  class='flex_column av-kv9wz126-3192dd35fe786b56790523f1ae0e3e84 av_three_fifth  avia-builder-el-15  el_after_av_two_fifth  el_before_av_two_fifth  flex_column_div av-zero-column-padding  column-top-margin'     ><section  class='av_textblock_section av-kv9wuk4x-6844f51688085843227e42a8b8e6af45 '   itemscope=\"itemscope\" itemtype=\"https:\/\/schema.org\/CreativeWork\" ><div class='avia_textblock'  itemprop=\"text\" ><h2 style=\"text-align: center;\">LO<span class=\"ILfuVd\" lang=\"fr\"><span class=\"hgKElc\">\u00c9<\/span><\/span> DIA<\/h2>\n<blockquote>\n<p>Ayant grandi dans l&rsquo;univers de la batellerie et grand amateur de tango, c&rsquo;est \u00e0 l&rsquo;intersection de ces deux mondes, entre la manipulation des cordes et le langage des corps, que le Shibari est devenu le terrain de nouvelle d\u00e9couverte et une passion.<br \/>\nSwitch depuis 2016, il est \u00e9l\u00e8ve d&rsquo;Au Fil des Cordes depuis sa cr\u00e9ation en 2017 et a \u00e9volu\u00e9 vers une pratique majoritairement encordeur depuis 2019 avec sa rencontre avec C\u00e9l\u00e9nia.<br \/>\nResponsable et enseignant b\u00e9n\u00e9vole de l\u2019antenne caennaise Au Fil des Cordes depuis 2023.<\/p>\n<\/blockquote>\n<\/div><\/section><\/div>\n<div class='flex_column_table av-2hvf3r-1debf87afd3484052408e5d3be2d0cfa sc-av_two_fifth av-equal-height-column-flextable'>\n<style type=\"text\/css\" data-created_by=\"avia_inline_auto\" id=\"style-css-av-2hvf3r-1debf87afd3484052408e5d3be2d0cfa\">\n.flex_column.av-2hvf3r-1debf87afd3484052408e5d3be2d0cfa{\nborder-radius:0px 0px 0px 0px;\npadding:0px 0px 0px 0px;\n}\n<\/style>\n<div  class='flex_column av-2hvf3r-1debf87afd3484052408e5d3be2d0cfa av_two_fifth  avia-builder-el-17  el_after_av_three_fifth  el_before_av_three_fifth  first flex_column_table_cell av-equal-height-column av-align-middle av-zero-column-padding  '     ><style type=\"text\/css\" data-created_by=\"avia_inline_auto\" id=\"style-css-av-kv9wtph2-03397dd572b2c32324eb648f16af8947\">\n.avia-image-container.av-kv9wtph2-03397dd572b2c32324eb648f16af8947 img.avia_image{\nbox-shadow:none;\n}\n.avia-image-container.av-kv9wtph2-03397dd572b2c32324eb648f16af8947 .av-image-caption-overlay-center{\ncolor:#ffffff;\n}\n<\/style>\n<div  class='avia-image-container av-kv9wtph2-03397dd572b2c32324eb648f16af8947 av-styling- avia_animated_image av-animated-when-visible-95 pop-up avia-align-center  avia-builder-el-18  avia-builder-el-no-sibling '   itemprop=\"image\" itemscope=\"itemscope\" itemtype=\"https:\/\/schema.org\/ImageObject\" ><div class=\"avia-image-container-inner\"><div class=\"avia-image-overlay-wrap\"><img decoding=\"async\" fetchpriority=\"high\" class='wp-image-6434 avia-img-lazy-loading-not-6434 avia_image ' src=\"https:\/\/www.aufildescordes-shibari.fr\/wp-content\/uploads\/2023\/09\/AFDC-Celenia-300x300.jpg\" alt='' title='AFDC - C\u00e9l\u00e9nia'  height=\"300\" width=\"300\"  itemprop=\"thumbnailUrl\" srcset=\"https:\/\/www.aufildescordes-shibari.fr\/wp-content\/uploads\/2023\/09\/AFDC-Celenia-300x300.jpg 300w, https:\/\/www.aufildescordes-shibari.fr\/wp-content\/uploads\/2023\/09\/AFDC-Celenia-80x80.jpg 80w, https:\/\/www.aufildescordes-shibari.fr\/wp-content\/uploads\/2023\/09\/AFDC-Celenia-768x768.jpg 768w, https:\/\/www.aufildescordes-shibari.fr\/wp-content\/uploads\/2023\/09\/AFDC-Celenia-36x36.jpg 36w, https:\/\/www.aufildescordes-shibari.fr\/wp-content\/uploads\/2023\/09\/AFDC-Celenia-180x180.jpg 180w, https:\/\/www.aufildescordes-shibari.fr\/wp-content\/uploads\/2023\/09\/AFDC-Celenia-705x705.jpg 705w, https:\/\/www.aufildescordes-shibari.fr\/wp-content\/uploads\/2023\/09\/AFDC-Celenia.jpg 1024w\" sizes=\"(max-width: 300px) 100vw, 300px\" \/><\/div><\/div><\/div><\/div>\n<div class='av-flex-placeholder'><\/div>\n<style type=\"text\/css\" data-created_by=\"avia_inline_auto\" id=\"style-css-av-kv9wz126-3192dd35fe786b56790523f1ae0e3e84\">\n.flex_column.av-kv9wz126-3192dd35fe786b56790523f1ae0e3e84{\nborder-radius:0px 0px 0px 0px;\npadding:0px 0px 0px 0px;\n}\n<\/style>\n<div  class='flex_column av-kv9wz126-3192dd35fe786b56790523f1ae0e3e84 av_three_fifth  avia-builder-el-19  el_after_av_two_fifth  el_before_av_textblock  flex_column_table_cell av-equal-height-column av-align-middle av-zero-column-padding  '     ><section  class='av_textblock_section av-kv9wuk4x-6844f51688085843227e42a8b8e6af45 '   itemscope=\"itemscope\" itemtype=\"https:\/\/schema.org\/CreativeWork\" ><div class='avia_textblock'  itemprop=\"text\" ><h2 style=\"text-align: center;\">C<span class=\"ILfuVd\" lang=\"fr\"><span class=\"hgKElc\">\u00c9<\/span><\/span>L<span class=\"ILfuVd\" lang=\"fr\"><span class=\"hgKElc\">\u00c9<\/span><\/span>NIA<\/h2>\n<blockquote>\n<p>Amatrice de culture asiatique, de jeux vid\u00e9o et de manga,<br \/>\nelle a rejoint le monde des cordes par curiosit\u00e9 et continue d&rsquo;enrichir cette pratique gr\u00e2ce \u00e0 sa rencontre avec Lo\u00e9 Dia et l&rsquo;association Au Fil des Cordes.<br \/>\nMod\u00e8le depuis 2019 et encordeuse en apprentissage depuis 2022.<br \/>\nResponsable et enseignante b\u00e9n\u00e9vole de l\u2019antenne caennaise Au Fil des Cordes depuis 2023.<\/p>\n<\/blockquote>\n<\/div><\/section><\/div><\/div><!--close column table wrapper. Autoclose: 1 -->\n\n<style type=\"text\/css\" data-created_by=\"avia_inline_auto\" id=\"style-css-av-kv9x1na7-007e298e0bde4ab56d713e234123ad3a\">\n#top .av_textblock_section.av-kv9x1na7-007e298e0bde4ab56d713e234123ad3a .avia_textblock{\ncolor:#b02b2c;\n}\n<\/style>\n<section  class='av_textblock_section av-kv9x1na7-007e298e0bde4ab56d713e234123ad3a '   itemscope=\"itemscope\" itemtype=\"https:\/\/schema.org\/CreativeWork\" ><div class='avia_textblock av_inherit_color'  itemprop=\"text\" ><hr \/>\n<h4 class=\"has-text-align-center\" style=\"text-align: center;\"><em>\u2018\u2019 Nous veillons \u00e0 votre accueil et sommes \u00e0 votre disposition.<br \/>\nN\u2019h\u00e9sitez pas \u00e0 nous poser des questions, nous rendre visite ou en parler autour de vous.<br \/>\nEli &#038; Nicolas, C\u00e9l\u00e9nia &#038; Lo\u00e9\u201d<\/em><\/h4>\n<\/div><\/section>\n\n<style type=\"text\/css\" data-created_by=\"avia_inline_auto\" id=\"style-css-av-kv97z7t9-5572a2c0c496ec9f49d9cecb20e431cf\">\n.av_font_icon.av-kv97z7t9-5572a2c0c496ec9f49d9cecb20e431cf{\ncolor:#878787;\nborder-color:#878787;\n}\n.av_font_icon.av-kv97z7t9-5572a2c0c496ec9f49d9cecb20e431cf .av-icon-char{\nfont-size:40px;\nline-height:40px;\n}\n<\/style>\n<span  class='av_font_icon av-kv97z7t9-5572a2c0c496ec9f49d9cecb20e431cf avia_animate_when_visible av-icon-style- avia-icon-pos-center avia-icon-animate'><a href='https:\/\/www.aufildescordes-shibari.fr\/?page_id=1264'   class='av-icon-char' aria-hidden='false' data-av_icon='\ue830' data-av_iconfont='entypo-fontello' data-avia-icon-tooltip=\"&lt;br \/&gt;\nRetour \u00e0 l&amp;rsquo;onglet association&lt;br \/&gt;\n\"><\/a><\/span>\n","protected":false},"excerpt":{"rendered":"","protected":false},"author":3,"featured_media":0,"parent":0,"menu_order":0,"comment_status":"closed","ping_status":"closed","template":"","meta":{"_price":"","_stock":"","_tribe_ticket_header":"","_tribe_default_ticket_provider":"","_ticket_start_date":"","_ticket_end_date":"","_tribe_ticket_show_description":"","_tribe_ticket_show_not_going":false,"_tribe_ticket_use_global_stock":"","_tribe_ticket_global_stock_level":"","_global_stock_mode":"","_global_stock_cap":"","_tribe_rsvp_for_event":"","_tribe_ticket_going_count":"","_tribe_ticket_not_going_count":"","_tribe_tickets_list":"[]","_tribe_ticket_has_attendee_info_fields":false,"footnotes":"","_tec_slr_enabled":"","_tec_slr_layout":""},"class_list":["post-1735","page","type-page","status-publish","hentry"],"ticketed":false,"_links":{"self":[{"href":"https:\/\/www.aufildescordes-shibari.fr\/index.php?rest_route=\/wp\/v2\/pages\/1735","targetHints":{"allow":["GET"]}}],"collection":[{"href":"https:\/\/www.aufildescordes-shibari.fr\/index.php?rest_route=\/wp\/v2\/pages"}],"about":[{"href":"https:\/\/www.aufildescordes-shibari.fr\/index.php?rest_route=\/wp\/v2\/types\/page"}],"author":[{"embeddable":true,"href":"https:\/\/www.aufildescordes-shibari.fr\/index.php?rest_route=\/wp\/v2\/users\/3"}],"replies":[{"embeddable":true,"href":"https:\/\/www.aufildescordes-shibari.fr\/index.php?rest_route=%2Fwp%2Fv2%2Fcomments&post=1735"}],"version-history":[{"count":122,"href":"https:\/\/www.aufildescordes-shibari.fr\/index.php?rest_route=\/wp\/v2\/pages\/1735\/revisions"}],"predecessor-version":[{"id":8435,"href":"https:\/\/www.aufildescordes-shibari.fr\/index.php?rest_route=\/wp\/v2\/pages\/1735\/revisions\/8435"}],"wp:attachment":[{"href":"https:\/\/www.aufildescordes-shibari.fr\/index.php?rest_route=%2Fwp%2Fv2%2Fmedia&parent=1735"}],"curies":[{"name":"wp","href":"https:\/\/api.w.org\/{rel}","templated":true}]}}