{"id":2002,"date":"2021-10-26T11:53:50","date_gmt":"2021-10-26T11:53:50","guid":{"rendered":"https:\/\/www.aufildescordes-shibari.fr\/?page_id=2002"},"modified":"2026-03-26T16:19:36","modified_gmt":"2026-03-26T16:19:36","slug":"2002-2","status":"publish","type":"page","link":"https:\/\/www.aufildescordes-shibari.fr\/?page_id=2002","title":{"rendered":"Galeries des jams ludiques"},"content":{"rendered":"\n<style type=\"text\/css\" data-created_by=\"avia_inline_auto\" id=\"style-css-av-kv96mgtu-f3e9eef254bfba90953e7739559b097b\">\n.avia-section.av-kv96mgtu-f3e9eef254bfba90953e7739559b097b{\nbackground-color:#000000;\nbackground-image:unset;\n}\n<\/style>\n<div id='av_section_1'  class='avia-section av-kv96mgtu-f3e9eef254bfba90953e7739559b097b main_color avia-section-default avia-no-border-styling  avia-builder-el-0  avia-builder-el-no-sibling  avia-bg-style-scroll container_wrap fullsize'  ><div class='container av-section-cont-open' ><main  role=\"main\" itemprop=\"mainContentOfPage\"  class='template-page content  av-content-full alpha units'><div class='post-entry post-entry-type-page post-entry-2002'><div class='entry-content-wrapper clearfix'>\n\n<style type=\"text\/css\" data-created_by=\"avia_inline_auto\" id=\"style-css-av-kv97z7t9-208d247453040cd0aff9d8a2f1f39cfd\">\n.av_font_icon.av-kv97z7t9-208d247453040cd0aff9d8a2f1f39cfd .av-icon-char{\nfont-size:40px;\nline-height:40px;\n}\n<\/style>\n<span  class='av_font_icon av-kv97z7t9-208d247453040cd0aff9d8a2f1f39cfd avia_animate_when_visible av-icon-style- avia-icon-pos-center av-no-color avia-icon-animate'><a href='https:\/\/www.aufildescordes-shibari.fr\/?page_id=860'   class='av-icon-char' aria-hidden='false' data-av_icon='\ue830' data-av_iconfont='entypo-fontello' data-avia-icon-tooltip=\"\nRetour aux galeries des jams&lt;br \/&gt;\n\"><\/a><\/span>\n\n<style type=\"text\/css\" data-created_by=\"avia_inline_auto\" id=\"style-css-av-2fwhaq-c679d268e4d51d5d92ef7d4d491177fe\">\n#top .av-special-heading.av-2fwhaq-c679d268e4d51d5d92ef7d4d491177fe{\npadding-bottom:10px;\ncolor:#ffffff;\n}\nbody .av-special-heading.av-2fwhaq-c679d268e4d51d5d92ef7d4d491177fe .av-special-heading-tag .heading-char{\nfont-size:25px;\n}\n.av-special-heading.av-2fwhaq-c679d268e4d51d5d92ef7d4d491177fe .special-heading-inner-border{\nborder-color:#ffffff;\n}\n.av-special-heading.av-2fwhaq-c679d268e4d51d5d92ef7d4d491177fe .av-subheading{\nfont-size:15px;\n}\n<\/style>\n<div  class='av-special-heading av-2fwhaq-c679d268e4d51d5d92ef7d4d491177fe av-special-heading-h1 custom-color-heading blockquote elegant-quote elegant-centered  avia-builder-el-2  el_after_av_font_icon  el_before_av_one_half '><h1 class='av-special-heading-tag '  itemprop=\"headline\"  ><span class=\"heading-wrap\">Galerie des jams ludiques<\/span><\/h1><div class='av_custom_color av-subheading av-subheading_below'><p>Des galeries photos souvenirs des jams avec des activit\u00e9s ludiques de cordes sur un th\u00e8me d\u00e9coratif et\/ou de pratique.<\/p>\n<\/div><div class=\"special-heading-border\"><div class=\"special-heading-inner-border\"><\/div><\/div><\/div>\n<div class='flex_column_table av-4o0cqq-cd636972561840fca816a627ca0c9ca7 sc-av_one_half av-equal-height-column-flextable'>\n<style type=\"text\/css\" data-created_by=\"avia_inline_auto\" id=\"style-css-av-4o0cqq-cd636972561840fca816a627ca0c9ca7\">\n.flex_column.av-4o0cqq-cd636972561840fca816a627ca0c9ca7{\nborder-radius:0px 0px 0px 0px;\npadding:0px 0px 0px 0px;\n}\n<\/style>\n<div  class='flex_column av-4o0cqq-cd636972561840fca816a627ca0c9ca7 av_one_half  avia-builder-el-3  el_after_av_heading  el_before_av_one_half  first flex_column_table_cell av-equal-height-column av-align-top av-animated-generic pop-up av-zero-column-padding  '     ><style type=\"text\/css\" data-created_by=\"avia_inline_auto\" id=\"style-css-av-mmnen697-e6a0e62a564cefe25a910a373c5831d5\">\n.iconbox.av-mmnen697-e6a0e62a564cefe25a910a373c5831d5 .iconbox_icon{\nbackground-color:#000000;\nborder:1px solid #ffffff;\ncolor:#ffffff;\n}\n#top #wrap_all .iconbox.av-mmnen697-e6a0e62a564cefe25a910a373c5831d5 .iconbox_content_title{\nfont-size:20px;\ncolor:#000000;\n}\n.iconbox.av-mmnen697-e6a0e62a564cefe25a910a373c5831d5 .iconbox_content_container{\ncolor:#ffffff;\n}\n<\/style>\n<article  class='iconbox iconbox_top av-mmnen697-e6a0e62a564cefe25a910a373c5831d5  avia-builder-el-4  avia-builder-el-no-sibling  main_color'  itemscope=\"itemscope\" itemtype=\"https:\/\/schema.org\/CreativeWork\" ><div class=\"iconbox_content\"><header class=\"entry-content-header\" aria-label=\"Icon: &quot;SHIBALLOWEEN&quot;\"><div class=\"iconbox_icon heading-color\" aria-hidden='true' data-av_icon='\ue80f' data-av_iconfont='entypo-fontello'><\/div><h3 class='iconbox_content_title '  itemprop=\"headline\" ><a href='https:\/\/www.aufildescordes-shibari.fr\/?page_id=3287' title='&quot;SHIBALLOWEEN&quot;'  >\"SHIBALLOWEEN\"<\/a><\/h3><\/header><div class='iconbox_content_container av_inherit_color'  itemprop=\"text\" ><p><a href=\"https:\/\/www.aufildescordes-shibari.fr\/?page_id=3287\"><img loading=\"lazy\" decoding=\"async\" class=\"size-medium wp-image-3356\" src=\"https:\/\/www.aufildescordes-shibari.fr\/wp-content\/uploads\/2022\/01\/DSC06708eclaircie-1-300x200.jpg\" alt=\"\" width=\"300\" height=\"200\" srcset=\"https:\/\/www.aufildescordes-shibari.fr\/wp-content\/uploads\/2022\/01\/DSC06708eclaircie-1-300x200.jpg 300w, https:\/\/www.aufildescordes-shibari.fr\/wp-content\/uploads\/2022\/01\/DSC06708eclaircie-1-1030x686.jpg 1030w, https:\/\/www.aufildescordes-shibari.fr\/wp-content\/uploads\/2022\/01\/DSC06708eclaircie-1-768x512.jpg 768w, https:\/\/www.aufildescordes-shibari.fr\/wp-content\/uploads\/2022\/01\/DSC06708eclaircie-1-1536x1023.jpg 1536w, https:\/\/www.aufildescordes-shibari.fr\/wp-content\/uploads\/2022\/01\/DSC06708eclaircie-1-1500x999.jpg 1500w, https:\/\/www.aufildescordes-shibari.fr\/wp-content\/uploads\/2022\/01\/DSC06708eclaircie-1-705x470.jpg 705w, https:\/\/www.aufildescordes-shibari.fr\/wp-content\/uploads\/2022\/01\/DSC06708eclaircie-1.jpg 1801w\" sizes=\"auto, (max-width: 300px) 100vw, 300px\" \/><\/a><\/p>\n<\/div><\/div><footer class=\"entry-footer\"><\/footer><\/article><\/div><div class='av-flex-placeholder'><\/div>\n<style type=\"text\/css\" data-created_by=\"avia_inline_auto\" id=\"style-css-av-22vy0i-e9468a1b9acbe7ac4a1e4fa077bd59cb\">\n.flex_column.av-22vy0i-e9468a1b9acbe7ac4a1e4fa077bd59cb{\nborder-radius:0px 0px 0px 0px;\npadding:0px 0px 0px 0px;\n}\n<\/style>\n<div  class='flex_column av-22vy0i-e9468a1b9acbe7ac4a1e4fa077bd59cb av_one_half  avia-builder-el-5  el_after_av_one_half  el_before_av_font_icon  flex_column_table_cell av-equal-height-column av-align-top av-animated-generic pop-up av-zero-column-padding  '     ><style type=\"text\/css\" data-created_by=\"avia_inline_auto\" id=\"style-css-av-mmnetadd-bbc2b916d1d4a5f2a0a91db5e5f95f03\">\n.iconbox.av-mmnetadd-bbc2b916d1d4a5f2a0a91db5e5f95f03 .iconbox_icon{\nbackground-color:#000000;\nborder:1px solid #ffffff;\ncolor:#ffffff;\n}\n#top #wrap_all .iconbox.av-mmnetadd-bbc2b916d1d4a5f2a0a91db5e5f95f03 .iconbox_content_title{\nfont-size:20px;\ncolor:#000000;\n}\n.iconbox.av-mmnetadd-bbc2b916d1d4a5f2a0a91db5e5f95f03 .iconbox_content_container{\ncolor:#ffffff;\n}\n<\/style>\n<article  class='iconbox iconbox_top av-mmnetadd-bbc2b916d1d4a5f2a0a91db5e5f95f03  avia-builder-el-6  avia-builder-el-no-sibling  main_color'  itemscope=\"itemscope\" itemtype=\"https:\/\/schema.org\/CreativeWork\" ><div class=\"iconbox_content\"><header class=\"entry-content-header\" aria-label=\"Icon: &quot;SHIBARIVEILLON&quot;\"><div class=\"iconbox_icon heading-color\" aria-hidden='true' data-av_icon='\ue80f' data-av_iconfont='entypo-fontello'><\/div><h3 class='iconbox_content_title '  itemprop=\"headline\" ><a href='https:\/\/www.aufildescordes-shibari.fr\/?page_id=3396' title='&quot;SHIBARIVEILLON&quot;'  >\"SHIBARIVEILLON\"<\/a><\/h3><\/header><div class='iconbox_content_container av_inherit_color'  itemprop=\"text\" ><p><a href=\"https:\/\/www.aufildescordes-shibari.fr\/?page_id=3396\"><img loading=\"lazy\" decoding=\"async\" class=\"size-medium wp-image-3411\" src=\"https:\/\/www.aufildescordes-shibari.fr\/wp-content\/uploads\/2022\/01\/DSC07721-4Za-300x200.jpg\" alt=\"\" width=\"300\" height=\"200\" srcset=\"https:\/\/www.aufildescordes-shibari.fr\/wp-content\/uploads\/2022\/01\/DSC07721-4Za-300x200.jpg 300w, https:\/\/www.aufildescordes-shibari.fr\/wp-content\/uploads\/2022\/01\/DSC07721-4Za-1030x686.jpg 1030w, https:\/\/www.aufildescordes-shibari.fr\/wp-content\/uploads\/2022\/01\/DSC07721-4Za-768x512.jpg 768w, https:\/\/www.aufildescordes-shibari.fr\/wp-content\/uploads\/2022\/01\/DSC07721-4Za-1536x1023.jpg 1536w, https:\/\/www.aufildescordes-shibari.fr\/wp-content\/uploads\/2022\/01\/DSC07721-4Za-1500x999.jpg 1500w, https:\/\/www.aufildescordes-shibari.fr\/wp-content\/uploads\/2022\/01\/DSC07721-4Za-705x470.jpg 705w, https:\/\/www.aufildescordes-shibari.fr\/wp-content\/uploads\/2022\/01\/DSC07721-4Za.jpg 1801w\" sizes=\"auto, (max-width: 300px) 100vw, 300px\" \/><\/a><\/p>\n<\/div><\/div><footer class=\"entry-footer\"><\/footer><\/article><\/div><\/div><!--close column table wrapper. Autoclose: 1 -->\n<style type=\"text\/css\" data-created_by=\"avia_inline_auto\" id=\"style-css-av-kv97z7t9-3-3bede5a3ccf2013f8dba35d537761646\">\n.av_font_icon.av-kv97z7t9-3-3bede5a3ccf2013f8dba35d537761646 .av-icon-char{\nfont-size:40px;\nline-height:40px;\n}\n<\/style>\n<span  class='av_font_icon av-kv97z7t9-3-3bede5a3ccf2013f8dba35d537761646 avia_animate_when_visible av-icon-style- avia-icon-pos-center av-no-color avia-icon-animate'><a href='https:\/\/www.aufildescordes-shibari.fr\/?page_id=860'   class='av-icon-char' aria-hidden='false' data-av_icon='\ue830' data-av_iconfont='entypo-fontello' data-avia-icon-tooltip=\"\nRetour aux galeries des jams&lt;br \/&gt;\n\"><\/a><\/span>\n\n","protected":false},"excerpt":{"rendered":"","protected":false},"author":3,"featured_media":0,"parent":0,"menu_order":0,"comment_status":"closed","ping_status":"closed","template":"","meta":{"_price":"","_stock":"","_tribe_ticket_header":"","_tribe_default_ticket_provider":"","_ticket_start_date":"","_ticket_end_date":"","_tribe_ticket_show_description":"","_tribe_ticket_show_not_going":false,"_tribe_ticket_use_global_stock":"","_tribe_ticket_global_stock_level":"","_global_stock_mode":"","_global_stock_cap":"","_tribe_rsvp_for_event":"","_tribe_ticket_going_count":"","_tribe_ticket_not_going_count":"","_tribe_tickets_list":"[]","_tribe_ticket_has_attendee_info_fields":false,"footnotes":"","_tec_slr_enabled":"","_tec_slr_layout":""},"class_list":["post-2002","page","type-page","status-publish","hentry"],"ticketed":false,"_links":{"self":[{"href":"https:\/\/www.aufildescordes-shibari.fr\/index.php?rest_route=\/wp\/v2\/pages\/2002","targetHints":{"allow":["GET"]}}],"collection":[{"href":"https:\/\/www.aufildescordes-shibari.fr\/index.php?rest_route=\/wp\/v2\/pages"}],"about":[{"href":"https:\/\/www.aufildescordes-shibari.fr\/index.php?rest_route=\/wp\/v2\/types\/page"}],"author":[{"embeddable":true,"href":"https:\/\/www.aufildescordes-shibari.fr\/index.php?rest_route=\/wp\/v2\/users\/3"}],"replies":[{"embeddable":true,"href":"https:\/\/www.aufildescordes-shibari.fr\/index.php?rest_route=%2Fwp%2Fv2%2Fcomments&post=2002"}],"version-history":[{"count":25,"href":"https:\/\/www.aufildescordes-shibari.fr\/index.php?rest_route=\/wp\/v2\/pages\/2002\/revisions"}],"predecessor-version":[{"id":8837,"href":"https:\/\/www.aufildescordes-shibari.fr\/index.php?rest_route=\/wp\/v2\/pages\/2002\/revisions\/8837"}],"wp:attachment":[{"href":"https:\/\/www.aufildescordes-shibari.fr\/index.php?rest_route=%2Fwp%2Fv2%2Fmedia&parent=2002"}],"curies":[{"name":"wp","href":"https:\/\/api.w.org\/{rel}","templated":true}]}}