{"id":4400,"date":"2022-01-08T14:00:21","date_gmt":"2022-01-08T14:00:21","guid":{"rendered":"https:\/\/www.aufildescordes-shibari.fr\/?page_id=4400"},"modified":"2025-09-05T07:49:07","modified_gmt":"2025-09-05T07:49:07","slug":"definition-du-shibari","status":"publish","type":"page","link":"https:\/\/www.aufildescordes-shibari.fr\/?page_id=4400","title":{"rendered":"D\u00e9finition du Shibari"},"content":{"rendered":"\n<style type=\"text\/css\" data-created_by=\"avia_inline_auto\" id=\"style-css-av-kv97z7t9-22e6ab88ce8315270ad30382e44ebe2c\">\n.av_font_icon.av-kv97z7t9-22e6ab88ce8315270ad30382e44ebe2c .av-icon-char{\nfont-size:40px;\nline-height:40px;\n}\n<\/style>\n<span  class='av_font_icon av-kv97z7t9-22e6ab88ce8315270ad30382e44ebe2c avia_animate_when_visible av-icon-style- avia-icon-pos-center av-no-color avia-icon-animate'><a href='https:\/\/www.aufildescordes-shibari.fr\/?page_id=1460'   class='av-icon-char' aria-hidden='false' data-av_icon='\ue830' data-av_iconfont='entypo-fontello' data-avia-icon-tooltip=\"&lt;br \/&gt;\nRetour \u00e0 Au Fil des Cordes, qu&amp;rsquo;est-ce que  c&amp;rsquo;est ?&lt;br \/&gt;\n\"><\/a><\/span>\n\n<style type=\"text\/css\" data-created_by=\"avia_inline_auto\" id=\"style-css-av-ljd21aat-013bc307848a1f5cdda6bc1d5d2a5eae\">\n#top .av-special-heading.av-ljd21aat-013bc307848a1f5cdda6bc1d5d2a5eae{\npadding-bottom:50px;\n}\nbody .av-special-heading.av-ljd21aat-013bc307848a1f5cdda6bc1d5d2a5eae .av-special-heading-tag .heading-char{\nfont-size:25px;\n}\n.av-special-heading.av-ljd21aat-013bc307848a1f5cdda6bc1d5d2a5eae .av-subheading{\nfont-size:15px;\n}\n<\/style>\n<div  class='av-special-heading av-ljd21aat-013bc307848a1f5cdda6bc1d5d2a5eae av-special-heading-h1 blockquote elegant-quote elegant-centered  avia-builder-el-1  el_after_av_font_icon  el_before_av_textblock '><h1 class='av-special-heading-tag '  itemprop=\"headline\"  ><span class=\"heading-wrap\">D\u00e9finition du Shibari<\/span><\/h1><div class=\"special-heading-border\"><div class=\"special-heading-inner-border\"><\/div><\/div><\/div>\n\n<style type=\"text\/css\" data-created_by=\"avia_inline_auto\" id=\"style-css-av-mf5n68ew-aa98d5c0cd14946a514829f9465aaec3\">\n#top .av_textblock_section.av-mf5n68ew-aa98d5c0cd14946a514829f9465aaec3 .avia_textblock{\ncolor:#b02b2c;\n}\n<\/style>\n<section  class='av_textblock_section av-mf5n68ew-aa98d5c0cd14946a514829f9465aaec3 '   itemscope=\"itemscope\" itemtype=\"https:\/\/schema.org\/CreativeWork\" ><div class='avia_textblock av_inherit_color'  itemprop=\"text\" ><h4><em>La discipline du \u00ab\u00a0Shibari\u00a0\u00bb puise ses origines dans un art martial japonais. Au fil des si\u00e8cles, cet art martial a subi plusieurs \u00e9volutions jusqu\u2019\u00e0 devenir l\u2019art de la corde tel qu&rsquo;il est connu aujourd\u2019hui.<\/em><\/h4>\n<p><em>\u00a0<\/em><\/p>\n<\/div><\/section>\n<div class='flex_column_table av-97ogsg-0816b6787d2df17d10f0ee3676c9cafb sc-av_two_fifth av-equal-height-column-flextable'>\n<style type=\"text\/css\" data-created_by=\"avia_inline_auto\" id=\"style-css-av-97ogsg-0816b6787d2df17d10f0ee3676c9cafb\">\n#top .flex_column_table.av-equal-height-column-flextable.av-97ogsg-0816b6787d2df17d10f0ee3676c9cafb{\nmargin-top:20px;\nmargin-bottom:20px;\n}\n.flex_column.av-97ogsg-0816b6787d2df17d10f0ee3676c9cafb{\nwidth:38.2%;\nmargin-left:0;\nborder-radius:0px 0px 0px 0px;\npadding:0px 0px 0px 0px;\n}\n#top .flex_column_table.av-equal-height-column-flextable.av-97ogsg-0816b6787d2df17d10f0ee3676c9cafb .av-flex-placeholder{\nwidth:3%;\n}\n<\/style>\n<div  class='flex_column av-97ogsg-0816b6787d2df17d10f0ee3676c9cafb av_two_fifth  avia-builder-el-3  el_after_av_textblock  el_before_av_three_fifth  first flex_column_table_cell av-equal-height-column av-align-middle av-zero-column-padding  column-top-margin'     ><style type=\"text\/css\" data-created_by=\"avia_inline_auto\" id=\"style-css-av-ky5w54d2-40ac778dd6084217a2fb2fab0a618903\">\n.avia-image-container.av-ky5w54d2-40ac778dd6084217a2fb2fab0a618903 img.avia_image{\nbox-shadow:none;\n}\n.avia-image-container.av-ky5w54d2-40ac778dd6084217a2fb2fab0a618903 .av-image-caption-overlay-center{\ncolor:#ffffff;\n}\n<\/style>\n<div  class='avia-image-container av-ky5w54d2-40ac778dd6084217a2fb2fab0a618903 av-styling- avia-align-center  avia-builder-el-4  avia-builder-el-no-sibling '   itemprop=\"image\" itemscope=\"itemscope\" itemtype=\"https:\/\/schema.org\/ImageObject\" ><div class=\"avia-image-container-inner\"><div class=\"avia-image-overlay-wrap\"><img decoding=\"async\" fetchpriority=\"high\" class='wp-image-8455 avia-img-lazy-loading-not-8455 avia_image ' src=\"https:\/\/www.aufildescordes-shibari.fr\/wp-content\/uploads\/2025\/09\/shibari-kinbaku-sans-image-scaled.jpg\" alt='' title='shibari &amp; kinbaku sans image'  height=\"2560\" width=\"2318\"  itemprop=\"thumbnailUrl\" srcset=\"https:\/\/www.aufildescordes-shibari.fr\/wp-content\/uploads\/2025\/09\/shibari-kinbaku-sans-image-scaled.jpg 2318w, https:\/\/www.aufildescordes-shibari.fr\/wp-content\/uploads\/2025\/09\/shibari-kinbaku-sans-image-272x300.jpg 272w, https:\/\/www.aufildescordes-shibari.fr\/wp-content\/uploads\/2025\/09\/shibari-kinbaku-sans-image-933x1030.jpg 933w, https:\/\/www.aufildescordes-shibari.fr\/wp-content\/uploads\/2025\/09\/shibari-kinbaku-sans-image-768x848.jpg 768w, https:\/\/www.aufildescordes-shibari.fr\/wp-content\/uploads\/2025\/09\/shibari-kinbaku-sans-image-1391x1536.jpg 1391w, https:\/\/www.aufildescordes-shibari.fr\/wp-content\/uploads\/2025\/09\/shibari-kinbaku-sans-image-1855x2048.jpg 1855w, https:\/\/www.aufildescordes-shibari.fr\/wp-content\/uploads\/2025\/09\/shibari-kinbaku-sans-image-1358x1500.jpg 1358w, https:\/\/www.aufildescordes-shibari.fr\/wp-content\/uploads\/2025\/09\/shibari-kinbaku-sans-image-638x705.jpg 638w\" sizes=\"(max-width: 2318px) 100vw, 2318px\" \/><\/div><\/div><\/div><\/div>\n<div class='av-flex-placeholder'><\/div>\n<style type=\"text\/css\" data-created_by=\"avia_inline_auto\" id=\"style-css-av-8qxr9c-5f75dc68826c531d3474a03a01ef22fe\">\n#top .flex_column_table.av-equal-height-column-flextable.av-8qxr9c-5f75dc68826c531d3474a03a01ef22fe{\nmargin-top:20px;\nmargin-bottom:20px;\n}\n.flex_column.av-8qxr9c-5f75dc68826c531d3474a03a01ef22fe{\nwidth:58.8%;\nmargin-left:0;\nborder-radius:0px 0px 0px 0px;\npadding:0px 0px 0px 0px;\n}\n#top .flex_column_table.av-equal-height-column-flextable.av-8qxr9c-5f75dc68826c531d3474a03a01ef22fe .av-flex-placeholder{\nwidth:3%;\n}\n<\/style>\n<div  class='flex_column av-8qxr9c-5f75dc68826c531d3474a03a01ef22fe av_three_fifth  avia-builder-el-5  el_after_av_two_fifth  el_before_av_two_fifth  flex_column_table_cell av-equal-height-column av-align-middle av-zero-column-padding  column-top-margin'     ><section  class='av_textblock_section av-mf5lecwb-0078af1e5fadfd74a477a60d29b1a57d '   itemscope=\"itemscope\" itemtype=\"https:\/\/schema.org\/CreativeWork\" ><div class='avia_textblock'  itemprop=\"text\" ><blockquote>\n<p><strong>\u00ab\u00a0Shibari\u00a0\u00bb<\/strong> signifie en japonais<strong> \u00ab\u00a0attache\u00a0\u00bb<\/strong> dans tous les sens du terme, que soit fonctionnel (attache d&rsquo;une ficelle autour d&rsquo;un colis), esth\u00e9tique (attache d&rsquo;un ruban autour d&rsquo;une enveloppe) ou bien spirituel (attache d&rsquo;une corde autour d&rsquo;un arbre ancien ou d&rsquo;un rocher).<br \/>\nLes pratiques de Shibari en lien avec la sexualit\u00e9, l&rsquo;\u00e9rotisme, et le BDSM (Bondage Domination Soumission Sadisme Masochisme) sont regroup\u00e9es sous le terme de <strong>\u00ab\u00a0Kinbaku\u00a0\u00bb<\/strong> qui signifie litt\u00e9ralement <strong>\u00ab\u00a0ligotage strict\u00a0\u00bb.<\/strong><\/p>\n<p>Le Shibari est donc un terme regroupant un large spectre de pratiques au sein desquelles naviguent les personnes au gr\u00e9 de leurs envies et objectifs.<\/p>\n<p>C&rsquo;est depuis les ann\u00e9es 2010 que le Shibari, et son esth\u00e9tisme, percole dans les autres domaines artistiques et la culture populaire : clips musicaux, expositions, romans, films et s\u00e9ries, etc.<\/p>\n<\/blockquote>\n<\/div><\/section><\/div><\/div><!--close column table wrapper. Autoclose: 1 -->\n<div class='flex_column_table av-849kjk-3cf3d1f52e3babf06c2d1048b6bea3f4 sc-av_two_fifth av-equal-height-column-flextable'>\n<style type=\"text\/css\" data-created_by=\"avia_inline_auto\" id=\"style-css-av-849kjk-3cf3d1f52e3babf06c2d1048b6bea3f4\">\n#top .flex_column_table.av-equal-height-column-flextable.av-849kjk-3cf3d1f52e3babf06c2d1048b6bea3f4{\nmargin-top:20px;\nmargin-bottom:20px;\n}\n.flex_column.av-849kjk-3cf3d1f52e3babf06c2d1048b6bea3f4{\nwidth:38.2%;\nmargin-left:0;\nborder-radius:0px 0px 0px 0px;\npadding:0px 0px 0px 0px;\n}\n#top .flex_column_table.av-equal-height-column-flextable.av-849kjk-3cf3d1f52e3babf06c2d1048b6bea3f4 .av-flex-placeholder{\nwidth:3%;\n}\n<\/style>\n<div  class='flex_column av-849kjk-3cf3d1f52e3babf06c2d1048b6bea3f4 av_two_fifth  avia-builder-el-7  el_after_av_three_fifth  el_before_av_three_fifth  first flex_column_table_cell av-equal-height-column av-align-middle av-zero-column-padding  '     ><style type=\"text\/css\" data-created_by=\"avia_inline_auto\" id=\"style-css-av-6ei9yo-3b0b0c3d85e7f4d1de25a9672b0678bc\">\n.avia-image-container.av-6ei9yo-3b0b0c3d85e7f4d1de25a9672b0678bc img.avia_image{\nbox-shadow:none;\n}\n.avia-image-container.av-6ei9yo-3b0b0c3d85e7f4d1de25a9672b0678bc .av-image-caption-overlay-center{\ncolor:#ffffff;\n}\n<\/style>\n<div  class='avia-image-container av-6ei9yo-3b0b0c3d85e7f4d1de25a9672b0678bc av-styling- avia-align-center  avia-builder-el-8  avia-builder-el-no-sibling '   itemprop=\"image\" itemscope=\"itemscope\" itemtype=\"https:\/\/schema.org\/ImageObject\" ><div class=\"avia-image-container-inner\"><div class=\"avia-image-overlay-wrap\"><img decoding=\"async\" fetchpriority=\"high\" class='wp-image-8465 avia-img-lazy-loading-not-8465 avia_image ' src=\"https:\/\/www.aufildescordes-shibari.fr\/wp-content\/uploads\/2025\/09\/Hojojutsu2-300x275.jpg\" alt='' title='Hojojutsu2'  height=\"275\" width=\"300\"  itemprop=\"thumbnailUrl\" srcset=\"https:\/\/www.aufildescordes-shibari.fr\/wp-content\/uploads\/2025\/09\/Hojojutsu2-300x275.jpg 300w, https:\/\/www.aufildescordes-shibari.fr\/wp-content\/uploads\/2025\/09\/Hojojutsu2-1030x946.jpg 1030w, https:\/\/www.aufildescordes-shibari.fr\/wp-content\/uploads\/2025\/09\/Hojojutsu2-768x705.jpg 768w, https:\/\/www.aufildescordes-shibari.fr\/wp-content\/uploads\/2025\/09\/Hojojutsu2-1536x1410.jpg 1536w, https:\/\/www.aufildescordes-shibari.fr\/wp-content\/uploads\/2025\/09\/Hojojutsu2-2048x1881.jpg 2048w, https:\/\/www.aufildescordes-shibari.fr\/wp-content\/uploads\/2025\/09\/Hojojutsu2-1500x1377.jpg 1500w, https:\/\/www.aufildescordes-shibari.fr\/wp-content\/uploads\/2025\/09\/Hojojutsu2-705x647.jpg 705w\" sizes=\"(max-width: 300px) 100vw, 300px\" \/><\/div><\/div><\/div><\/div>\n<div class='av-flex-placeholder'><\/div>\n<style type=\"text\/css\" data-created_by=\"avia_inline_auto\" id=\"style-css-av-4wfosw-a8af35ed7a971c5b98547bbcead0ec29\">\n#top .flex_column_table.av-equal-height-column-flextable.av-4wfosw-a8af35ed7a971c5b98547bbcead0ec29{\nmargin-top:20px;\nmargin-bottom:20px;\n}\n.flex_column.av-4wfosw-a8af35ed7a971c5b98547bbcead0ec29{\nwidth:58.8%;\nmargin-left:0;\nborder-radius:0px 0px 0px 0px;\npadding:0px 0px 0px 0px;\n}\n#top .flex_column_table.av-equal-height-column-flextable.av-4wfosw-a8af35ed7a971c5b98547bbcead0ec29 .av-flex-placeholder{\nwidth:3%;\n}\n<\/style>\n<div  class='flex_column av-4wfosw-a8af35ed7a971c5b98547bbcead0ec29 av_three_fifth  avia-builder-el-9  el_after_av_two_fifth  el_before_av_two_fifth  flex_column_table_cell av-equal-height-column av-align-middle av-zero-column-padding  '     ><section  class='av_textblock_section av-btc1c-f326c5b2876f36376e57dbdb45eb486d '   itemscope=\"itemscope\" itemtype=\"https:\/\/schema.org\/CreativeWork\" ><div class='avia_textblock'  itemprop=\"text\" ><blockquote>\n<p><em>\u00ab Le Shibari est une pratique issue d\u2019un art martial japonais qui consiste \u00e0 encorder un partenaire de sorte \u00e0 l\u2019immobiliser dans des postures souvent tr\u00e8s inconfortables. Tr\u00e8s technique, cet art martial devenu au fil des si\u00e8cles un art des cordes, n\u00e9cessite des connaissances sp\u00e9cifiques et la performance s\u2019exerce alors \u00e0 double sens : pour le \u00ab rigger \u00bb (personne qui attache) comme pour le mod\u00e8le (personne attach\u00e9e). Cette communion corporelle des deux personnes d\u00e9veloppe, entre les cordes, une connexion singuli\u00e8re o\u00f9 se jouent tensions et \u00e9mancipations \u00bb.<\/em><\/p>\n<h5>Extrait du colloque des 7 et 8 octobre 2026 au CNAC (Centre National des Arts du Cirque).<\/h5>\n<\/blockquote>\n<\/div><\/section><\/div><\/div><!--close column table wrapper. Autoclose: 1 --><div class='flex_column_table av-j9w8w-04396ed438bd2c342f8f87afd65243c5 sc-av_two_fifth av-equal-height-column-flextable'>\n<style type=\"text\/css\" data-created_by=\"avia_inline_auto\" id=\"style-css-av-j9w8w-04396ed438bd2c342f8f87afd65243c5\">\n#top .flex_column_table.av-equal-height-column-flextable.av-j9w8w-04396ed438bd2c342f8f87afd65243c5{\nmargin-top:20px;\nmargin-bottom:20px;\n}\n.flex_column.av-j9w8w-04396ed438bd2c342f8f87afd65243c5{\nwidth:38.2%;\nmargin-left:0;\nborder-radius:0px 0px 0px 0px;\npadding:0px 0px 0px 0px;\n}\n#top .flex_column_table.av-equal-height-column-flextable.av-j9w8w-04396ed438bd2c342f8f87afd65243c5 .av-flex-placeholder{\nwidth:3%;\n}\n<\/style>\n<div  class='flex_column av-j9w8w-04396ed438bd2c342f8f87afd65243c5 av_two_fifth  avia-builder-el-11  el_after_av_three_fifth  el_before_av_three_fifth  first flex_column_table_cell av-equal-height-column av-align-middle av-zero-column-padding  '     ><style type=\"text\/css\" data-created_by=\"avia_inline_auto\" id=\"style-css-av-mf5j1drd-cce3d3d11aea1b5aa5cae079d0e571a6\">\n.avia-image-container.av-mf5j1drd-cce3d3d11aea1b5aa5cae079d0e571a6 img.avia_image{\nbox-shadow:none;\n}\n.avia-image-container.av-mf5j1drd-cce3d3d11aea1b5aa5cae079d0e571a6 .av-image-caption-overlay-center{\ncolor:#ffffff;\n}\n<\/style>\n<div  class='avia-image-container av-mf5j1drd-cce3d3d11aea1b5aa5cae079d0e571a6 av-styling- avia-align-center  avia-builder-el-12  avia-builder-el-no-sibling '   itemprop=\"image\" itemscope=\"itemscope\" itemtype=\"https:\/\/schema.org\/ImageObject\" ><div class=\"avia-image-container-inner\"><div class=\"avia-image-overlay-wrap\"><img decoding=\"async\" fetchpriority=\"high\" class='wp-image-8468 avia-img-lazy-loading-not-8468 avia_image ' src=\"https:\/\/www.aufildescordes-shibari.fr\/wp-content\/uploads\/2025\/09\/set-de-cordes-278x300.jpg\" alt='' title='set de cordes'  height=\"300\" width=\"278\"  itemprop=\"thumbnailUrl\" srcset=\"https:\/\/www.aufildescordes-shibari.fr\/wp-content\/uploads\/2025\/09\/set-de-cordes-278x300.jpg 278w, https:\/\/www.aufildescordes-shibari.fr\/wp-content\/uploads\/2025\/09\/set-de-cordes-956x1030.jpg 956w, https:\/\/www.aufildescordes-shibari.fr\/wp-content\/uploads\/2025\/09\/set-de-cordes-768x828.jpg 768w, https:\/\/www.aufildescordes-shibari.fr\/wp-content\/uploads\/2025\/09\/set-de-cordes-654x705.jpg 654w, https:\/\/www.aufildescordes-shibari.fr\/wp-content\/uploads\/2025\/09\/set-de-cordes.jpg 1336w\" sizes=\"(max-width: 278px) 100vw, 278px\" \/><\/div><\/div><\/div><\/div><\/p>\n<div class='av-flex-placeholder'><\/div>\n<style type=\"text\/css\" data-created_by=\"avia_inline_auto\" id=\"style-css-av-4ch0w0-e93a7ff3bccb6c09b4fa119b269e8ee3\">\n#top .flex_column_table.av-equal-height-column-flextable.av-4ch0w0-e93a7ff3bccb6c09b4fa119b269e8ee3{\nmargin-top:20px;\nmargin-bottom:20px;\n}\n.flex_column.av-4ch0w0-e93a7ff3bccb6c09b4fa119b269e8ee3{\nwidth:58.8%;\nmargin-left:0;\nborder-radius:0px 0px 0px 0px;\npadding:0px 0px 0px 0px;\n}\n#top .flex_column_table.av-equal-height-column-flextable.av-4ch0w0-e93a7ff3bccb6c09b4fa119b269e8ee3 .av-flex-placeholder{\nwidth:3%;\n}\n<\/style>\n<div  class='flex_column av-4ch0w0-e93a7ff3bccb6c09b4fa119b269e8ee3 av_three_fifth  avia-builder-el-13  el_after_av_two_fifth  el_before_av_textblock  flex_column_table_cell av-equal-height-column av-align-middle av-zero-column-padding  '     ><section  class='av_textblock_section av-2djvb4-e5c4bafd14d5989f8d72a950d9e5e1b2 '   itemscope=\"itemscope\" itemtype=\"https:\/\/schema.org\/CreativeWork\" ><div class='avia_textblock'  itemprop=\"text\" ><blockquote>\n<p><em>\u00ab\u00a0D\u00e9riv\u00e9 du verbe shibaru \u7e1b\u308b(=\u00a0\u00bblier, attacher\u00a0\u00bb), le shibari \u7e1b\u308as&rsquo;est fait conna\u00eetre dans le monde entier (du moins dans certains cercles) comme la pratique du bondage \u00e9rotique japonais consistant \u00e0 attacher une personne selon des modalit\u00e9s complexes et esth\u00e9tiquement recherch\u00e9es \u00e0 l&rsquo;aide de cordes de chanvre*. <\/em><br \/>\n<em>On a beaucoup d\u00e9battu pour savoir si le terme \u00e9tait shibari \u7e1b\u308aou kinbaku \u7dca\u7e1b. Cependant, au Japon, les amateurs ne se pr\u00e9occupent gu\u00e8re de cette querelle et utilisent indiff\u00e9remment les deux termes. Le premier id\u00e9ogramme de kinbaku \u7dca\u7e1b signifie \u00ab\u00a0serr\u00e9, tendu\u00a0\u00bb, le second est le m\u00eame que dans shibaru et signifie donc \u00ab\u00a0liens serr\u00e9s\u00a0\u00bb. On utilise aussi kinbakubi \u7dca\u7e1b\u7f8e (= \u00ab\u00a0liens esth\u00e9tiques\u00a0\u00bb). \u00bb<\/em><\/p>\n<p>*\u00a0le vocabulaire japonais ne fait pas de distinction entre le chanvre et le jute, la corde en fibres naturelles utilis\u00e9e est nomm\u00e9e asanawa (\u9ebb\u7e04).<\/p>\n<h5>Extrait de \u00ab\u00a0Japon en 100 mots\u00a0\u00bb, \u00e9ditions NuiNui.<\/h5>\n<\/blockquote>\n<\/div><\/section><\/div><\/div><!--close column table wrapper. Autoclose: 1 -->\n<style type=\"text\/css\" data-created_by=\"avia_inline_auto\" id=\"style-css-av-36dw4w-4645e817d38f08189189673596c5bf14\">\n#top .av_textblock_section.av-36dw4w-4645e817d38f08189189673596c5bf14 .avia_textblock{\ncolor:#b02b2c;\n}\n<\/style>\n<section  class='av_textblock_section av-36dw4w-4645e817d38f08189189673596c5bf14 '   itemscope=\"itemscope\" itemtype=\"https:\/\/schema.org\/CreativeWork\" ><div class='avia_textblock av_inherit_color'  itemprop=\"text\" ><h4><em>Ces derni\u00e8res d\u00e9cennies, avec la diffusion et la popularisation du \u00ab\u00a0Shibari\u00a0\u00bb dans le monde entier, cette discipline s&rsquo;est \u00e9mancip\u00e9e de son \u00e9volution taboue pour devenir pleinement un art de la corde en constante \u00e9volution et incluant plusieurs approches (esth\u00e9tique, artistique, acrobatique, sensuelle, \u00e9rotique, BDSM, martiale, capture, danse, relaxation, etc.).<\/em><\/h4>\n<p><em>\u00a0<\/em><\/p>\n<\/div><\/section><\/p>\n\n<style type=\"text\/css\" data-created_by=\"avia_inline_auto\" id=\"style-css-av-mf5m40tr-544a867b2bd17450ccbc6cecbc0eeb23\">\n.av_font_icon.av-mf5m40tr-544a867b2bd17450ccbc6cecbc0eeb23 .av-icon-char{\nfont-size:40px;\nline-height:40px;\n}\n<\/style>\n<span  class='av_font_icon av-mf5m40tr-544a867b2bd17450ccbc6cecbc0eeb23 avia_animate_when_visible av-icon-style- avia-icon-pos-center av-no-color avia-icon-animate'><a href='https:\/\/www.aufildescordes-shibari.fr\/?page_id=1460'   class='av-icon-char' aria-hidden='false' data-av_icon='\ue830' data-av_iconfont='entypo-fontello' data-avia-icon-tooltip=\"&lt;br \/&gt;\nretour \u00e0 l&amp;rsquo;onglet \u00ab\u00a0Au Fil des Cordes, qu&amp;rsquo;est-ce que c&amp;rsquo;est\u00a0\u00bb ?&lt;br \/&gt;\n\"><\/a><\/span>\n","protected":false},"excerpt":{"rendered":"","protected":false},"author":3,"featured_media":0,"parent":0,"menu_order":0,"comment_status":"closed","ping_status":"closed","template":"","meta":{"_price":"","_stock":"","_tribe_ticket_header":"","_tribe_default_ticket_provider":"","_ticket_start_date":"","_ticket_end_date":"","_tribe_ticket_show_description":"","_tribe_ticket_show_not_going":false,"_tribe_ticket_use_global_stock":"","_tribe_ticket_global_stock_level":"","_global_stock_mode":"","_global_stock_cap":"","_tribe_rsvp_for_event":"","_tribe_ticket_going_count":"","_tribe_ticket_not_going_count":"","_tribe_tickets_list":"[]","_tribe_ticket_has_attendee_info_fields":false,"footnotes":"","_tec_slr_enabled":"","_tec_slr_layout":""},"class_list":["post-4400","page","type-page","status-publish","hentry"],"ticketed":false,"_links":{"self":[{"href":"https:\/\/www.aufildescordes-shibari.fr\/index.php?rest_route=\/wp\/v2\/pages\/4400","targetHints":{"allow":["GET"]}}],"collection":[{"href":"https:\/\/www.aufildescordes-shibari.fr\/index.php?rest_route=\/wp\/v2\/pages"}],"about":[{"href":"https:\/\/www.aufildescordes-shibari.fr\/index.php?rest_route=\/wp\/v2\/types\/page"}],"author":[{"embeddable":true,"href":"https:\/\/www.aufildescordes-shibari.fr\/index.php?rest_route=\/wp\/v2\/users\/3"}],"replies":[{"embeddable":true,"href":"https:\/\/www.aufildescordes-shibari.fr\/index.php?rest_route=%2Fwp%2Fv2%2Fcomments&post=4400"}],"version-history":[{"count":94,"href":"https:\/\/www.aufildescordes-shibari.fr\/index.php?rest_route=\/wp\/v2\/pages\/4400\/revisions"}],"predecessor-version":[{"id":8527,"href":"https:\/\/www.aufildescordes-shibari.fr\/index.php?rest_route=\/wp\/v2\/pages\/4400\/revisions\/8527"}],"wp:attachment":[{"href":"https:\/\/www.aufildescordes-shibari.fr\/index.php?rest_route=%2Fwp%2Fv2%2Fmedia&parent=4400"}],"curies":[{"name":"wp","href":"https:\/\/api.w.org\/{rel}","templated":true}]}}