{"id":466,"date":"2021-05-07T07:39:52","date_gmt":"2021-05-07T07:39:52","guid":{"rendered":"https:\/\/www.aufildescordes-shibari.fr\/?page_id=466"},"modified":"2024-05-06T09:27:50","modified_gmt":"2024-05-06T09:27:50","slug":"reglement-interieur","status":"publish","type":"page","link":"https:\/\/www.aufildescordes-shibari.fr\/?page_id=466","title":{"rendered":"R\u00e8glement Int\u00e9rieur (r\u00e8gles associatives)"},"content":{"rendered":"\n<div class=\"wp-block-columns is-layout-flex wp-container-core-columns-is-layout-9d6595d7 wp-block-columns-is-layout-flex\" id=\"https:\/\/www.aufildescordes-shibari.fr\/?page_id=1768\">\n<div class=\"wp-block-column is-layout-flow wp-block-column-is-layout-flow\" style=\"flex-basis:100%\" id=\"https:\/\/www.aufildescordes-shibari.fr\/?page_id=1768\">\n<p class=\"has-text-align-center\"><a href=\"https:\/\/www.aufildescordes-shibari.fr\/?page_id=1768\">&lt;&lt;&lt; Retour aux r\u00e8gles associatives<\/a><\/p>\n<\/div>\n<\/div>\n\n\n\n<figure class=\"wp-block-image aligncenter size-large\"><img loading=\"lazy\" decoding=\"async\" width=\"729\" height=\"1030\" src=\"https:\/\/www.aufildescordes-shibari.fr\/wp-content\/uploads\/2024\/02\/reglement-interieur-en-ligne-et-brochure-08.02.24-page-1-format-JPEG-729x1030.jpg\" alt=\"\" class=\"wp-image-7028\" srcset=\"https:\/\/www.aufildescordes-shibari.fr\/wp-content\/uploads\/2024\/02\/reglement-interieur-en-ligne-et-brochure-08.02.24-page-1-format-JPEG-729x1030.jpg 729w, https:\/\/www.aufildescordes-shibari.fr\/wp-content\/uploads\/2024\/02\/reglement-interieur-en-ligne-et-brochure-08.02.24-page-1-format-JPEG-212x300.jpg 212w, https:\/\/www.aufildescordes-shibari.fr\/wp-content\/uploads\/2024\/02\/reglement-interieur-en-ligne-et-brochure-08.02.24-page-1-format-JPEG-768x1086.jpg 768w, https:\/\/www.aufildescordes-shibari.fr\/wp-content\/uploads\/2024\/02\/reglement-interieur-en-ligne-et-brochure-08.02.24-page-1-format-JPEG-1087x1536.jpg 1087w, https:\/\/www.aufildescordes-shibari.fr\/wp-content\/uploads\/2024\/02\/reglement-interieur-en-ligne-et-brochure-08.02.24-page-1-format-JPEG-1449x2048.jpg 1449w, https:\/\/www.aufildescordes-shibari.fr\/wp-content\/uploads\/2024\/02\/reglement-interieur-en-ligne-et-brochure-08.02.24-page-1-format-JPEG-1061x1500.jpg 1061w, https:\/\/www.aufildescordes-shibari.fr\/wp-content\/uploads\/2024\/02\/reglement-interieur-en-ligne-et-brochure-08.02.24-page-1-format-JPEG-499x705.jpg 499w, https:\/\/www.aufildescordes-shibari.fr\/wp-content\/uploads\/2024\/02\/reglement-interieur-en-ligne-et-brochure-08.02.24-page-1-format-JPEG-scaled.jpg 1811w\" sizes=\"auto, (max-width: 729px) 100vw, 729px\" \/><\/figure>\n\n\n\n<figure class=\"wp-block-image aligncenter size-large\"><img loading=\"lazy\" decoding=\"async\" width=\"729\" height=\"1030\" src=\"https:\/\/www.aufildescordes-shibari.fr\/wp-content\/uploads\/2024\/02\/reglement-interieur-en-ligne-et-brochure-08.02.24-page-2-format-JPEG-729x1030.jpg\" alt=\"\" class=\"wp-image-7029\" srcset=\"https:\/\/www.aufildescordes-shibari.fr\/wp-content\/uploads\/2024\/02\/reglement-interieur-en-ligne-et-brochure-08.02.24-page-2-format-JPEG-729x1030.jpg 729w, https:\/\/www.aufildescordes-shibari.fr\/wp-content\/uploads\/2024\/02\/reglement-interieur-en-ligne-et-brochure-08.02.24-page-2-format-JPEG-212x300.jpg 212w, https:\/\/www.aufildescordes-shibari.fr\/wp-content\/uploads\/2024\/02\/reglement-interieur-en-ligne-et-brochure-08.02.24-page-2-format-JPEG-768x1086.jpg 768w, https:\/\/www.aufildescordes-shibari.fr\/wp-content\/uploads\/2024\/02\/reglement-interieur-en-ligne-et-brochure-08.02.24-page-2-format-JPEG-1087x1536.jpg 1087w, https:\/\/www.aufildescordes-shibari.fr\/wp-content\/uploads\/2024\/02\/reglement-interieur-en-ligne-et-brochure-08.02.24-page-2-format-JPEG-1449x2048.jpg 1449w, https:\/\/www.aufildescordes-shibari.fr\/wp-content\/uploads\/2024\/02\/reglement-interieur-en-ligne-et-brochure-08.02.24-page-2-format-JPEG-1061x1500.jpg 1061w, https:\/\/www.aufildescordes-shibari.fr\/wp-content\/uploads\/2024\/02\/reglement-interieur-en-ligne-et-brochure-08.02.24-page-2-format-JPEG-499x705.jpg 499w, https:\/\/www.aufildescordes-shibari.fr\/wp-content\/uploads\/2024\/02\/reglement-interieur-en-ligne-et-brochure-08.02.24-page-2-format-JPEG-scaled.jpg 1811w\" sizes=\"auto, (max-width: 729px) 100vw, 729px\" \/><\/figure>\n\n\n\n<figure class=\"wp-block-image aligncenter size-large\"><img loading=\"lazy\" decoding=\"async\" width=\"729\" height=\"1030\" src=\"https:\/\/www.aufildescordes-shibari.fr\/wp-content\/uploads\/2024\/02\/reglement-interieur-en-ligne-et-brochure-08.02.24-page-3-format-JPEG-729x1030.jpg\" alt=\"\" class=\"wp-image-7030\" srcset=\"https:\/\/www.aufildescordes-shibari.fr\/wp-content\/uploads\/2024\/02\/reglement-interieur-en-ligne-et-brochure-08.02.24-page-3-format-JPEG-729x1030.jpg 729w, https:\/\/www.aufildescordes-shibari.fr\/wp-content\/uploads\/2024\/02\/reglement-interieur-en-ligne-et-brochure-08.02.24-page-3-format-JPEG-212x300.jpg 212w, https:\/\/www.aufildescordes-shibari.fr\/wp-content\/uploads\/2024\/02\/reglement-interieur-en-ligne-et-brochure-08.02.24-page-3-format-JPEG-768x1086.jpg 768w, https:\/\/www.aufildescordes-shibari.fr\/wp-content\/uploads\/2024\/02\/reglement-interieur-en-ligne-et-brochure-08.02.24-page-3-format-JPEG-1087x1536.jpg 1087w, https:\/\/www.aufildescordes-shibari.fr\/wp-content\/uploads\/2024\/02\/reglement-interieur-en-ligne-et-brochure-08.02.24-page-3-format-JPEG-1449x2048.jpg 1449w, https:\/\/www.aufildescordes-shibari.fr\/wp-content\/uploads\/2024\/02\/reglement-interieur-en-ligne-et-brochure-08.02.24-page-3-format-JPEG-1061x1500.jpg 1061w, https:\/\/www.aufildescordes-shibari.fr\/wp-content\/uploads\/2024\/02\/reglement-interieur-en-ligne-et-brochure-08.02.24-page-3-format-JPEG-499x705.jpg 499w, https:\/\/www.aufildescordes-shibari.fr\/wp-content\/uploads\/2024\/02\/reglement-interieur-en-ligne-et-brochure-08.02.24-page-3-format-JPEG-scaled.jpg 1811w\" sizes=\"auto, (max-width: 729px) 100vw, 729px\" \/><\/figure>\n\n\n\n<p class=\"has-text-align-center\"><a href=\"https:\/\/www.aufildescordes-shibari.fr\/?page_id=1768\">&lt;&lt;&lt; Retour aux r\u00e8gles associatives<\/a><\/p>\n","protected":false},"excerpt":{"rendered":"<p>&lt;&lt;&lt; Retour aux r\u00e8gles associatives &lt;&lt;&lt; Retour aux r\u00e8gles associatives<\/p>\n","protected":false},"author":1,"featured_media":0,"parent":0,"menu_order":0,"comment_status":"closed","ping_status":"closed","template":"","meta":{"_price":"","_stock":"","_tribe_ticket_header":"","_tribe_default_ticket_provider":"","_ticket_start_date":"","_ticket_end_date":"","_tribe_ticket_show_description":"","_tribe_ticket_show_not_going":false,"_tribe_ticket_use_global_stock":"","_tribe_ticket_global_stock_level":"","_global_stock_mode":"","_global_stock_cap":"","_tribe_rsvp_for_event":"","_tribe_ticket_going_count":"","_tribe_ticket_not_going_count":"","_tribe_tickets_list":"[]","_tribe_ticket_has_attendee_info_fields":false,"footnotes":"","_tec_slr_enabled":"","_tec_slr_layout":""},"class_list":["post-466","page","type-page","status-publish","hentry"],"ticketed":false,"_links":{"self":[{"href":"https:\/\/www.aufildescordes-shibari.fr\/index.php?rest_route=\/wp\/v2\/pages\/466","targetHints":{"allow":["GET"]}}],"collection":[{"href":"https:\/\/www.aufildescordes-shibari.fr\/index.php?rest_route=\/wp\/v2\/pages"}],"about":[{"href":"https:\/\/www.aufildescordes-shibari.fr\/index.php?rest_route=\/wp\/v2\/types\/page"}],"author":[{"embeddable":true,"href":"https:\/\/www.aufildescordes-shibari.fr\/index.php?rest_route=\/wp\/v2\/users\/1"}],"replies":[{"embeddable":true,"href":"https:\/\/www.aufildescordes-shibari.fr\/index.php?rest_route=%2Fwp%2Fv2%2Fcomments&post=466"}],"version-history":[{"count":38,"href":"https:\/\/www.aufildescordes-shibari.fr\/index.php?rest_route=\/wp\/v2\/pages\/466\/revisions"}],"predecessor-version":[{"id":7984,"href":"https:\/\/www.aufildescordes-shibari.fr\/index.php?rest_route=\/wp\/v2\/pages\/466\/revisions\/7984"}],"wp:attachment":[{"href":"https:\/\/www.aufildescordes-shibari.fr\/index.php?rest_route=%2Fwp%2Fv2%2Fmedia&parent=466"}],"curies":[{"name":"wp","href":"https:\/\/api.w.org\/{rel}","templated":true}]}}