{"id":5353,"date":"2023-07-27T05:45:21","date_gmt":"2023-07-27T05:45:21","guid":{"rendered":"https:\/\/www.aufildescordes-shibari.fr\/?page_id=5353"},"modified":"2024-10-22T18:50:57","modified_gmt":"2024-10-22T18:50:57","slug":"archives-actualites-associatives","status":"publish","type":"page","link":"https:\/\/www.aufildescordes-shibari.fr\/?page_id=5353","title":{"rendered":"Archives actualit\u00e9s associatives"},"content":{"rendered":"\n<p class=\"has-text-align-center\"><a href=\"https:\/\/www.aufildescordes-shibari.fr\/?page_id=1391\">&lt;&lt;&lt; Retour aux actualit\u00e9s<\/a><\/p>\n\n\n\n<h1 class=\"wp-block-heading has-text-align-center has-col-000000-color has-col-a-81010-background-color has-text-color has-background has-link-color wp-elements-f4ba08ec29326e3570ccaf40153b70e9\">ARCHIVES NEWSLETTERS ASSOCIATIVES<br>&#8211; 2024 &#8211;<\/h1>\n\n\n\n<div class=\"wp-block-buttons is-content-justification-center is-layout-flex wp-container-core-buttons-is-layout-16018d1d wp-block-buttons-is-layout-flex\">\n\n\n<div class=\"wp-block-button has-custom-width wp-block-button__width-75 is-style-fill\"><a class=\"wp-block-button__link has-col-000000-color has-col-aaaaaa-background-color has-text-color has-background has-link-color has-text-align-center wp-element-button\" href=\"https:\/\/sh1.sendinblue.com\/acgfaldev9pfe.html?t=1729609763\">Newsletter Au Fil des Cordes &#8211; ann\u00e9e 2024 \/ num\u00e9ro 5<\/a><\/div>\n\n\n\n<div class=\"wp-block-button has-custom-width wp-block-button__width-75 is-style-fill\"><a class=\"wp-block-button__link has-col-000000-color has-col-aaaaaa-background-color has-text-color has-background has-link-color has-text-align-center wp-element-button\" href=\"https:\/\/sh1.sendinblue.com\/acc7l9dev9pfe.html?t=1729609640\">Newsletter Au Fil des Cordes &#8211; ann\u00e9e 2024 \/ num\u00e9ro 4<\/a><\/div>\n\n\n\n<div class=\"wp-block-button has-custom-width wp-block-button__width-75 is-style-fill\"><a class=\"wp-block-button__link has-col-000000-color has-col-aaaaaa-background-color has-text-color has-background has-link-color has-text-align-center wp-element-button\" href=\"https:\/\/sh1.sendinblue.com\/w24x9dev9pfe.html?t=1725306653045\">Newsletter Au Fil des Cordes &#8211; ann\u00e9e 2024 \/ num\u00e9ro 3<\/a><\/div>\n\n\n\n<div class=\"wp-block-button has-custom-width wp-block-button__width-75 is-style-fill\"><a class=\"wp-block-button__link has-col-000000-color has-col-aaaaaa-background-color has-text-color has-background has-link-color has-text-align-center wp-element-button\" href=\"https:\/\/sh1.sendinblue.com\/vxx7xdev9pfe.html?t=1725305448094\">Newsletter Au Fil des Cordes &#8211; ann\u00e9e 2024 \/ num\u00e9ro 2<\/a><\/div>\n\n\n\n<div class=\"wp-block-button has-custom-width wp-block-button__width-75 is-style-fill\"><a class=\"wp-block-button__link has-col-000000-color has-col-aaaaaa-background-color has-text-color has-background has-link-color wp-element-button\" href=\"https:\/\/sh1.sendinblue.com\/vpht9dev9pfe.html?t=1725293105419\">Newsletter Au Fil des Cordes &#8211; ann\u00e9e 2024 \/ num\u00e9ro 1<\/a><\/div>\n<\/div>\n\n\n\n<h1 class=\"wp-block-heading has-text-align-center has-col-000000-color has-col-a-81010-background-color has-text-color has-background has-link-color wp-elements-d181815b04002dbe9ee8e781cfd5a6cd\">ARCHIVES ACTUALIT\u00c9S ASSOCIATIVES<br>&#8211; 2024 &#8211;<\/h1>\n\n\n\n<p><\/p>\n\n\n\n<figure class=\"wp-block-image size-large\"><img loading=\"lazy\" decoding=\"async\" width=\"773\" height=\"1030\" src=\"https:\/\/www.aufildescordes-shibari.fr\/wp-content\/uploads\/2024\/05\/05-actualites-mai-2024-format-JPEG-773x1030.jpg\" alt=\"\" class=\"wp-image-8119\" srcset=\"https:\/\/www.aufildescordes-shibari.fr\/wp-content\/uploads\/2024\/05\/05-actualites-mai-2024-format-JPEG-773x1030.jpg 773w, https:\/\/www.aufildescordes-shibari.fr\/wp-content\/uploads\/2024\/05\/05-actualites-mai-2024-format-JPEG-225x300.jpg 225w, https:\/\/www.aufildescordes-shibari.fr\/wp-content\/uploads\/2024\/05\/05-actualites-mai-2024-format-JPEG-768x1023.jpg 768w, https:\/\/www.aufildescordes-shibari.fr\/wp-content\/uploads\/2024\/05\/05-actualites-mai-2024-format-JPEG-529x705.jpg 529w, https:\/\/www.aufildescordes-shibari.fr\/wp-content\/uploads\/2024\/05\/05-actualites-mai-2024-format-JPEG.jpg 794w\" sizes=\"auto, (max-width: 773px) 100vw, 773px\" \/><\/figure>\n\n\n\n<figure class=\"wp-block-image size-large\"><img loading=\"lazy\" decoding=\"async\" width=\"773\" height=\"1030\" src=\"https:\/\/www.aufildescordes-shibari.fr\/wp-content\/uploads\/2024\/04\/04-actualites-avril-2024-format-JPEG-773x1030.jpg\" alt=\"\" class=\"wp-image-7634\" srcset=\"https:\/\/www.aufildescordes-shibari.fr\/wp-content\/uploads\/2024\/04\/04-actualites-avril-2024-format-JPEG-773x1030.jpg 773w, https:\/\/www.aufildescordes-shibari.fr\/wp-content\/uploads\/2024\/04\/04-actualites-avril-2024-format-JPEG-225x300.jpg 225w, https:\/\/www.aufildescordes-shibari.fr\/wp-content\/uploads\/2024\/04\/04-actualites-avril-2024-format-JPEG-768x1023.jpg 768w, https:\/\/www.aufildescordes-shibari.fr\/wp-content\/uploads\/2024\/04\/04-actualites-avril-2024-format-JPEG-529x705.jpg 529w, https:\/\/www.aufildescordes-shibari.fr\/wp-content\/uploads\/2024\/04\/04-actualites-avril-2024-format-JPEG.jpg 794w\" sizes=\"auto, (max-width: 773px) 100vw, 773px\" \/><\/figure>\n\n\n\n<figure class=\"wp-block-image size-large\"><img loading=\"lazy\" decoding=\"async\" width=\"773\" height=\"1030\" src=\"https:\/\/www.aufildescordes-shibari.fr\/wp-content\/uploads\/2024\/04\/03-actualites-mars-2024-format-JPEG-773x1030.jpg\" alt=\"\" class=\"wp-image-7607\" srcset=\"https:\/\/www.aufildescordes-shibari.fr\/wp-content\/uploads\/2024\/04\/03-actualites-mars-2024-format-JPEG-773x1030.jpg 773w, https:\/\/www.aufildescordes-shibari.fr\/wp-content\/uploads\/2024\/04\/03-actualites-mars-2024-format-JPEG-225x300.jpg 225w, https:\/\/www.aufildescordes-shibari.fr\/wp-content\/uploads\/2024\/04\/03-actualites-mars-2024-format-JPEG-768x1023.jpg 768w, https:\/\/www.aufildescordes-shibari.fr\/wp-content\/uploads\/2024\/04\/03-actualites-mars-2024-format-JPEG-529x705.jpg 529w, https:\/\/www.aufildescordes-shibari.fr\/wp-content\/uploads\/2024\/04\/03-actualites-mars-2024-format-JPEG.jpg 794w\" sizes=\"auto, (max-width: 773px) 100vw, 773px\" \/><\/figure>\n\n\n\n<figure class=\"wp-block-image size-large\"><img loading=\"lazy\" decoding=\"async\" width=\"773\" height=\"1030\" src=\"https:\/\/www.aufildescordes-shibari.fr\/wp-content\/uploads\/2024\/04\/02-actualites-fevrier-2024-format-JPEG-773x1030.jpg\" alt=\"\" class=\"wp-image-7632\" srcset=\"https:\/\/www.aufildescordes-shibari.fr\/wp-content\/uploads\/2024\/04\/02-actualites-fevrier-2024-format-JPEG-773x1030.jpg 773w, https:\/\/www.aufildescordes-shibari.fr\/wp-content\/uploads\/2024\/04\/02-actualites-fevrier-2024-format-JPEG-225x300.jpg 225w, https:\/\/www.aufildescordes-shibari.fr\/wp-content\/uploads\/2024\/04\/02-actualites-fevrier-2024-format-JPEG-768x1023.jpg 768w, https:\/\/www.aufildescordes-shibari.fr\/wp-content\/uploads\/2024\/04\/02-actualites-fevrier-2024-format-JPEG-529x705.jpg 529w, https:\/\/www.aufildescordes-shibari.fr\/wp-content\/uploads\/2024\/04\/02-actualites-fevrier-2024-format-JPEG.jpg 794w\" sizes=\"auto, (max-width: 773px) 100vw, 773px\" \/><\/figure>\n\n\n\n<figure class=\"wp-block-image size-large\"><img loading=\"lazy\" decoding=\"async\" width=\"773\" height=\"1030\" src=\"https:\/\/www.aufildescordes-shibari.fr\/wp-content\/uploads\/2024\/02\/02-actualites-janvier-2024-format-JPEG-773x1030.jpg\" alt=\"\" class=\"wp-image-6969\" srcset=\"https:\/\/www.aufildescordes-shibari.fr\/wp-content\/uploads\/2024\/02\/02-actualites-janvier-2024-format-JPEG-773x1030.jpg 773w, https:\/\/www.aufildescordes-shibari.fr\/wp-content\/uploads\/2024\/02\/02-actualites-janvier-2024-format-JPEG-225x300.jpg 225w, https:\/\/www.aufildescordes-shibari.fr\/wp-content\/uploads\/2024\/02\/02-actualites-janvier-2024-format-JPEG-768x1023.jpg 768w, https:\/\/www.aufildescordes-shibari.fr\/wp-content\/uploads\/2024\/02\/02-actualites-janvier-2024-format-JPEG-529x705.jpg 529w, https:\/\/www.aufildescordes-shibari.fr\/wp-content\/uploads\/2024\/02\/02-actualites-janvier-2024-format-JPEG.jpg 794w\" sizes=\"auto, (max-width: 773px) 100vw, 773px\" \/><\/figure>\n\n\n\n<h1 class=\"wp-block-heading has-text-align-center has-col-000000-color has-col-a-81010-background-color has-text-color has-background has-link-color wp-elements-4a84f635fab4a08ed57b56d45e70784f\">ARCHIVES ACTUALIT\u00c9S ASSOCIATIVES<br>&#8211; 2023 &#8211;<\/h1>\n\n\n\n<figure class=\"wp-block-image size-large\"><img loading=\"lazy\" decoding=\"async\" width=\"773\" height=\"1030\" src=\"https:\/\/www.aufildescordes-shibari.fr\/wp-content\/uploads\/2023\/11\/09-actualites-septembre-2023-format-JPEG-773x1030.jpg\" alt=\"\" class=\"wp-image-6931\" srcset=\"https:\/\/www.aufildescordes-shibari.fr\/wp-content\/uploads\/2023\/11\/09-actualites-septembre-2023-format-JPEG-773x1030.jpg 773w, https:\/\/www.aufildescordes-shibari.fr\/wp-content\/uploads\/2023\/11\/09-actualites-septembre-2023-format-JPEG-225x300.jpg 225w, https:\/\/www.aufildescordes-shibari.fr\/wp-content\/uploads\/2023\/11\/09-actualites-septembre-2023-format-JPEG-768x1023.jpg 768w, https:\/\/www.aufildescordes-shibari.fr\/wp-content\/uploads\/2023\/11\/09-actualites-septembre-2023-format-JPEG-529x705.jpg 529w, https:\/\/www.aufildescordes-shibari.fr\/wp-content\/uploads\/2023\/11\/09-actualites-septembre-2023-format-JPEG.jpg 794w\" sizes=\"auto, (max-width: 773px) 100vw, 773px\" \/><\/figure>\n\n\n\n<figure class=\"wp-block-image size-large\"><img loading=\"lazy\" decoding=\"async\" width=\"773\" height=\"1030\" src=\"https:\/\/www.aufildescordes-shibari.fr\/wp-content\/uploads\/2023\/07\/07-actualites-juillet-2023-format-JPEG-773x1030.jpg\" alt=\"\" class=\"wp-image-5329\" srcset=\"https:\/\/www.aufildescordes-shibari.fr\/wp-content\/uploads\/2023\/07\/07-actualites-juillet-2023-format-JPEG-773x1030.jpg 773w, https:\/\/www.aufildescordes-shibari.fr\/wp-content\/uploads\/2023\/07\/07-actualites-juillet-2023-format-JPEG-225x300.jpg 225w, https:\/\/www.aufildescordes-shibari.fr\/wp-content\/uploads\/2023\/07\/07-actualites-juillet-2023-format-JPEG-768x1023.jpg 768w, https:\/\/www.aufildescordes-shibari.fr\/wp-content\/uploads\/2023\/07\/07-actualites-juillet-2023-format-JPEG-529x705.jpg 529w, https:\/\/www.aufildescordes-shibari.fr\/wp-content\/uploads\/2023\/07\/07-actualites-juillet-2023-format-JPEG.jpg 794w\" sizes=\"auto, (max-width: 773px) 100vw, 773px\" \/><\/figure>\n\n\n\n<figure class=\"wp-block-image size-large\"><img loading=\"lazy\" decoding=\"async\" width=\"773\" height=\"1030\" src=\"https:\/\/www.aufildescordes-shibari.fr\/wp-content\/uploads\/2023\/07\/05-actualites-mai-2023-format-JPEG-773x1030.jpg\" alt=\"\" class=\"wp-image-5330\" srcset=\"https:\/\/www.aufildescordes-shibari.fr\/wp-content\/uploads\/2023\/07\/05-actualites-mai-2023-format-JPEG-773x1030.jpg 773w, https:\/\/www.aufildescordes-shibari.fr\/wp-content\/uploads\/2023\/07\/05-actualites-mai-2023-format-JPEG-225x300.jpg 225w, https:\/\/www.aufildescordes-shibari.fr\/wp-content\/uploads\/2023\/07\/05-actualites-mai-2023-format-JPEG-768x1023.jpg 768w, https:\/\/www.aufildescordes-shibari.fr\/wp-content\/uploads\/2023\/07\/05-actualites-mai-2023-format-JPEG-529x705.jpg 529w, https:\/\/www.aufildescordes-shibari.fr\/wp-content\/uploads\/2023\/07\/05-actualites-mai-2023-format-JPEG.jpg 794w\" sizes=\"auto, (max-width: 773px) 100vw, 773px\" \/><\/figure>\n\n\n\n<figure class=\"wp-block-image size-large\"><img loading=\"lazy\" decoding=\"async\" width=\"773\" height=\"1030\" src=\"https:\/\/www.aufildescordes-shibari.fr\/wp-content\/uploads\/2023\/07\/01-actualites-janvier-2023-format-JPEG-773x1030.jpg\" alt=\"\" class=\"wp-image-5331\" srcset=\"https:\/\/www.aufildescordes-shibari.fr\/wp-content\/uploads\/2023\/07\/01-actualites-janvier-2023-format-JPEG-773x1030.jpg 773w, https:\/\/www.aufildescordes-shibari.fr\/wp-content\/uploads\/2023\/07\/01-actualites-janvier-2023-format-JPEG-225x300.jpg 225w, https:\/\/www.aufildescordes-shibari.fr\/wp-content\/uploads\/2023\/07\/01-actualites-janvier-2023-format-JPEG-768x1023.jpg 768w, https:\/\/www.aufildescordes-shibari.fr\/wp-content\/uploads\/2023\/07\/01-actualites-janvier-2023-format-JPEG-529x705.jpg 529w, https:\/\/www.aufildescordes-shibari.fr\/wp-content\/uploads\/2023\/07\/01-actualites-janvier-2023-format-JPEG.jpg 794w\" sizes=\"auto, (max-width: 773px) 100vw, 773px\" \/><\/figure>\n\n\n\n<h1 class=\"wp-block-heading has-text-align-center has-col-000000-color has-col-a-81010-background-color has-text-color has-background has-link-color wp-elements-0333e13ce9f37b0a1bfa0cef815692e9\">ARCHIVES ACTUALIT\u00c9S ASSOCIATIVES<br>&#8211; 2022 &#8211;<\/h1>\n\n\n\n<figure class=\"wp-block-image size-large is-resized\"><img loading=\"lazy\" decoding=\"async\" width=\"773\" height=\"1030\" src=\"https:\/\/www.aufildescordes-shibari.fr\/wp-content\/uploads\/2023\/07\/12-actualites-decembre-2022-format-JPEG-773x1030.jpg\" alt=\"\" class=\"wp-image-5332\" style=\"width:700px;height:933px\" srcset=\"https:\/\/www.aufildescordes-shibari.fr\/wp-content\/uploads\/2023\/07\/12-actualites-decembre-2022-format-JPEG-773x1030.jpg 773w, https:\/\/www.aufildescordes-shibari.fr\/wp-content\/uploads\/2023\/07\/12-actualites-decembre-2022-format-JPEG-225x300.jpg 225w, https:\/\/www.aufildescordes-shibari.fr\/wp-content\/uploads\/2023\/07\/12-actualites-decembre-2022-format-JPEG-768x1023.jpg 768w, https:\/\/www.aufildescordes-shibari.fr\/wp-content\/uploads\/2023\/07\/12-actualites-decembre-2022-format-JPEG-529x705.jpg 529w, https:\/\/www.aufildescordes-shibari.fr\/wp-content\/uploads\/2023\/07\/12-actualites-decembre-2022-format-JPEG.jpg 794w\" sizes=\"auto, (max-width: 773px) 100vw, 773px\" \/><\/figure>\n\n\n\n<figure class=\"wp-block-image size-large\"><img loading=\"lazy\" decoding=\"async\" width=\"773\" height=\"1030\" src=\"https:\/\/www.aufildescordes-shibari.fr\/wp-content\/uploads\/2023\/07\/11-actualites-novembre-2022-format-JPEG-773x1030.jpg\" alt=\"\" class=\"wp-image-5333\" srcset=\"https:\/\/www.aufildescordes-shibari.fr\/wp-content\/uploads\/2023\/07\/11-actualites-novembre-2022-format-JPEG-773x1030.jpg 773w, https:\/\/www.aufildescordes-shibari.fr\/wp-content\/uploads\/2023\/07\/11-actualites-novembre-2022-format-JPEG-225x300.jpg 225w, https:\/\/www.aufildescordes-shibari.fr\/wp-content\/uploads\/2023\/07\/11-actualites-novembre-2022-format-JPEG-768x1023.jpg 768w, https:\/\/www.aufildescordes-shibari.fr\/wp-content\/uploads\/2023\/07\/11-actualites-novembre-2022-format-JPEG-529x705.jpg 529w, https:\/\/www.aufildescordes-shibari.fr\/wp-content\/uploads\/2023\/07\/11-actualites-novembre-2022-format-JPEG.jpg 794w\" sizes=\"auto, (max-width: 773px) 100vw, 773px\" \/><\/figure>\n\n\n\n<figure class=\"wp-block-image size-large\"><img loading=\"lazy\" decoding=\"async\" width=\"773\" height=\"1030\" src=\"https:\/\/www.aufildescordes-shibari.fr\/wp-content\/uploads\/2023\/07\/10a-actualites-octobre-2022-format-JPEG-773x1030.jpg\" alt=\"\" class=\"wp-image-5334\" srcset=\"https:\/\/www.aufildescordes-shibari.fr\/wp-content\/uploads\/2023\/07\/10a-actualites-octobre-2022-format-JPEG-773x1030.jpg 773w, https:\/\/www.aufildescordes-shibari.fr\/wp-content\/uploads\/2023\/07\/10a-actualites-octobre-2022-format-JPEG-225x300.jpg 225w, https:\/\/www.aufildescordes-shibari.fr\/wp-content\/uploads\/2023\/07\/10a-actualites-octobre-2022-format-JPEG-768x1023.jpg 768w, https:\/\/www.aufildescordes-shibari.fr\/wp-content\/uploads\/2023\/07\/10a-actualites-octobre-2022-format-JPEG-529x705.jpg 529w, https:\/\/www.aufildescordes-shibari.fr\/wp-content\/uploads\/2023\/07\/10a-actualites-octobre-2022-format-JPEG.jpg 794w\" sizes=\"auto, (max-width: 773px) 100vw, 773px\" \/><\/figure>\n\n\n\n<p class=\"has-text-align-center\"><a href=\"https:\/\/www.aufildescordes-shibari.fr\/?page_id=1391\">&lt;&lt;&lt; Retour aux actualit\u00e9s<\/a><\/p>\n","protected":false},"excerpt":{"rendered":"<p>&lt;&lt;&lt; Retour aux actualit\u00e9s ARCHIVES NEWSLETTERS ASSOCIATIVES&#8211; 2024 &#8211; ARCHIVES ACTUALIT\u00c9S ASSOCIATIVES&#8211; 2024 &#8211; ARCHIVES ACTUALIT\u00c9S ASSOCIATIVES&#8211; 2023 &#8211; ARCHIVES ACTUALIT\u00c9S ASSOCIATIVES&#8211; 2022 &#8211; &lt;&lt;&lt; Retour aux actualit\u00e9s<\/p>\n","protected":false},"author":3,"featured_media":0,"parent":0,"menu_order":0,"comment_status":"closed","ping_status":"closed","template":"","meta":{"_price":"","_stock":"","_tribe_ticket_header":"","_tribe_default_ticket_provider":"","_ticket_start_date":"","_ticket_end_date":"","_tribe_ticket_show_description":"","_tribe_ticket_show_not_going":false,"_tribe_ticket_use_global_stock":"","_tribe_ticket_global_stock_level":"","_global_stock_mode":"","_global_stock_cap":"","_tribe_rsvp_for_event":"","_tribe_ticket_going_count":"","_tribe_ticket_not_going_count":"","_tribe_tickets_list":"[]","_tribe_ticket_has_attendee_info_fields":false,"footnotes":"","_tec_slr_enabled":"","_tec_slr_layout":""},"class_list":["post-5353","page","type-page","status-publish","hentry"],"ticketed":false,"_links":{"self":[{"href":"https:\/\/www.aufildescordes-shibari.fr\/index.php?rest_route=\/wp\/v2\/pages\/5353","targetHints":{"allow":["GET"]}}],"collection":[{"href":"https:\/\/www.aufildescordes-shibari.fr\/index.php?rest_route=\/wp\/v2\/pages"}],"about":[{"href":"https:\/\/www.aufildescordes-shibari.fr\/index.php?rest_route=\/wp\/v2\/types\/page"}],"author":[{"embeddable":true,"href":"https:\/\/www.aufildescordes-shibari.fr\/index.php?rest_route=\/wp\/v2\/users\/3"}],"replies":[{"embeddable":true,"href":"https:\/\/www.aufildescordes-shibari.fr\/index.php?rest_route=%2Fwp%2Fv2%2Fcomments&post=5353"}],"version-history":[{"count":57,"href":"https:\/\/www.aufildescordes-shibari.fr\/index.php?rest_route=\/wp\/v2\/pages\/5353\/revisions"}],"predecessor-version":[{"id":8357,"href":"https:\/\/www.aufildescordes-shibari.fr\/index.php?rest_route=\/wp\/v2\/pages\/5353\/revisions\/8357"}],"wp:attachment":[{"href":"https:\/\/www.aufildescordes-shibari.fr\/index.php?rest_route=%2Fwp%2Fv2%2Fmedia&parent=5353"}],"curies":[{"name":"wp","href":"https:\/\/api.w.org\/{rel}","templated":true}]}}