{"id":7749,"date":"2024-05-02T21:46:49","date_gmt":"2024-05-02T21:46:49","guid":{"rendered":"https:\/\/www.aufildescordes-shibari.fr\/?page_id=7749"},"modified":"2026-03-26T15:55:59","modified_gmt":"2026-03-26T15:55:59","slug":"mentions-legales","status":"publish","type":"page","link":"https:\/\/www.aufildescordes-shibari.fr\/?page_id=7749","title":{"rendered":"Mentions l\u00e9gales"},"content":{"rendered":"\n<style type=\"text\/css\" data-created_by=\"avia_inline_auto\" id=\"style-css-av-kv97z7t9-d65b94162dbe09a1c9ed94ddc214b143\">\n.av_font_icon.av-kv97z7t9-d65b94162dbe09a1c9ed94ddc214b143 .av-icon-char{\nfont-size:40px;\nline-height:40px;\n}\n<\/style>\n<span  class='av_font_icon av-kv97z7t9-d65b94162dbe09a1c9ed94ddc214b143 avia_animate_when_visible av-icon-style- avia-icon-pos-center av-no-color avia-icon-animate'><a href='https:\/\/www.aufildescordes-shibari.fr\/'   class='av-icon-char' aria-hidden='false' data-av_icon='\ue830' data-av_iconfont='entypo-fontello' data-avia-icon-tooltip=\"&lt;br \/&gt;\nRetourner \u00e0 l&amp;rsquo;accueil&lt;br \/&gt;\n\"><\/a><\/span>\n\n<style type=\"text\/css\" data-created_by=\"avia_inline_auto\" id=\"style-css-av-270tdx-422b6642805e62759b3e36f29a4ca07f\">\n#top .av-special-heading.av-270tdx-422b6642805e62759b3e36f29a4ca07f{\npadding-bottom:50px;\ncolor:#000000;\n}\nbody .av-special-heading.av-270tdx-422b6642805e62759b3e36f29a4ca07f .av-special-heading-tag .heading-char{\nfont-size:25px;\n}\n.av-special-heading.av-270tdx-422b6642805e62759b3e36f29a4ca07f .special-heading-inner-border{\nborder-color:#000000;\n}\n.av-special-heading.av-270tdx-422b6642805e62759b3e36f29a4ca07f .av-subheading{\nfont-size:15px;\n}\n<\/style>\n<div  class='av-special-heading av-270tdx-422b6642805e62759b3e36f29a4ca07f av-special-heading-h2 custom-color-heading blockquote elegant-quote elegant-centered  avia-builder-el-1  el_after_av_font_icon  el_before_av_textblock '><h2 class='av-special-heading-tag '  itemprop=\"headline\"  ><span class=\"heading-wrap\">MENTIONS L\u00c9GALES, CGU, CGV, Politique de confidentialit\u00e9<\/span><\/h2><div class=\"special-heading-border\"><div class=\"special-heading-inner-border\"><\/div><\/div><\/div>\n<section  class='av_textblock_section av-lvps0f2y-90e0c088d4fec9c33a48b03af60cdd43 '   itemscope=\"itemscope\" itemtype=\"https:\/\/schema.org\/CreativeWork\" ><div class='avia_textblock'  itemprop=\"text\" ><h3><strong>IDENTIFICATION DE L&rsquo;ASSOCIATION<\/strong><\/h3>\n<ul>\n<li><em><span style=\"color: #999999;\">nom :<\/span><\/em> <span style=\"color: #000000;\">Au Fil des Cordes<\/span><\/li>\n<li><em><span style=\"color: #999999;\">type :<\/span><\/em> <span style=\"color: #000000;\">association loi 1901 d\u00e9clar\u00e9e le 7 septembre 2017 en sous-pr\u00e9fecture de Cherbourg-en-Cotentin<\/span><\/li>\n<li><em><span style=\"color: #999999;\">objet :<\/span> <\/em><span style=\"color: #000000;\">pratique, valorisation et partage du Shibari ou \u00ab\u00a0art de la corde\u00a0\u00bb<\/span><\/li>\n<li><em><span style=\"color: #999999;\">num\u00e9ro RNA : <\/span><\/em><span style=\"color: #000000;\">W502004832<\/span><\/li>\n<li><em><span style=\"color: #999999;\"> si\u00e8ge social :<\/span><\/em> <span style=\"color: #000000;\">8, impasse des Tilleuls &#8211; 76240 BONSECOURS<\/span><\/li>\n<li><em><span style=\"color: #999999;\">adresse mail :<\/span><\/em> <span style=\"color: #0000ff;\">aufildescordes@gmail.com<\/span><\/li>\n<\/ul>\n<hr \/>\n<h3><strong>SITE INTERNET ASSOCIATIF<br \/>\n<\/strong><\/h3>\n<ul>\n<li><span style=\"color: #999999;\"><em>aide \u00e0 la cr\u00e9ation :<\/em><\/span> <span style=\"color: #000000;\">avec la collaboration de Thibaud<\/span><\/li>\n<li><em><span style=\"color: #999999;\">propri\u00e9taire :<\/span>\u00a0<\/em><span style=\"color: #000000;\">Nicolas BERNARD, Pr\u00e9sident de l&rsquo;association Au Fil des Cordes<\/span><\/li>\n<li><em><span style=\"color: #999999;\">directeur de la publication :<\/span><\/em> <span style=\"color: #000000;\">Nicolas BERNARD, Pr\u00e9sident de l&rsquo;association Au Fil des Cordes<\/span><\/li>\n<li><em><span style=\"color: #999999;\">h\u00e9bergeur :<\/span><\/em> <span style=\"color: #000000;\"><span style=\"color: #3366ff;\"><a style=\"color: #3366ff;\" href=\"https:\/\/www.ovhcloud.com\/fr\"><span style=\"color: #0000ff;\">OVHcloud<\/span><\/a><\/span><\/span><\/li>\n<\/ul>\n<div class=\"rps_4c71\">\n<div dir=\"ltr\">\n<hr \/>\n<h3 dir=\"ltr\"><span style=\"color: #000000;\"><strong>CONDITIONS G\u00c9N\u00c9RALES D&rsquo;UTILISATION (CGU)<\/strong><\/span><\/h3>\n<p><span style=\"color: #000000;\">Les conditions g\u00e9n\u00e9rales d\u2019utilisation encadre l&rsquo;utilisation du site internet Au Fil des Cordes par la personne utilisatrice qui les accepte.<\/span><\/p>\n<p><span style=\"color: #000000;\">Le site internet associatif a pour objet la pratique, la valorisation et le partage du Shibari ou \u00ab\u00a0art de la corde\u00a0\u00bb. Shibari signifie en japonais \u00ab\u00a0attache\u00a0\u00bb : <a style=\"color: #000000;\" href=\"https:\/\/www.aufildescordes-shibari.fr\/?page_id=4400\"><span style=\"color: #0000ff;\">d\u00e9finition de Shibari.<\/span><\/a><\/span><\/p>\n<p><span style=\"color: #000000;\">Pour acc\u00e9der \u00e0 ce site, la personne utilisatrice justifie d&rsquo;avoir au moins 18 ans. Toute personne utilisatrice qui n&rsquo;a pas 18 ans r\u00e9volu doit sortir du site internet imm\u00e9diatement et ne pas acc\u00e9der au site, ni t\u00e9l\u00e9charger ou imprimer son contenu, ni utiliser ce site.<\/span><\/p>\n<p><span style=\"color: #000000;\">La personne utilisatrice reconna\u00eet \u00eatre au courant de la nature des contenus fournis par ce site internet, n\u2019est pas offens\u00e9e par ce type de contenu et acc\u00e8de au site de son plein gr\u00e9. La personne utilisatrice de ce site consent \u00e0 acc\u00e9der \u00e0 des contenus qui concernent la pratique du Shibari entre personnes adultes et consentantes.<\/span><\/p>\n<hr \/>\n<\/div>\n<\/div>\n<div class=\"rps_4c71\">\n<h3 dir=\"ltr\"><strong>CONDITIONS G\u00c9N\u00c9RALES DE VENTE (CGV)<\/strong><\/h3>\n<p dir=\"ltr\"><span style=\"color: #000000;\">Les conditions g\u00e9n\u00e9rales de vente informe la personne utilisatrice des conditions de r\u00e9servations des \u00e9v\u00e8nements associatifs.<br \/>\nPour toutes r\u00e9servations des \u00e9v\u00e8nements associatifs sur Billetweb, les conditions g\u00e9n\u00e9rales de vente de cette plateforme s\u2019appliquent :<\/span><\/p>\n<p dir=\"ltr\"><span style=\"color: #0000ff;\"><a style=\"color: #0000ff;\" href=\"https:\/\/www.billetweb.fr\/fr\/cgv\">Conditions G\u00e9n\u00e9rales de Vente Billetweb<\/a><\/span><\/p>\n<\/div>\n<hr \/>\n<h3 class=\"x_elementToProof\"><strong>PROTECTION ET TRAITEMENT DE DONN\u00c9ES PERSONNELLES<br \/>\n<\/strong><\/h3>\n<ul>\n<li><em><span style=\"color: #999999;\">Identit\u00e9 du responsable du fichier :<\/span> <\/em><span style=\"color: #000000;\">Nicolas BERNARD, Pr\u00e9sident de l&rsquo;association Au Fil des Cordes<\/span><\/li>\n<li><span style=\"color: #999999;\"><em>Modalit\u00e9s d\u2019utilisation et finalit\u00e9 du traitement<\/em><\/span><br \/>\nC<span style=\"color: #000000;\">e site internet Au Fil des Cordes respecte la vie priv\u00e9e de la personne utilisatrice et se conforme strictement aux lois en vigueur sur la protection de la vie priv\u00e9e et des libert\u00e9s individuelles. Aucune information personnelle n\u2019est collect\u00e9e \u00e0 l&rsquo;insu de l&rsquo;utilisateur. Aucune information personnelle n\u2019est c\u00e9d\u00e9e \u00e0 des tiers. Les courriels, les adresses \u00e9lectroniques ou autres informations nominatives dont ce site est destinataire ne font l\u2019objet d\u2019aucune exploitation et ne sont conserv\u00e9s que pour la dur\u00e9e n\u00e9cessaire \u00e0 leur traitement.<\/span><\/li>\n<li><span style=\"color: #000000;\"><em><span style=\"color: #999999;\">Droit des internautes : droit d\u2019acc\u00e8s, de rectification et de suppression<\/span><br \/>\n<\/em>L\u2019association Au Fil des Cordes s\u2019engage \u00e0 ce que la collecte et le traitement de vos donn\u00e9es, effectu\u00e9s \u00e0 partir du site soient conformes au r\u00e8glement g\u00e9n\u00e9ral sur la protection des donn\u00e9es (RGPD) et \u00e0 la loi Informatique et Libert\u00e9s. La personne utilisatrice dispose d\u2019un droit d\u2019acc\u00e8s, de rectification, de modification et de suppression des donn\u00e9es qui la concerne. La personne utilisatrice exerce ce droit sur simple demande \u00e0 l\u2019adresse mail : <span style=\"color: #0000ff;\">aufildescordes@gmail.com.<\/span><\/span><\/li>\n<\/ul>\n<div class=\"rps_4c71\">\n<hr \/>\n<\/div>\n<h3><strong>PROPRI\u00c9T\u00c9 INTELLECTUELLE<\/strong><\/h3>\n<ul>\n<li><em><span style=\"color: #999999;\">logo <\/span><\/em><em><span style=\"color: #999999;\">et extraits du logo :<\/span><\/em> <span style=\"color: #000000;\">Ecchinata<\/span><\/li>\n<li><em><span style=\"color: #999999;\">photographies (sauf autres sources cit\u00e9es) :<\/span><\/em> <span style=\"color: #000000;\">Au Fil des Cordes<\/span><\/li>\n<li><em><span style=\"color: #999999;\">aquarelles :<\/span><\/em> <span style=\"color: #000000;\">Au Fil des Cordes<\/span><\/li>\n<li><em><span style=\"color: #999999;\">images :<\/span><\/em><span style=\"color: #000000;\"> intelligence artificielle libre de droit<\/span><\/li>\n<li><span style=\"color: #999999;\"><em>textes (sauf autres sources cit\u00e9es) :<\/em><\/span><span style=\"color: #000000;\"> Au Fil des Cordes<\/span><\/li>\n<\/ul>\n<p><span style=\"color: #000000;\">Toute reproduction, distribution, modification, ou tout autre forme d&rsquo;exploitation des contenus du site internet Au Fil des Cordes<\/span><span style=\"color: #000000;\">, sans autorisation explicite d&rsquo;Au Fil des Cordes, constitue une violation des droits de propri\u00e9t\u00e9 intellectuelle et est donc ill\u00e9gale.\u00a0<\/span><\/p>\n<p>\u00a9<span style=\"color: #000000;\"> Copyright : Au Fil des Cordes &#8211; association de Shibari en Normandie \u00e0 Caen et Rouen<\/span><\/p>\n<\/div><\/section>\n\n<style type=\"text\/css\" data-created_by=\"avia_inline_auto\" id=\"style-css-av-kv97z7t9-1-bf3fc110cf9f48c54a51dda32c3afd6f\">\n.av_font_icon.av-kv97z7t9-1-bf3fc110cf9f48c54a51dda32c3afd6f .av-icon-char{\nfont-size:40px;\nline-height:40px;\n}\n<\/style>\n<span  class='av_font_icon av-kv97z7t9-1-bf3fc110cf9f48c54a51dda32c3afd6f avia_animate_when_visible av-icon-style- avia-icon-pos-center av-no-color avia-icon-animate'><a href='https:\/\/www.aufildescordes-shibari.fr\/'   class='av-icon-char' aria-hidden='false' data-av_icon='\ue830' data-av_iconfont='entypo-fontello' data-avia-icon-tooltip=\"&lt;br \/&gt;\nRetourner \u00e0 l&amp;rsquo;accueil&lt;br \/&gt;\n\"><\/a><\/span>\n","protected":false},"excerpt":{"rendered":"","protected":false},"author":3,"featured_media":0,"parent":0,"menu_order":0,"comment_status":"closed","ping_status":"closed","template":"","meta":{"_price":"","_stock":"","_tribe_ticket_header":"","_tribe_default_ticket_provider":"","_ticket_start_date":"","_ticket_end_date":"","_tribe_ticket_show_description":"","_tribe_ticket_show_not_going":false,"_tribe_ticket_use_global_stock":"","_tribe_ticket_global_stock_level":"","_global_stock_mode":"","_global_stock_cap":"","_tribe_rsvp_for_event":"","_tribe_ticket_going_count":"","_tribe_ticket_not_going_count":"","_tribe_tickets_list":"[]","_tribe_ticket_has_attendee_info_fields":false,"footnotes":"","_tec_slr_enabled":"","_tec_slr_layout":""},"class_list":["post-7749","page","type-page","status-publish","hentry"],"ticketed":false,"_links":{"self":[{"href":"https:\/\/www.aufildescordes-shibari.fr\/index.php?rest_route=\/wp\/v2\/pages\/7749","targetHints":{"allow":["GET"]}}],"collection":[{"href":"https:\/\/www.aufildescordes-shibari.fr\/index.php?rest_route=\/wp\/v2\/pages"}],"about":[{"href":"https:\/\/www.aufildescordes-shibari.fr\/index.php?rest_route=\/wp\/v2\/types\/page"}],"author":[{"embeddable":true,"href":"https:\/\/www.aufildescordes-shibari.fr\/index.php?rest_route=\/wp\/v2\/users\/3"}],"replies":[{"embeddable":true,"href":"https:\/\/www.aufildescordes-shibari.fr\/index.php?rest_route=%2Fwp%2Fv2%2Fcomments&post=7749"}],"version-history":[{"count":52,"href":"https:\/\/www.aufildescordes-shibari.fr\/index.php?rest_route=\/wp\/v2\/pages\/7749\/revisions"}],"predecessor-version":[{"id":8832,"href":"https:\/\/www.aufildescordes-shibari.fr\/index.php?rest_route=\/wp\/v2\/pages\/7749\/revisions\/8832"}],"wp:attachment":[{"href":"https:\/\/www.aufildescordes-shibari.fr\/index.php?rest_route=%2Fwp%2Fv2%2Fmedia&parent=7749"}],"curies":[{"name":"wp","href":"https:\/\/api.w.org\/{rel}","templated":true}]}}