{"id":858,"date":"2021-07-18T12:15:23","date_gmt":"2021-07-18T12:15:23","guid":{"rendered":"https:\/\/www.aufildescordes-shibari.fr\/?page_id=858"},"modified":"2026-03-11T21:37:28","modified_gmt":"2026-03-11T21:37:28","slug":"galeries-des-cours","status":"publish","type":"page","link":"https:\/\/www.aufildescordes-shibari.fr\/?page_id=858","title":{"rendered":"Galeries des ateliers"},"content":{"rendered":"<div id='full_slider_1'  class='avia-fullwidth-slider main_color avia-shadow   avia-builder-el-0  el_before_av_section  avia-builder-el-first   container_wrap fullsize'  ><div  class='avia-slideshow av-ky4fuoni-f15fa4139e84ee383242b9481e8cc07e avia-slideshow-entry_without_sidebar av_slideshow_full avia-fade-slider av-slideshow-ui av-control-default av-slideshow-autoplay av-loop-endless av-loop-manual-endless av-default-height-applied   avia-slideshow-1' data-slideshow-options=\"{&quot;animation&quot;:&quot;fade&quot;,&quot;autoplay&quot;:true,&quot;loop_autoplay&quot;:&quot;endless&quot;,&quot;interval&quot;:3,&quot;loop_manual&quot;:&quot;manual-endless&quot;,&quot;autoplay_stopper&quot;:false,&quot;noNavigation&quot;:false,&quot;bg_slider&quot;:false,&quot;keep_padding&quot;:false,&quot;hoverpause&quot;:false,&quot;show_slide_delay&quot;:0}\"  itemprop=\"image\" itemscope=\"itemscope\" itemtype=\"https:\/\/schema.org\/ImageObject\" ><ul class='avia-slideshow-inner ' style='padding-bottom: 34.95867768595%;'><li  class='avia-slideshow-slide av-ky4fuoni-f15fa4139e84ee383242b9481e8cc07e__0  slide-1 slide-odd'><div data-rel='slideshow-1' class='avia-slide-wrap '   ><div class='av-slideshow-caption av-ky4fuoni-f15fa4139e84ee383242b9481e8cc07e__0 caption_fullwidth caption_bottom caption_bottom_framed caption_framed'><div class=\"container caption_container\"><div class=\"slideshow_caption\"><div class=\"slideshow_inner_caption\"><div class=\"slideshow_align_caption\"><h2 class='avia-caption-title '  itemprop=\"name\" >10 niveaux de cours<\/h2><\/div><\/div><\/div><\/div><\/div><img decoding=\"async\" fetchpriority=\"high\" class=\"wp-image-4073 avia-img-lazy-loading-not-4073\"  src=\"https:\/\/www.aufildescordes-shibari.fr\/wp-content\/uploads\/2022\/01\/folder-1210x423.jpg\" width=\"1210\" height=\"423\" title='folder' alt=''  itemprop=\"thumbnailUrl\"   \/><\/div><\/li><li  class='avia-slideshow-slide av-ky4fuoni-f15fa4139e84ee383242b9481e8cc07e__1  slide-2 slide-even'><div data-rel='slideshow-1' class='avia-slide-wrap '   ><div class='av-slideshow-caption av-ky4fuoni-f15fa4139e84ee383242b9481e8cc07e__1 caption_fullwidth caption_bottom caption_bottom_framed caption_framed'><div class=\"container caption_container\"><div class=\"slideshow_caption\"><div class=\"slideshow_inner_caption\"><div class=\"slideshow_align_caption\"><h2 class='avia-caption-title '  itemprop=\"name\" >des ateliers niveau totalement d\u00e9butant<\/h2><\/div><\/div><\/div><\/div><\/div><img decoding=\"async\" fetchpriority=\"high\" class=\"wp-image-3140 avia-img-lazy-loading-not-3140\"  src=\"https:\/\/www.aufildescordes-shibari.fr\/wp-content\/uploads\/2021\/12\/DSC_5445mod-1210x423.jpg\" width=\"1210\" height=\"423\" title='Rouen 26.10.19' alt=''  itemprop=\"thumbnailUrl\"   \/><\/div><\/li><li  class='avia-slideshow-slide av-ky4fuoni-f15fa4139e84ee383242b9481e8cc07e__2  slide-3 slide-odd'><div data-rel='slideshow-1' class='avia-slide-wrap '   ><div class='av-slideshow-caption av-ky4fuoni-f15fa4139e84ee383242b9481e8cc07e__2 caption_fullwidth caption_bottom caption_bottom_framed caption_framed'><div class=\"container caption_container\"><div class=\"slideshow_caption\"><div class=\"slideshow_inner_caption\"><div class=\"slideshow_align_caption\"><h2 class='avia-caption-title '  itemprop=\"name\" >des ateliers niveau d\u00e9butant sol<\/h2><\/div><\/div><\/div><\/div><\/div><img decoding=\"async\" fetchpriority=\"high\" class=\"wp-image-3763 avia-img-lazy-loading-not-3763\"  src=\"https:\/\/www.aufildescordes-shibari.fr\/wp-content\/uploads\/2022\/01\/IMG_5675Eclaircie2-1210x423.jpg\" width=\"1210\" height=\"423\" title='' alt=''  itemprop=\"thumbnailUrl\"   \/><\/div><\/li><li  class='avia-slideshow-slide av-ky4fuoni-f15fa4139e84ee383242b9481e8cc07e__3  slide-4 slide-even'><div data-rel='slideshow-1' class='avia-slide-wrap '   ><div class='av-slideshow-caption av-ky4fuoni-f15fa4139e84ee383242b9481e8cc07e__3 caption_fullwidth caption_bottom caption_bottom_framed caption_framed'><div class=\"container caption_container\"><div class=\"slideshow_caption\"><div class=\"slideshow_inner_caption\"><div class=\"slideshow_align_caption\"><h2 class='avia-caption-title '  itemprop=\"name\" >des ateliers niveau interm\u00e9diaire sol<\/h2><\/div><\/div><\/div><\/div><\/div><img decoding=\"async\" fetchpriority=\"high\" class=\"wp-image-3912 avia-img-lazy-loading-not-3912\"  src=\"https:\/\/www.aufildescordes-shibari.fr\/wp-content\/uploads\/2022\/01\/B-4-1210x423.jpg\" width=\"1210\" height=\"423\" title='' alt=''  itemprop=\"thumbnailUrl\"   \/><\/div><\/li><li  class='avia-slideshow-slide av-ky4fuoni-f15fa4139e84ee383242b9481e8cc07e__4  slide-5 slide-odd'><div data-rel='slideshow-1' class='avia-slide-wrap '   ><div class='av-slideshow-caption av-ky4fuoni-f15fa4139e84ee383242b9481e8cc07e__4 caption_fullwidth caption_bottom caption_bottom_framed caption_framed'><div class=\"container caption_container\"><div class=\"slideshow_caption\"><div class=\"slideshow_inner_caption\"><div class=\"slideshow_align_caption\"><h2 class='avia-caption-title '  itemprop=\"name\" >des ateliers niveau d\u00e9butant semi et suspension<\/h2><\/div><\/div><\/div><\/div><\/div><img decoding=\"async\" fetchpriority=\"high\" class=\"wp-image-3855 avia-img-lazy-loading-not-3855\"  src=\"https:\/\/www.aufildescordes-shibari.fr\/wp-content\/uploads\/2022\/01\/IMG_4491NBfloutee-1210x423.jpg\" width=\"1210\" height=\"423\" title='IMG_4491N&amp;Bflout\u00e9e' alt=''  itemprop=\"thumbnailUrl\"   \/><\/div><\/li><li  class='avia-slideshow-slide av-ky4fuoni-f15fa4139e84ee383242b9481e8cc07e__5  slide-6 slide-even'><div data-rel='slideshow-1' class='avia-slide-wrap '   ><div class='av-slideshow-caption av-ky4fuoni-f15fa4139e84ee383242b9481e8cc07e__5 caption_fullwidth caption_bottom'><div class=\"container caption_container\"><div class=\"slideshow_caption\"><div class=\"slideshow_inner_caption\"><div class=\"slideshow_align_caption\"><h2 class='avia-caption-title '  itemprop=\"name\" >des ateliers niveau interm\u00e9diaire semi et suspension<\/h2><\/div><\/div><\/div><\/div><\/div><img decoding=\"async\" fetchpriority=\"high\" class=\"wp-image-8669 avia-img-lazy-loading-not-8669\"  src=\"https:\/\/www.aufildescordes-shibari.fr\/wp-content\/uploads\/2026\/03\/P1200229NB-1210x423.jpg\" width=\"1210\" height=\"423\" title='P1200229N&amp;B' alt=''  itemprop=\"thumbnailUrl\"   \/><\/div><\/li><\/ul><div class='avia-slideshow-arrows avia-slideshow-controls' ><a href='#prev' class='prev-slide ' aria-hidden='true' data-av_icon='\ue87c' data-av_iconfont='entypo-fontello'  tabindex='-1'>Pr\u00e9c\u00e9dent<\/a><a href='#next' class='next-slide ' aria-hidden='true' data-av_icon='\ue87d' data-av_iconfont='entypo-fontello'  tabindex='-1'>Suivant<\/a><\/div><div class='avia-slideshow-dots avia-slideshow-controls'><a href='#1' class='goto-slide active' >1<\/a><a href='#2' class='goto-slide ' >2<\/a><a href='#3' class='goto-slide ' >3<\/a><a href='#4' class='goto-slide ' >4<\/a><a href='#5' class='goto-slide ' >5<\/a><a href='#6' class='goto-slide ' >6<\/a><\/div><\/div><\/div>\n\n<style type=\"text\/css\" data-created_by=\"avia_inline_auto\" id=\"style-css-av-kv96mgtu-f3e9eef254bfba90953e7739559b097b\">\n.avia-section.av-kv96mgtu-f3e9eef254bfba90953e7739559b097b{\nbackground-color:#000000;\nbackground-image:unset;\n}\n<\/style>\n<div id='av_section_1'  class='avia-section av-kv96mgtu-f3e9eef254bfba90953e7739559b097b main_color avia-section-default avia-no-border-styling  avia-builder-el-1  el_after_av_slideshow_full  avia-builder-el-last  avia-bg-style-scroll container_wrap fullsize'  ><div class='container av-section-cont-open' ><div class='template-page content  av-content-full alpha units'><div class='post-entry post-entry-type-page post-entry-858'><div class='entry-content-wrapper clearfix'>\n\n<style type=\"text\/css\" data-created_by=\"avia_inline_auto\" id=\"style-css-av-aiwbm-871cd764a67404fe4bbc9871ed37b4dd\">\n#top .av-special-heading.av-aiwbm-871cd764a67404fe4bbc9871ed37b4dd{\npadding-bottom:10px;\ncolor:#ffffff;\n}\nbody .av-special-heading.av-aiwbm-871cd764a67404fe4bbc9871ed37b4dd .av-special-heading-tag .heading-char{\nfont-size:25px;\npadding-bottom:10px;\n}\n.av-special-heading.av-aiwbm-871cd764a67404fe4bbc9871ed37b4dd .special-heading-inner-border{\nborder-color:#ffffff;\n}\n.av-special-heading.av-aiwbm-871cd764a67404fe4bbc9871ed37b4dd .av-subheading{\nfont-size:15px;\n}\n<\/style>\n<div  class='av-special-heading av-aiwbm-871cd764a67404fe4bbc9871ed37b4dd av-special-heading-h1 custom-color-heading blockquote elegant-quote elegant-centered  avia-builder-el-2  el_before_av_textblock  avia-builder-el-first  av-icon'><h1 class='av-special-heading-tag '  itemprop=\"headline\"  ><span class='heading-char avia-font-entypo-fontello' aria-hidden='true' data-av_icon='\ue80f' data-av_iconfont='entypo-fontello'><\/span><span class=\"heading-wrap\">Galeries des ateliers Shibari<\/span><\/h1><div class=\"special-heading-border\"><div class=\"special-heading-inner-border\"><\/div><\/div><\/div>\n\n<style type=\"text\/css\" data-created_by=\"avia_inline_auto\" id=\"style-css-av-kv83cjoz-841b7065d717bb39f2fe54d8a828f1b9\">\n#top .av_textblock_section.av-kv83cjoz-841b7065d717bb39f2fe54d8a828f1b9 .avia_textblock{\ncolor:#ffffff;\n}\n<\/style>\n<section  class='av_textblock_section av-kv83cjoz-841b7065d717bb39f2fe54d8a828f1b9 '   itemscope=\"itemscope\" itemtype=\"https:\/\/schema.org\/CreativeWork\" ><div class='avia_textblock av_inherit_color'  itemprop=\"text\" ><div class=\"flex_column av_two_fifth no_margin flex_column_table_cell av-equal-height-column av-align-middle av-zero-column-padding avia-builder-el-4 el_after_av_two_fifth el_before_av_one_fifth \">\n<section class=\"av_textblock_section \">\n<div class=\"avia_textblock \">\n<p><strong>10 niveaux de cours collectifs de cordes ainsi que des cours priv\u00e9s de cordes personnalis\u00e9s<\/strong> sont g\u00e9r\u00e9s par l&rsquo;\u00e9quipe encadrante de l\u2019association.<\/p>\n<p>Cette association vise avec une andragogie int\u00e9grative de partager une logique et compr\u00e9hension des cordes et des corps, afin que les personnes participantes ne sachent pas que reproduire, mais \u00e0 terme s\u2019approprier leurs propres cordes.<\/p>\n<p>L\u2019association peut aussi proposer des cours collectifs ou priv\u00e9s de cordes de diff\u00e9rents niveaux men\u00e9s par des personnes intervenantes ext\u00e9rieures.<\/p>\n<p>Au fil des Cordes vous d\u00e9voilent des galeries photos souvenirs de ses ateliers :<\/p>\n<\/div>\n<\/section>\n<\/div>\n<\/div><\/section>\n\n<style type=\"text\/css\" data-created_by=\"avia_inline_auto\" id=\"style-css-av-kr9hjhjx-9eaf1a016c77653627e8990eaa9c2158\">\n#top .avia-icon-list-container.av-kr9hjhjx-9eaf1a016c77653627e8990eaa9c2158 .iconlist_icon{\ncolor:#ffffff;\nbackground-color:#000000;\nborder:1px solid #ffffff;\n}\n#top #wrap_all .avia-icon-list-container.av-kr9hjhjx-9eaf1a016c77653627e8990eaa9c2158 .av_iconlist_title{\ncolor:#ffffff;\n}\n.avia-icon-list-container.av-kr9hjhjx-9eaf1a016c77653627e8990eaa9c2158 .iconlist_content{\ncolor:#ffffff;\n}\n<\/style>\n<div  class='avia-icon-list-container av-kr9hjhjx-9eaf1a016c77653627e8990eaa9c2158  avia-builder-el-4  el_after_av_textblock  el_before_av_font_icon '><ul class='avia-icon-list avia_animate_when_almost_visible avia-icon-list-left av-iconlist-big av-kr9hjhjx-9eaf1a016c77653627e8990eaa9c2158 avia-iconlist-animate'>\n<li><a href='https:\/\/www.aufildescordes-shibari.fr\/?page_id=951' title='Ateliers &quot;D\u00e9couvrir les cordes&quot;'  class='iconlist_icon av-mwdcy-6607aa0a66442cda16f75fa19db40cbe avia-font-entypo-fontello'><span class='iconlist-char' aria-hidden='true' data-av_icon='\ue80f' data-av_iconfont='entypo-fontello'><\/span><\/a><article class=\"article-icon-entry \"  itemscope=\"itemscope\" itemtype=\"https:\/\/schema.org\/CreativeWork\" ><div class=\"iconlist_content_wrap\"><header class=\"entry-content-header\" aria-label=\"Icon: &lt;a href=&#039;https:\/\/www.aufildescordes-shibari.fr\/?page_id=951&#039; title=&#039;Ateliers &quot;D\u00e9couvrir les cordes&quot;&#039;&gt;Ateliers &quot;D\u00e9couvrir les cordes&quot;&lt;\/a&gt;\"><h3 class='av_iconlist_title iconlist_title  av_inherit_color'  itemprop=\"headline\" ><a href='https:\/\/www.aufildescordes-shibari.fr\/?page_id=951' title='Ateliers &quot;D\u00e9couvrir les cordes&quot;'>Ateliers \"D\u00e9couvrir les cordes\"<\/a><\/h3><\/header><div class='iconlist_content av_inherit_color'  itemprop=\"text\" ><p><a href=\"https:\/\/www.aufildescordes-shibari.fr\/?page_id=951\"><img loading=\"lazy\" decoding=\"async\" class=\"alignnone size-medium wp-image-1033\" src=\"https:\/\/www.aufildescordes-shibari.fr\/wp-content\/uploads\/2021\/07\/DSC_5467mod-4-200x300.jpg\" alt=\"\" width=\"200\" height=\"300\" srcset=\"https:\/\/www.aufildescordes-shibari.fr\/wp-content\/uploads\/2021\/07\/DSC_5467mod-4-200x300.jpg 200w, https:\/\/www.aufildescordes-shibari.fr\/wp-content\/uploads\/2021\/07\/DSC_5467mod-4-687x1030.jpg 687w, https:\/\/www.aufildescordes-shibari.fr\/wp-content\/uploads\/2021\/07\/DSC_5467mod-4-768x1152.jpg 768w, https:\/\/www.aufildescordes-shibari.fr\/wp-content\/uploads\/2021\/07\/DSC_5467mod-4-1024x1536.jpg 1024w, https:\/\/www.aufildescordes-shibari.fr\/wp-content\/uploads\/2021\/07\/DSC_5467mod-4-1366x2048.jpg 1366w, https:\/\/www.aufildescordes-shibari.fr\/wp-content\/uploads\/2021\/07\/DSC_5467mod-4-1000x1500.jpg 1000w, https:\/\/www.aufildescordes-shibari.fr\/wp-content\/uploads\/2021\/07\/DSC_5467mod-4-470x705.jpg 470w, https:\/\/www.aufildescordes-shibari.fr\/wp-content\/uploads\/2021\/07\/DSC_5467mod-4-scaled.jpg 1707w\" sizes=\"auto, (max-width: 200px) 100vw, 200px\" \/><\/a><\/p>\n<\/div><\/div><footer class=\"entry-footer\"><\/footer><\/article><div class=\"iconlist-timeline\"><\/div><\/li>\n<li><a href='https:\/\/www.aufildescordes-shibari.fr\/?page_id=1041' title='Ateliers &quot; D\u00e9buter les cordes au sol&quot;'  class='iconlist_icon av-1pwaa-1fe9d4482764c3417ad6207ecb320c7f avia-font-entypo-fontello'><span class='iconlist-char' aria-hidden='true' data-av_icon='\ue80f' data-av_iconfont='entypo-fontello'><\/span><\/a><article class=\"article-icon-entry \"  itemscope=\"itemscope\" itemtype=\"https:\/\/schema.org\/CreativeWork\" ><div class=\"iconlist_content_wrap\"><header class=\"entry-content-header\" aria-label=\"Icon: &lt;a href=&#039;https:\/\/www.aufildescordes-shibari.fr\/?page_id=1041&#039; title=&#039;Ateliers &quot; D\u00e9buter les cordes au sol&quot;&#039;&gt;Ateliers &quot; D\u00e9buter les cordes au sol&quot;&lt;\/a&gt;\"><h3 class='av_iconlist_title iconlist_title  av_inherit_color'  itemprop=\"headline\" ><a href='https:\/\/www.aufildescordes-shibari.fr\/?page_id=1041' title='Ateliers &quot; D\u00e9buter les cordes au sol&quot;'>Ateliers \" D\u00e9buter les cordes au sol\"<\/a><\/h3><\/header><div class='iconlist_content av_inherit_color'  itemprop=\"text\" ><p><a href=\"https:\/\/www.aufildescordes-shibari.fr\/?page_id=1041\"><img loading=\"lazy\" decoding=\"async\" class=\"size-medium wp-image-3891\" src=\"https:\/\/www.aufildescordes-shibari.fr\/wp-content\/uploads\/2022\/01\/IMG_0497-300x200.jpg\" alt=\"\" width=\"300\" height=\"200\" srcset=\"https:\/\/www.aufildescordes-shibari.fr\/wp-content\/uploads\/2022\/01\/IMG_0497-300x200.jpg 300w, https:\/\/www.aufildescordes-shibari.fr\/wp-content\/uploads\/2022\/01\/IMG_0497-1030x686.jpg 1030w, https:\/\/www.aufildescordes-shibari.fr\/wp-content\/uploads\/2022\/01\/IMG_0497-768x512.jpg 768w, https:\/\/www.aufildescordes-shibari.fr\/wp-content\/uploads\/2022\/01\/IMG_0497-1536x1023.jpg 1536w, https:\/\/www.aufildescordes-shibari.fr\/wp-content\/uploads\/2022\/01\/IMG_0497-1500x999.jpg 1500w, https:\/\/www.aufildescordes-shibari.fr\/wp-content\/uploads\/2022\/01\/IMG_0497-705x470.jpg 705w, https:\/\/www.aufildescordes-shibari.fr\/wp-content\/uploads\/2022\/01\/IMG_0497.jpg 1801w\" sizes=\"auto, (max-width: 300px) 100vw, 300px\" \/><\/a><\/p>\n<\/div><\/div><footer class=\"entry-footer\"><\/footer><\/article><div class=\"iconlist-timeline\"><\/div><\/li>\n<li><a href='https:\/\/www.aufildescordes-shibari.fr\/?page_id=1059' title='Ateliers &quot;Pratiquer les cordes au sol&quot;'  class='iconlist_icon av-bizpe-825704d34558ca50b635192c47570c29 avia-font-entypo-fontello'><span class='iconlist-char' aria-hidden='true' data-av_icon='\ue80f' data-av_iconfont='entypo-fontello'><\/span><\/a><article class=\"article-icon-entry \"  itemscope=\"itemscope\" itemtype=\"https:\/\/schema.org\/CreativeWork\" ><div class=\"iconlist_content_wrap\"><header class=\"entry-content-header\" aria-label=\"Icon: &lt;a href=&#039;https:\/\/www.aufildescordes-shibari.fr\/?page_id=1059&#039; title=&#039;Ateliers &quot;Pratiquer les cordes au sol&quot;&#039;&gt;Ateliers &quot;Pratiquer les cordes au sol&quot;&lt;\/a&gt;\"><h3 class='av_iconlist_title iconlist_title  av_inherit_color'  itemprop=\"headline\" ><a href='https:\/\/www.aufildescordes-shibari.fr\/?page_id=1059' title='Ateliers &quot;Pratiquer les cordes au sol&quot;'>Ateliers \"Pratiquer les cordes au sol\"<\/a><\/h3><\/header><div class='iconlist_content av_inherit_color'  itemprop=\"text\" ><p><a href=\"https:\/\/www.aufildescordes-shibari.fr\/?page_id=1059\"><img loading=\"lazy\" decoding=\"async\" class=\"alignnone size-medium wp-image-1082\" src=\"https:\/\/www.aufildescordes-shibari.fr\/wp-content\/uploads\/2021\/07\/IMG_4822Eclaircierogneefloutee-224x300.jpg\" alt=\"\" width=\"224\" height=\"300\" srcset=\"https:\/\/www.aufildescordes-shibari.fr\/wp-content\/uploads\/2021\/07\/IMG_4822Eclaircierogneefloutee-224x300.jpg 224w, https:\/\/www.aufildescordes-shibari.fr\/wp-content\/uploads\/2021\/07\/IMG_4822Eclaircierogneefloutee-768x1030.jpg 768w, https:\/\/www.aufildescordes-shibari.fr\/wp-content\/uploads\/2021\/07\/IMG_4822Eclaircierogneefloutee-1145x1536.jpg 1145w, https:\/\/www.aufildescordes-shibari.fr\/wp-content\/uploads\/2021\/07\/IMG_4822Eclaircierogneefloutee-1526x2048.jpg 1526w, https:\/\/www.aufildescordes-shibari.fr\/wp-content\/uploads\/2021\/07\/IMG_4822Eclaircierogneefloutee-1118x1500.jpg 1118w, https:\/\/www.aufildescordes-shibari.fr\/wp-content\/uploads\/2021\/07\/IMG_4822Eclaircierogneefloutee-525x705.jpg 525w, https:\/\/www.aufildescordes-shibari.fr\/wp-content\/uploads\/2021\/07\/IMG_4822Eclaircierogneefloutee-scaled.jpg 1908w\" sizes=\"auto, (max-width: 224px) 100vw, 224px\" \/><\/a><\/p>\n<\/div><\/div><footer class=\"entry-footer\"><\/footer><\/article><div class=\"iconlist-timeline\"><\/div><\/li>\n<li><a href='https:\/\/www.aufildescordes-shibari.fr\/?page_id=3854' title='Ateliers &quot;D\u00e9buter la semi-suspension et la suspension &quot;'  class='iconlist_icon av-t1ey-b2ba4a5b8671029dd686f082c38c3b18 avia-font-entypo-fontello'><span class='iconlist-char' aria-hidden='true' data-av_icon='\ue80f' data-av_iconfont='entypo-fontello'><\/span><\/a><article class=\"article-icon-entry \"  itemscope=\"itemscope\" itemtype=\"https:\/\/schema.org\/CreativeWork\" ><div class=\"iconlist_content_wrap\"><header class=\"entry-content-header\" aria-label=\"Icon: &lt;a href=&#039;https:\/\/www.aufildescordes-shibari.fr\/?page_id=3854&#039; title=&#039;Ateliers &quot;D\u00e9buter la semi-suspension et la suspension &quot;&#039;&gt;Ateliers &quot;D\u00e9buter la semi-suspension et la suspension &quot;&lt;\/a&gt;\"><h3 class='av_iconlist_title iconlist_title  av_inherit_color'  itemprop=\"headline\" ><a href='https:\/\/www.aufildescordes-shibari.fr\/?page_id=3854' title='Ateliers &quot;D\u00e9buter la semi-suspension et la suspension &quot;'>Ateliers \"D\u00e9buter la semi-suspension et la suspension \"<\/a><\/h3><\/header><div class='iconlist_content av_inherit_color'  itemprop=\"text\" ><p><a href=\"https:\/\/www.aufildescordes-shibari.fr\/?page_id=3854\"><img loading=\"lazy\" decoding=\"async\" class=\"size-medium wp-image-3857\" src=\"https:\/\/www.aufildescordes-shibari.fr\/wp-content\/uploads\/2022\/01\/IMG_4495eclairciefloutee5-300x225.jpg\" alt=\"\" width=\"300\" height=\"225\" srcset=\"https:\/\/www.aufildescordes-shibari.fr\/wp-content\/uploads\/2022\/01\/IMG_4495eclairciefloutee5-300x225.jpg 300w, https:\/\/www.aufildescordes-shibari.fr\/wp-content\/uploads\/2022\/01\/IMG_4495eclairciefloutee5-1030x771.jpg 1030w, https:\/\/www.aufildescordes-shibari.fr\/wp-content\/uploads\/2022\/01\/IMG_4495eclairciefloutee5-768x575.jpg 768w, https:\/\/www.aufildescordes-shibari.fr\/wp-content\/uploads\/2022\/01\/IMG_4495eclairciefloutee5-1536x1150.jpg 1536w, https:\/\/www.aufildescordes-shibari.fr\/wp-content\/uploads\/2022\/01\/IMG_4495eclairciefloutee5-1500x1123.jpg 1500w, https:\/\/www.aufildescordes-shibari.fr\/wp-content\/uploads\/2022\/01\/IMG_4495eclairciefloutee5-705x528.jpg 705w, https:\/\/www.aufildescordes-shibari.fr\/wp-content\/uploads\/2022\/01\/IMG_4495eclairciefloutee5.jpg 1603w\" sizes=\"auto, (max-width: 300px) 100vw, 300px\" \/><\/a><\/p>\n<\/div><\/div><footer class=\"entry-footer\"><\/footer><\/article><div class=\"iconlist-timeline\"><\/div><\/li>\n<li><div class='iconlist_icon av-mml7x48l-6eef806a2d9566a2e56dd7752656f31d avia-font-entypo-fontello'><span class='iconlist-char' aria-hidden='true' data-av_icon='\ue80f' data-av_iconfont='entypo-fontello'><\/span><\/div><article class=\"article-icon-entry \"  itemscope=\"itemscope\" itemtype=\"https:\/\/schema.org\/CreativeWork\" ><div class=\"iconlist_content_wrap\"><header class=\"entry-content-header\" aria-label=\"Icon: &lt;a href=&#039;https:\/\/www.aufildescordes-shibari.fr\/?page_id=8667&#039; title=&#039;Ateliers &quot;Pratiquer la semi-suspension et suspension&quot;&#039;&gt;Ateliers &quot;Pratiquer la semi-suspension et suspension&quot;&lt;\/a&gt;\"><h4 class='av_iconlist_title iconlist_title  av_inherit_color'  itemprop=\"headline\" ><a href='https:\/\/www.aufildescordes-shibari.fr\/?page_id=8667' title='Ateliers &quot;Pratiquer la semi-suspension et suspension&quot;'>Ateliers \"Pratiquer la semi-suspension et suspension\"<\/a><\/h4><\/header><div class='iconlist_content av_inherit_color'  itemprop=\"text\" ><p><img loading=\"lazy\" decoding=\"async\" class=\"size-medium wp-image-8774\" src=\"https:\/\/www.aufildescordes-shibari.fr\/wp-content\/uploads\/2026\/03\/P1200513floutee-200x300.jpg\" alt=\"\" width=\"200\" height=\"300\" srcset=\"https:\/\/www.aufildescordes-shibari.fr\/wp-content\/uploads\/2026\/03\/P1200513floutee-200x300.jpg 200w, https:\/\/www.aufildescordes-shibari.fr\/wp-content\/uploads\/2026\/03\/P1200513floutee-687x1030.jpg 687w, https:\/\/www.aufildescordes-shibari.fr\/wp-content\/uploads\/2026\/03\/P1200513floutee-768x1152.jpg 768w, https:\/\/www.aufildescordes-shibari.fr\/wp-content\/uploads\/2026\/03\/P1200513floutee-1024x1536.jpg 1024w, https:\/\/www.aufildescordes-shibari.fr\/wp-content\/uploads\/2026\/03\/P1200513floutee-1365x2048.jpg 1365w, https:\/\/www.aufildescordes-shibari.fr\/wp-content\/uploads\/2026\/03\/P1200513floutee-1000x1500.jpg 1000w, https:\/\/www.aufildescordes-shibari.fr\/wp-content\/uploads\/2026\/03\/P1200513floutee-470x705.jpg 470w, https:\/\/www.aufildescordes-shibari.fr\/wp-content\/uploads\/2026\/03\/P1200513floutee-scaled.jpg 1707w\" sizes=\"auto, (max-width: 200px) 100vw, 200px\" \/><\/p>\n<\/div><\/div><footer class=\"entry-footer\"><\/footer><\/article><div class=\"iconlist-timeline\"><\/div><\/li>\n<\/ul><\/div>\n\n<style type=\"text\/css\" data-created_by=\"avia_inline_auto\" id=\"style-css-av-kv97z7t9-c2a257485ea8a39886bc22402897e2b2\">\n.av_font_icon.av-kv97z7t9-c2a257485ea8a39886bc22402897e2b2{\ncolor:#ffffff;\nborder-color:#ffffff;\n}\n.av_font_icon.av-kv97z7t9-c2a257485ea8a39886bc22402897e2b2 .av-icon-char{\nfont-size:40px;\nline-height:40px;\nwidth:40px;\n}\n<\/style>\n<span  class='av_font_icon av-kv97z7t9-c2a257485ea8a39886bc22402897e2b2 avia_animate_when_visible av-icon-style-border avia-icon-pos-center'><a href='https:\/\/www.aufildescordes-shibari.fr\/?page_id=25'   class='av-icon-char' aria-hidden='false' data-av_icon='\ue831' data-av_iconfont='entypo-fontello' ><\/a><span class='av_icon_caption av-special-font'>Retour aux galeries<\/span><\/span>\n\n","protected":false},"excerpt":{"rendered":"","protected":false},"author":3,"featured_media":0,"parent":0,"menu_order":0,"comment_status":"closed","ping_status":"closed","template":"","meta":{"_price":"","_stock":"","_tribe_ticket_header":"","_tribe_default_ticket_provider":"","_ticket_start_date":"","_ticket_end_date":"","_tribe_ticket_show_description":"","_tribe_ticket_show_not_going":false,"_tribe_ticket_use_global_stock":"","_tribe_ticket_global_stock_level":"","_global_stock_mode":"","_global_stock_cap":"","_tribe_rsvp_for_event":"","_tribe_ticket_going_count":"","_tribe_ticket_not_going_count":"","_tribe_tickets_list":"[]","_tribe_ticket_has_attendee_info_fields":false,"footnotes":"","_tec_slr_enabled":"","_tec_slr_layout":""},"class_list":["post-858","page","type-page","status-publish","hentry"],"ticketed":false,"_links":{"self":[{"href":"https:\/\/www.aufildescordes-shibari.fr\/index.php?rest_route=\/wp\/v2\/pages\/858","targetHints":{"allow":["GET"]}}],"collection":[{"href":"https:\/\/www.aufildescordes-shibari.fr\/index.php?rest_route=\/wp\/v2\/pages"}],"about":[{"href":"https:\/\/www.aufildescordes-shibari.fr\/index.php?rest_route=\/wp\/v2\/types\/page"}],"author":[{"embeddable":true,"href":"https:\/\/www.aufildescordes-shibari.fr\/index.php?rest_route=\/wp\/v2\/users\/3"}],"replies":[{"embeddable":true,"href":"https:\/\/www.aufildescordes-shibari.fr\/index.php?rest_route=%2Fwp%2Fv2%2Fcomments&post=858"}],"version-history":[{"count":116,"href":"https:\/\/www.aufildescordes-shibari.fr\/index.php?rest_route=\/wp\/v2\/pages\/858\/revisions"}],"predecessor-version":[{"id":8787,"href":"https:\/\/www.aufildescordes-shibari.fr\/index.php?rest_route=\/wp\/v2\/pages\/858\/revisions\/8787"}],"wp:attachment":[{"href":"https:\/\/www.aufildescordes-shibari.fr\/index.php?rest_route=%2Fwp%2Fv2%2Fmedia&parent=858"}],"curies":[{"name":"wp","href":"https:\/\/api.w.org\/{rel}","templated":true}]}}